{"id":2596638,"date":"2026-04-06T17:02:02","date_gmt":"2026-04-06T14:02:02","guid":{"rendered":"https:\/\/horticom.ee\/e-pood\/toode\/bio-liimsprei-kahjurite-kahjustuste-valtimiseks-compo-400ml\/"},"modified":"2026-04-08T17:01:07","modified_gmt":"2026-04-08T14:01:07","slug":"bio-liimsprei-kahjurite-kahjustuste-valtimiseks-compo-400ml","status":"publish","type":"product","link":"https:\/\/horticom.ee\/e-pood\/toode\/bio-liimsprei-kahjurite-kahjustuste-valtimiseks-compo-400ml\/","title":{"rendered":"BIO Liimsprei kahjurite kahjustuste v\u00e4ltimiseks Compo 400ml"},"content":{"rendered":"<p>COMPO BIO liimisprei hoiab \u00e4ra puu- ja ilupuude kahjustused, mida tekitavad m\u00f6\u00f6da t\u00fcve \u00fcles roomavad putukad nagu sipelgad ja teised r\u00f6\u00f6vikud. Kasutusvalmis spreid v\u00f5ib kanda otse t\u00fcvele kui ka k\u00f5ikv\u00f5imalikele p\u00fc\u00fcnistele (nt r\u00f5ngastele). Kahjurid kleepuvad insektitsiidivaba liimi k\u00fclge.<\/p>\n","protected":false},"excerpt":{"rendered":"<p>COMPO BIO liimisprei hoiab \u00e4ra puu- ja ilupuude kahjustused, mida tekitavad m\u00f6\u00f6da t\u00fcve \u00fcles roomavad putukad nagu sipelgad ja teised r\u00f6\u00f6vikud. Kasutusvalmis spreid v\u00f5ib kanda otse t\u00fcvele kui ka k\u00f5ikv\u00f5imalikele p\u00fc\u00fcnistele (nt r\u00f5ngastele). Kahjurid kleepuvad insektitsiidivaba liimi k\u00fclge.<\/p>\n","protected":false},"featured_media":2596665,"comment_status":"closed","ping_status":"closed","template":"","meta":{"_themeisle_gutenberg_block_has_review":false},"product_cat":[18340],"product_tag":[],"class_list":{"0":"post-2596638","1":"product","2":"type-product","3":"status-publish","4":"has-post-thumbnail","6":"product_cat-tuve-kaitsevahendid","8":"first","9":"instock","10":"shipping-taxable","11":"purchasable","12":"product-type-simple"},"yoast_head":"<!-- This site is optimized with the Yoast SEO plugin v24.0 - https:\/\/yoast.com\/wordpress\/plugins\/seo\/ -->\n<title>BIO Liimsprei kahjurite kahjustuste v\u00e4ltimiseks Compo 400ml - Horticom<\/title>\n<meta name=\"robots\" content=\"index, follow, max-snippet:-1, max-image-preview:large, max-video-preview:-1\" \/>\n<link rel=\"canonical\" href=\"https:\/\/horticom.ee\/e-pood\/toode\/bio-liimsprei-kahjurite-kahjustuste-valtimiseks-compo-400ml\/\" \/>\n<meta property=\"og:locale\" content=\"et_EE\" \/>\n<meta property=\"og:type\" content=\"article\" \/>\n<meta property=\"og:title\" content=\"BIO Liimsprei kahjurite kahjustuste v\u00e4ltimiseks Compo 400ml - Horticom\" \/>\n<meta property=\"og:description\" content=\"COMPO BIO liimisprei hoiab \u00e4ra puu- ja ilupuude kahjustused, mida tekitavad m\u00f6\u00f6da t\u00fcve \u00fcles roomavad putukad nagu sipelgad ja teised r\u00f6\u00f6vikud. Kasutusvalmis spreid v\u00f5ib kanda otse t\u00fcvele kui ka k\u00f5ikv\u00f5imalikele p\u00fc\u00fcnistele (nt r\u00f5ngastele). Kahjurid kleepuvad insektitsiidivaba liimi k\u00fclge.\" \/>\n<meta property=\"og:url\" content=\"https:\/\/horticom.ee\/e-pood\/toode\/bio-liimsprei-kahjurite-kahjustuste-valtimiseks-compo-400ml\/\" \/>\n<meta property=\"og:site_name\" content=\"Horticom.ee\" \/>\n<meta property=\"article:publisher\" content=\"https:\/\/www.facebook.com\/horticom.ee\/e-pood\" \/>\n<meta property=\"article:modified_time\" content=\"2026-04-08T14:01:07+00:00\" \/>\n<meta property=\"og:image\" content=\"https:\/\/horticom.ee\/e-pood\/wp-content\/uploads\/importedmedia\/product_2596638_0_6701613.jpg\" \/>\n\t<meta property=\"og:image:width\" content=\"1000\" \/>\n\t<meta property=\"og:image:height\" content=\"1000\" \/>\n\t<meta property=\"og:image:type\" content=\"image\/jpeg\" \/>\n<meta name=\"twitter:card\" content=\"summary_large_image\" \/>\n<script type=\"application\/ld+json\" class=\"yoast-schema-graph\">{\"@context\":\"https:\/\/schema.org\",\"@graph\":[{\"@type\":\"WebPage\",\"@id\":\"https:\/\/horticom.ee\/e-pood\/toode\/bio-liimsprei-kahjurite-kahjustuste-valtimiseks-compo-400ml\/\",\"url\":\"https:\/\/horticom.ee\/e-pood\/toode\/bio-liimsprei-kahjurite-kahjustuste-valtimiseks-compo-400ml\/\",\"name\":\"BIO Liimsprei kahjurite kahjustuste v\u00e4ltimiseks Compo 400ml - Horticom\",\"isPartOf\":{\"@id\":\"https:\/\/horticom.ee\/e-pood\/#website\"},\"primaryImageOfPage\":{\"@id\":\"https:\/\/horticom.ee\/e-pood\/toode\/bio-liimsprei-kahjurite-kahjustuste-valtimiseks-compo-400ml\/#primaryimage\"},\"image\":{\"@id\":\"https:\/\/horticom.ee\/e-pood\/toode\/bio-liimsprei-kahjurite-kahjustuste-valtimiseks-compo-400ml\/#primaryimage\"},\"thumbnailUrl\":\"https:\/\/horticom.ee\/e-pood\/wp-content\/uploads\/importedmedia\/product_2596638_0_6701613.jpg\",\"datePublished\":\"2026-04-06T14:02:02+00:00\",\"dateModified\":\"2026-04-08T14:01:07+00:00\",\"breadcrumb\":{\"@id\":\"https:\/\/horticom.ee\/e-pood\/toode\/bio-liimsprei-kahjurite-kahjustuste-valtimiseks-compo-400ml\/#breadcrumb\"},\"inLanguage\":\"et\",\"potentialAction\":[{\"@type\":\"ReadAction\",\"target\":[\"https:\/\/horticom.ee\/e-pood\/toode\/bio-liimsprei-kahjurite-kahjustuste-valtimiseks-compo-400ml\/\"]}]},{\"@type\":\"ImageObject\",\"inLanguage\":\"et\",\"@id\":\"https:\/\/horticom.ee\/e-pood\/toode\/bio-liimsprei-kahjurite-kahjustuste-valtimiseks-compo-400ml\/#primaryimage\",\"url\":\"https:\/\/horticom.ee\/e-pood\/wp-content\/uploads\/importedmedia\/product_2596638_0_6701613.jpg\",\"contentUrl\":\"https:\/\/horticom.ee\/e-pood\/wp-content\/uploads\/importedmedia\/product_2596638_0_6701613.jpg\",\"width\":1000,\"height\":1000},{\"@type\":\"BreadcrumbList\",\"@id\":\"https:\/\/horticom.ee\/e-pood\/toode\/bio-liimsprei-kahjurite-kahjustuste-valtimiseks-compo-400ml\/#breadcrumb\",\"itemListElement\":[{\"@type\":\"ListItem\",\"position\":1,\"name\":\"Home\",\"item\":\"https:\/\/horticom.ee\/e-pood\/\"},{\"@type\":\"ListItem\",\"position\":2,\"name\":\"Pood\",\"item\":\"https:\/\/horticom.ee\/e-pood\/pood\/\"},{\"@type\":\"ListItem\",\"position\":3,\"name\":\"BIO Liimsprei kahjurite kahjustuste v\u00e4ltimiseks Compo 400ml\"}]},{\"@type\":\"WebSite\",\"@id\":\"https:\/\/horticom.ee\/e-pood\/#website\",\"url\":\"https:\/\/horticom.ee\/e-pood\/\",\"name\":\"Horticom.ee\",\"description\":\"Aianduskaubad ja kodukaubad nii harrastajatele kui professionaalidele\",\"potentialAction\":[{\"@type\":\"SearchAction\",\"target\":{\"@type\":\"EntryPoint\",\"urlTemplate\":\"https:\/\/horticom.ee\/e-pood\/?s={search_term_string}\"},\"query-input\":{\"@type\":\"PropertyValueSpecification\",\"valueRequired\":true,\"valueName\":\"search_term_string\"}}],\"inLanguage\":\"et\"}]}<\/script>\n<!-- \/ Yoast SEO plugin. -->","yoast_head_json":{"title":"BIO Liimsprei kahjurite kahjustuste v\u00e4ltimiseks Compo 400ml - Horticom","robots":{"index":"index","follow":"follow","max-snippet":"max-snippet:-1","max-image-preview":"max-image-preview:large","max-video-preview":"max-video-preview:-1"},"canonical":"https:\/\/horticom.ee\/e-pood\/toode\/bio-liimsprei-kahjurite-kahjustuste-valtimiseks-compo-400ml\/","og_locale":"et_EE","og_type":"article","og_title":"BIO Liimsprei kahjurite kahjustuste v\u00e4ltimiseks Compo 400ml - Horticom","og_description":"COMPO BIO liimisprei hoiab \u00e4ra puu- ja ilupuude kahjustused, mida tekitavad m\u00f6\u00f6da t\u00fcve \u00fcles roomavad putukad nagu sipelgad ja teised r\u00f6\u00f6vikud. Kasutusvalmis spreid v\u00f5ib kanda otse t\u00fcvele kui ka k\u00f5ikv\u00f5imalikele p\u00fc\u00fcnistele (nt r\u00f5ngastele). Kahjurid kleepuvad insektitsiidivaba liimi k\u00fclge.","og_url":"https:\/\/horticom.ee\/e-pood\/toode\/bio-liimsprei-kahjurite-kahjustuste-valtimiseks-compo-400ml\/","og_site_name":"Horticom.ee","article_publisher":"https:\/\/www.facebook.com\/horticom.ee\/e-pood","article_modified_time":"2026-04-08T14:01:07+00:00","og_image":[{"width":1000,"height":1000,"url":"https:\/\/horticom.ee\/e-pood\/wp-content\/uploads\/importedmedia\/product_2596638_0_6701613.jpg","type":"image\/jpeg"}],"twitter_card":"summary_large_image","schema":{"@context":"https:\/\/schema.org","@graph":[{"@type":"WebPage","@id":"https:\/\/horticom.ee\/e-pood\/toode\/bio-liimsprei-kahjurite-kahjustuste-valtimiseks-compo-400ml\/","url":"https:\/\/horticom.ee\/e-pood\/toode\/bio-liimsprei-kahjurite-kahjustuste-valtimiseks-compo-400ml\/","name":"BIO Liimsprei kahjurite kahjustuste v\u00e4ltimiseks Compo 400ml - Horticom","isPartOf":{"@id":"https:\/\/horticom.ee\/e-pood\/#website"},"primaryImageOfPage":{"@id":"https:\/\/horticom.ee\/e-pood\/toode\/bio-liimsprei-kahjurite-kahjustuste-valtimiseks-compo-400ml\/#primaryimage"},"image":{"@id":"https:\/\/horticom.ee\/e-pood\/toode\/bio-liimsprei-kahjurite-kahjustuste-valtimiseks-compo-400ml\/#primaryimage"},"thumbnailUrl":"https:\/\/horticom.ee\/e-pood\/wp-content\/uploads\/importedmedia\/product_2596638_0_6701613.jpg","datePublished":"2026-04-06T14:02:02+00:00","dateModified":"2026-04-08T14:01:07+00:00","breadcrumb":{"@id":"https:\/\/horticom.ee\/e-pood\/toode\/bio-liimsprei-kahjurite-kahjustuste-valtimiseks-compo-400ml\/#breadcrumb"},"inLanguage":"et","potentialAction":[{"@type":"ReadAction","target":["https:\/\/horticom.ee\/e-pood\/toode\/bio-liimsprei-kahjurite-kahjustuste-valtimiseks-compo-400ml\/"]}]},{"@type":"ImageObject","inLanguage":"et","@id":"https:\/\/horticom.ee\/e-pood\/toode\/bio-liimsprei-kahjurite-kahjustuste-valtimiseks-compo-400ml\/#primaryimage","url":"https:\/\/horticom.ee\/e-pood\/wp-content\/uploads\/importedmedia\/product_2596638_0_6701613.jpg","contentUrl":"https:\/\/horticom.ee\/e-pood\/wp-content\/uploads\/importedmedia\/product_2596638_0_6701613.jpg","width":1000,"height":1000},{"@type":"BreadcrumbList","@id":"https:\/\/horticom.ee\/e-pood\/toode\/bio-liimsprei-kahjurite-kahjustuste-valtimiseks-compo-400ml\/#breadcrumb","itemListElement":[{"@type":"ListItem","position":1,"name":"Home","item":"https:\/\/horticom.ee\/e-pood\/"},{"@type":"ListItem","position":2,"name":"Pood","item":"https:\/\/horticom.ee\/e-pood\/pood\/"},{"@type":"ListItem","position":3,"name":"BIO Liimsprei kahjurite kahjustuste v\u00e4ltimiseks Compo 400ml"}]},{"@type":"WebSite","@id":"https:\/\/horticom.ee\/e-pood\/#website","url":"https:\/\/horticom.ee\/e-pood\/","name":"Horticom.ee","description":"Aianduskaubad ja kodukaubad nii harrastajatele kui professionaalidele","potentialAction":[{"@type":"SearchAction","target":{"@type":"EntryPoint","urlTemplate":"https:\/\/horticom.ee\/e-pood\/?s={search_term_string}"},"query-input":{"@type":"PropertyValueSpecification","valueRequired":true,"valueName":"search_term_string"}}],"inLanguage":"et"}]}},"_links":{"self":[{"href":"https:\/\/horticom.ee\/e-pood\/wp-json\/wp\/v2\/product\/2596638","targetHints":{"allow":["GET"]}}],"collection":[{"href":"https:\/\/horticom.ee\/e-pood\/wp-json\/wp\/v2\/product"}],"about":[{"href":"https:\/\/horticom.ee\/e-pood\/wp-json\/wp\/v2\/types\/product"}],"replies":[{"embeddable":true,"href":"https:\/\/horticom.ee\/e-pood\/wp-json\/wp\/v2\/comments?post=2596638"}],"wp:featuredmedia":[{"embeddable":true,"href":"https:\/\/horticom.ee\/e-pood\/wp-json\/wp\/v2\/media\/2596665"}],"wp:attachment":[{"href":"https:\/\/horticom.ee\/e-pood\/wp-json\/wp\/v2\/media?parent=2596638"}],"wp:term":[{"taxonomy":"product_cat","embeddable":true,"href":"https:\/\/horticom.ee\/e-pood\/wp-json\/wp\/v2\/product_cat?post=2596638"},{"taxonomy":"product_tag","embeddable":true,"href":"https:\/\/horticom.ee\/e-pood\/wp-json\/wp\/v2\/product_tag?post=2596638"}],"curies":[{"name":"wp","href":"https:\/\/api.w.org\/{rel}","templated":true}]}}