{"id":2598108,"date":"2026-04-08T06:00:53","date_gmt":"2026-04-08T03:00:53","guid":{"rendered":"https:\/\/horticom.ee\/e-pood\/toode\/tulp-estella-rijnveld-5tk-c\/"},"modified":"2026-04-08T06:00:53","modified_gmt":"2026-04-08T03:00:53","slug":"tulp-estella-rijnveld-5tk-c","status":"publish","type":"product","link":"https:\/\/horticom.ee\/e-pood\/toode\/tulp-estella-rijnveld-5tk-c\/","title":{"rendered":"Tulp Estella Rijnveld 5tk C"},"content":{"rendered":"<p>Tulp Estella Rijnveld on kreemjas valge, vaarika punase v\u00e4rvusega kaunid tulbid. Kasvukohaks  eelistab p\u00e4ikselist v\u00f5i poolvarjulist kohta. Istutada sibulad 8-10cm s\u00fcgavusele maapinda ja 15cm istutus vahedega. Sobivaim mahapanekuaeg on september, kuid olenevalt ilmastikust v\u00f5ib ka oktoobri l\u00f5pus. Lillesibulate \u00fcldine istutamise reegel on, et nad peaksid saama mulda 6 n\u00e4dalat enne pinnase p\u00fcsivat k\u00fclmumist. P\u00e4ikeseline kasvukoht ja viljakas, kerge, neutraalne kuni kergelt aluseline v\u00f5i happeline liivmuld meeldivad tulpidele enim. T\u00e4htis on ka vee hea l\u00e4bilaskvus, et sibulad m\u00e4danema ei l\u00e4heks. Istutada kolme sibula k\u00f5rguse s\u00fcgavusele. Umbes n\u00e4dal enne \u00f5itsemist tahavad nad juua, nii-et kui vihma pole, tuleks neid kasta ja hoida siis neid niiskuses veel paar-kolm n\u00e4dalat, see\u00e4rel v\u00f5ib nad rahule j\u00e4tta. Tulbid vajavad k\u00fclmaperioodi, nad hakkavad kasvama juba s\u00fcgisel. T\u00f5usmed kannatavad kuni  -15 kraadist k\u00fclma, kui \u00f5ied on m\u00e4rksa k\u00fclmakartlikumad. Lille k\u00f5rguseks on 50cm.<\/p>\n","protected":false},"excerpt":{"rendered":"<p>Tulp Estella Rijnveld on kreemjas valge, vaarika punase v\u00e4rvusega kaunid tulbid. Kasvukohaks eelistab p\u00e4ikselist v\u00f5i poolvarjulist kohta. Istutada sibulad 8-10cm s\u00fcgavusele maapinda ja 15cm istutus vahedega. Sobivaim mahapanekuaeg on september, kuid olenevalt ilmastikust v\u00f5ib ka oktoobri l\u00f5pus. Lillesibulate \u00fcldine istutamise reegel on, et nad peaksid saama mulda 6 n\u00e4dalat enne pinnase p\u00fcsivat k\u00fclmumist. P\u00e4ikeseline kasvukoht [&hellip;]<\/p>\n","protected":false},"featured_media":0,"comment_status":"closed","ping_status":"closed","template":"","meta":{"_themeisle_gutenberg_block_has_review":false},"product_cat":[18335],"product_tag":[],"class_list":{"0":"post-2598108","1":"product","2":"type-product","3":"status-publish","5":"product_cat-tulp","7":"first","8":"outofstock","9":"sale","10":"shipping-taxable","11":"purchasable","12":"product-type-simple"},"yoast_head":"<!-- This site is optimized with the Yoast SEO plugin v24.0 - https:\/\/yoast.com\/wordpress\/plugins\/seo\/ -->\n<title>Tulp Estella Rijnveld 5tk C - Horticom<\/title>\n<meta name=\"robots\" content=\"index, follow, max-snippet:-1, max-image-preview:large, max-video-preview:-1\" \/>\n<link rel=\"canonical\" href=\"https:\/\/horticom.ee\/e-pood\/toode\/tulp-estella-rijnveld-5tk-c\/\" \/>\n<meta property=\"og:locale\" content=\"et_EE\" \/>\n<meta property=\"og:type\" content=\"article\" \/>\n<meta property=\"og:title\" content=\"Tulp Estella Rijnveld 5tk C - Horticom\" \/>\n<meta property=\"og:description\" content=\"Tulp Estella Rijnveld on kreemjas valge, vaarika punase v\u00e4rvusega kaunid tulbid. Kasvukohaks eelistab p\u00e4ikselist v\u00f5i poolvarjulist kohta. Istutada sibulad 8-10cm s\u00fcgavusele maapinda ja 15cm istutus vahedega. Sobivaim mahapanekuaeg on september, kuid olenevalt ilmastikust v\u00f5ib ka oktoobri l\u00f5pus. Lillesibulate \u00fcldine istutamise reegel on, et nad peaksid saama mulda 6 n\u00e4dalat enne pinnase p\u00fcsivat k\u00fclmumist. P\u00e4ikeseline kasvukoht [&hellip;]\" \/>\n<meta property=\"og:url\" content=\"https:\/\/horticom.ee\/e-pood\/toode\/tulp-estella-rijnveld-5tk-c\/\" \/>\n<meta property=\"og:site_name\" content=\"Horticom.ee\" \/>\n<meta property=\"article:publisher\" content=\"https:\/\/www.facebook.com\/horticom.ee\/e-pood\" \/>\n<meta name=\"twitter:card\" content=\"summary_large_image\" \/>\n<meta name=\"twitter:label1\" content=\"Est. reading time\" \/>\n\t<meta name=\"twitter:data1\" content=\"1 minut\" \/>\n<script type=\"application\/ld+json\" class=\"yoast-schema-graph\">{\"@context\":\"https:\/\/schema.org\",\"@graph\":[{\"@type\":\"WebPage\",\"@id\":\"https:\/\/horticom.ee\/e-pood\/toode\/tulp-estella-rijnveld-5tk-c\/\",\"url\":\"https:\/\/horticom.ee\/e-pood\/toode\/tulp-estella-rijnveld-5tk-c\/\",\"name\":\"Tulp Estella Rijnveld 5tk C - Horticom\",\"isPartOf\":{\"@id\":\"https:\/\/horticom.ee\/e-pood\/#website\"},\"datePublished\":\"2026-04-08T03:00:53+00:00\",\"dateModified\":\"2026-04-08T03:00:53+00:00\",\"breadcrumb\":{\"@id\":\"https:\/\/horticom.ee\/e-pood\/toode\/tulp-estella-rijnveld-5tk-c\/#breadcrumb\"},\"inLanguage\":\"et\",\"potentialAction\":[{\"@type\":\"ReadAction\",\"target\":[\"https:\/\/horticom.ee\/e-pood\/toode\/tulp-estella-rijnveld-5tk-c\/\"]}]},{\"@type\":\"BreadcrumbList\",\"@id\":\"https:\/\/horticom.ee\/e-pood\/toode\/tulp-estella-rijnveld-5tk-c\/#breadcrumb\",\"itemListElement\":[{\"@type\":\"ListItem\",\"position\":1,\"name\":\"Home\",\"item\":\"https:\/\/horticom.ee\/e-pood\/\"},{\"@type\":\"ListItem\",\"position\":2,\"name\":\"Pood\",\"item\":\"https:\/\/horticom.ee\/e-pood\/pood\/\"},{\"@type\":\"ListItem\",\"position\":3,\"name\":\"Tulp Estella Rijnveld 5tk C\"}]},{\"@type\":\"WebSite\",\"@id\":\"https:\/\/horticom.ee\/e-pood\/#website\",\"url\":\"https:\/\/horticom.ee\/e-pood\/\",\"name\":\"Horticom.ee\",\"description\":\"Aianduskaubad ja kodukaubad nii harrastajatele kui professionaalidele\",\"potentialAction\":[{\"@type\":\"SearchAction\",\"target\":{\"@type\":\"EntryPoint\",\"urlTemplate\":\"https:\/\/horticom.ee\/e-pood\/?s={search_term_string}\"},\"query-input\":{\"@type\":\"PropertyValueSpecification\",\"valueRequired\":true,\"valueName\":\"search_term_string\"}}],\"inLanguage\":\"et\"}]}<\/script>\n<!-- \/ Yoast SEO plugin. -->","yoast_head_json":{"title":"Tulp Estella Rijnveld 5tk C - Horticom","robots":{"index":"index","follow":"follow","max-snippet":"max-snippet:-1","max-image-preview":"max-image-preview:large","max-video-preview":"max-video-preview:-1"},"canonical":"https:\/\/horticom.ee\/e-pood\/toode\/tulp-estella-rijnveld-5tk-c\/","og_locale":"et_EE","og_type":"article","og_title":"Tulp Estella Rijnveld 5tk C - Horticom","og_description":"Tulp Estella Rijnveld on kreemjas valge, vaarika punase v\u00e4rvusega kaunid tulbid. Kasvukohaks eelistab p\u00e4ikselist v\u00f5i poolvarjulist kohta. Istutada sibulad 8-10cm s\u00fcgavusele maapinda ja 15cm istutus vahedega. Sobivaim mahapanekuaeg on september, kuid olenevalt ilmastikust v\u00f5ib ka oktoobri l\u00f5pus. Lillesibulate \u00fcldine istutamise reegel on, et nad peaksid saama mulda 6 n\u00e4dalat enne pinnase p\u00fcsivat k\u00fclmumist. P\u00e4ikeseline kasvukoht [&hellip;]","og_url":"https:\/\/horticom.ee\/e-pood\/toode\/tulp-estella-rijnveld-5tk-c\/","og_site_name":"Horticom.ee","article_publisher":"https:\/\/www.facebook.com\/horticom.ee\/e-pood","twitter_card":"summary_large_image","twitter_misc":{"Est. reading time":"1 minut"},"schema":{"@context":"https:\/\/schema.org","@graph":[{"@type":"WebPage","@id":"https:\/\/horticom.ee\/e-pood\/toode\/tulp-estella-rijnveld-5tk-c\/","url":"https:\/\/horticom.ee\/e-pood\/toode\/tulp-estella-rijnveld-5tk-c\/","name":"Tulp Estella Rijnveld 5tk C - Horticom","isPartOf":{"@id":"https:\/\/horticom.ee\/e-pood\/#website"},"datePublished":"2026-04-08T03:00:53+00:00","dateModified":"2026-04-08T03:00:53+00:00","breadcrumb":{"@id":"https:\/\/horticom.ee\/e-pood\/toode\/tulp-estella-rijnveld-5tk-c\/#breadcrumb"},"inLanguage":"et","potentialAction":[{"@type":"ReadAction","target":["https:\/\/horticom.ee\/e-pood\/toode\/tulp-estella-rijnveld-5tk-c\/"]}]},{"@type":"BreadcrumbList","@id":"https:\/\/horticom.ee\/e-pood\/toode\/tulp-estella-rijnveld-5tk-c\/#breadcrumb","itemListElement":[{"@type":"ListItem","position":1,"name":"Home","item":"https:\/\/horticom.ee\/e-pood\/"},{"@type":"ListItem","position":2,"name":"Pood","item":"https:\/\/horticom.ee\/e-pood\/pood\/"},{"@type":"ListItem","position":3,"name":"Tulp Estella Rijnveld 5tk C"}]},{"@type":"WebSite","@id":"https:\/\/horticom.ee\/e-pood\/#website","url":"https:\/\/horticom.ee\/e-pood\/","name":"Horticom.ee","description":"Aianduskaubad ja kodukaubad nii harrastajatele kui professionaalidele","potentialAction":[{"@type":"SearchAction","target":{"@type":"EntryPoint","urlTemplate":"https:\/\/horticom.ee\/e-pood\/?s={search_term_string}"},"query-input":{"@type":"PropertyValueSpecification","valueRequired":true,"valueName":"search_term_string"}}],"inLanguage":"et"}]}},"_links":{"self":[{"href":"https:\/\/horticom.ee\/e-pood\/wp-json\/wp\/v2\/product\/2598108","targetHints":{"allow":["GET"]}}],"collection":[{"href":"https:\/\/horticom.ee\/e-pood\/wp-json\/wp\/v2\/product"}],"about":[{"href":"https:\/\/horticom.ee\/e-pood\/wp-json\/wp\/v2\/types\/product"}],"replies":[{"embeddable":true,"href":"https:\/\/horticom.ee\/e-pood\/wp-json\/wp\/v2\/comments?post=2598108"}],"wp:attachment":[{"href":"https:\/\/horticom.ee\/e-pood\/wp-json\/wp\/v2\/media?parent=2598108"}],"wp:term":[{"taxonomy":"product_cat","embeddable":true,"href":"https:\/\/horticom.ee\/e-pood\/wp-json\/wp\/v2\/product_cat?post=2598108"},{"taxonomy":"product_tag","embeddable":true,"href":"https:\/\/horticom.ee\/e-pood\/wp-json\/wp\/v2\/product_tag?post=2598108"}],"curies":[{"name":"wp","href":"https:\/\/api.w.org\/{rel}","templated":true}]}}