{"id":2598225,"date":"2026-04-08T06:01:17","date_gmt":"2026-04-08T03:01:17","guid":{"rendered":"https:\/\/horticom.ee\/e-pood\/toode\/nartsiss-butterfly-mix-5tk-c\/"},"modified":"2026-04-08T06:01:17","modified_gmt":"2026-04-08T03:01:17","slug":"nartsiss-butterfly-mix-5tk-c","status":"publish","type":"product","link":"https:\/\/horticom.ee\/e-pood\/toode\/nartsiss-butterfly-mix-5tk-c\/","title":{"rendered":"Nartsiss Butterfly Mix 5tk C"},"content":{"rendered":"<p>Nartsiss Butterfly Mix on kaunite topelt \u00f5itega, mis on roosade ja aprikoosi tooni v\u00e4rvides. Hiline poolvarjulise kasvukoha taim. Eelistavad kerget varju ja niiskust, ka \u00f5huniiskust. Kasvuajal soovib eriti niisket pinnast, isegi suvel ei talu t\u00e4ielikku l\u00e4bikuivamist. Nende sibulate v\u00e4ljakaevamise, puhastamise ja jagamise j\u00e4rgselt pannakse nad kohe mulda tagasi. Neid ei tohi kuivatada ega kuivalt hoida. Nartsissid istutatakse maha augusti l\u00f5pp \u2013 september. Sibulatele j\u00e4ta vahekauguseks 5-10 cm ja istutuss\u00fcgavuseks kolmekordne sibulak\u00f5rgus (10-15 cm s\u00fcgavusele). Nartsissid \u00f5itsevad mai l\u00f5pul &#8211; juuni algupoolel. Lill kasvab kuni 40cm k\u00f5rguseks.<\/p>\n","protected":false},"excerpt":{"rendered":"<p>Nartsiss Butterfly Mix on kaunite topelt \u00f5itega, mis on roosade ja aprikoosi tooni v\u00e4rvides. Hiline poolvarjulise kasvukoha taim. Eelistavad kerget varju ja niiskust, ka \u00f5huniiskust. Kasvuajal soovib eriti niisket pinnast, isegi suvel ei talu t\u00e4ielikku l\u00e4bikuivamist. Nende sibulate v\u00e4ljakaevamise, puhastamise ja jagamise j\u00e4rgselt pannakse nad kohe mulda tagasi. Neid ei tohi kuivatada ega kuivalt hoida. [&hellip;]<\/p>\n","protected":false},"featured_media":0,"comment_status":"closed","ping_status":"closed","template":"","meta":{"_themeisle_gutenberg_block_has_review":false},"product_cat":[18333,13548],"product_tag":[],"class_list":{"0":"post-2598225","1":"product","2":"type-product","3":"status-publish","5":"product_cat-nartsiss-sibullilled","6":"product_cat-sibullilled-koduaeda","8":"first","9":"outofstock","10":"sale","11":"shipping-taxable","12":"purchasable","13":"product-type-simple"},"yoast_head":"<!-- This site is optimized with the Yoast SEO plugin v24.0 - https:\/\/yoast.com\/wordpress\/plugins\/seo\/ -->\n<title>Nartsiss Butterfly Mix 5tk C - Horticom<\/title>\n<meta name=\"robots\" content=\"index, follow, max-snippet:-1, max-image-preview:large, max-video-preview:-1\" \/>\n<link rel=\"canonical\" href=\"https:\/\/horticom.ee\/e-pood\/toode\/nartsiss-butterfly-mix-5tk-c\/\" \/>\n<meta property=\"og:locale\" content=\"et_EE\" \/>\n<meta property=\"og:type\" content=\"article\" \/>\n<meta property=\"og:title\" content=\"Nartsiss Butterfly Mix 5tk C - Horticom\" \/>\n<meta property=\"og:description\" content=\"Nartsiss Butterfly Mix on kaunite topelt \u00f5itega, mis on roosade ja aprikoosi tooni v\u00e4rvides. Hiline poolvarjulise kasvukoha taim. Eelistavad kerget varju ja niiskust, ka \u00f5huniiskust. Kasvuajal soovib eriti niisket pinnast, isegi suvel ei talu t\u00e4ielikku l\u00e4bikuivamist. Nende sibulate v\u00e4ljakaevamise, puhastamise ja jagamise j\u00e4rgselt pannakse nad kohe mulda tagasi. Neid ei tohi kuivatada ega kuivalt hoida. [&hellip;]\" \/>\n<meta property=\"og:url\" content=\"https:\/\/horticom.ee\/e-pood\/toode\/nartsiss-butterfly-mix-5tk-c\/\" \/>\n<meta property=\"og:site_name\" content=\"Horticom.ee\" \/>\n<meta property=\"article:publisher\" content=\"https:\/\/www.facebook.com\/horticom.ee\/e-pood\" \/>\n<meta name=\"twitter:card\" content=\"summary_large_image\" \/>\n<script type=\"application\/ld+json\" class=\"yoast-schema-graph\">{\"@context\":\"https:\/\/schema.org\",\"@graph\":[{\"@type\":\"WebPage\",\"@id\":\"https:\/\/horticom.ee\/e-pood\/toode\/nartsiss-butterfly-mix-5tk-c\/\",\"url\":\"https:\/\/horticom.ee\/e-pood\/toode\/nartsiss-butterfly-mix-5tk-c\/\",\"name\":\"Nartsiss Butterfly Mix 5tk C - Horticom\",\"isPartOf\":{\"@id\":\"https:\/\/horticom.ee\/e-pood\/#website\"},\"datePublished\":\"2026-04-08T03:01:17+00:00\",\"dateModified\":\"2026-04-08T03:01:17+00:00\",\"breadcrumb\":{\"@id\":\"https:\/\/horticom.ee\/e-pood\/toode\/nartsiss-butterfly-mix-5tk-c\/#breadcrumb\"},\"inLanguage\":\"et\",\"potentialAction\":[{\"@type\":\"ReadAction\",\"target\":[\"https:\/\/horticom.ee\/e-pood\/toode\/nartsiss-butterfly-mix-5tk-c\/\"]}]},{\"@type\":\"BreadcrumbList\",\"@id\":\"https:\/\/horticom.ee\/e-pood\/toode\/nartsiss-butterfly-mix-5tk-c\/#breadcrumb\",\"itemListElement\":[{\"@type\":\"ListItem\",\"position\":1,\"name\":\"Home\",\"item\":\"https:\/\/horticom.ee\/e-pood\/\"},{\"@type\":\"ListItem\",\"position\":2,\"name\":\"Pood\",\"item\":\"https:\/\/horticom.ee\/e-pood\/pood\/\"},{\"@type\":\"ListItem\",\"position\":3,\"name\":\"Nartsiss Butterfly Mix 5tk C\"}]},{\"@type\":\"WebSite\",\"@id\":\"https:\/\/horticom.ee\/e-pood\/#website\",\"url\":\"https:\/\/horticom.ee\/e-pood\/\",\"name\":\"Horticom.ee\",\"description\":\"Aianduskaubad ja kodukaubad nii harrastajatele kui professionaalidele\",\"potentialAction\":[{\"@type\":\"SearchAction\",\"target\":{\"@type\":\"EntryPoint\",\"urlTemplate\":\"https:\/\/horticom.ee\/e-pood\/?s={search_term_string}\"},\"query-input\":{\"@type\":\"PropertyValueSpecification\",\"valueRequired\":true,\"valueName\":\"search_term_string\"}}],\"inLanguage\":\"et\"}]}<\/script>\n<!-- \/ Yoast SEO plugin. -->","yoast_head_json":{"title":"Nartsiss Butterfly Mix 5tk C - Horticom","robots":{"index":"index","follow":"follow","max-snippet":"max-snippet:-1","max-image-preview":"max-image-preview:large","max-video-preview":"max-video-preview:-1"},"canonical":"https:\/\/horticom.ee\/e-pood\/toode\/nartsiss-butterfly-mix-5tk-c\/","og_locale":"et_EE","og_type":"article","og_title":"Nartsiss Butterfly Mix 5tk C - Horticom","og_description":"Nartsiss Butterfly Mix on kaunite topelt \u00f5itega, mis on roosade ja aprikoosi tooni v\u00e4rvides. Hiline poolvarjulise kasvukoha taim. Eelistavad kerget varju ja niiskust, ka \u00f5huniiskust. Kasvuajal soovib eriti niisket pinnast, isegi suvel ei talu t\u00e4ielikku l\u00e4bikuivamist. Nende sibulate v\u00e4ljakaevamise, puhastamise ja jagamise j\u00e4rgselt pannakse nad kohe mulda tagasi. Neid ei tohi kuivatada ega kuivalt hoida. [&hellip;]","og_url":"https:\/\/horticom.ee\/e-pood\/toode\/nartsiss-butterfly-mix-5tk-c\/","og_site_name":"Horticom.ee","article_publisher":"https:\/\/www.facebook.com\/horticom.ee\/e-pood","twitter_card":"summary_large_image","schema":{"@context":"https:\/\/schema.org","@graph":[{"@type":"WebPage","@id":"https:\/\/horticom.ee\/e-pood\/toode\/nartsiss-butterfly-mix-5tk-c\/","url":"https:\/\/horticom.ee\/e-pood\/toode\/nartsiss-butterfly-mix-5tk-c\/","name":"Nartsiss Butterfly Mix 5tk C - Horticom","isPartOf":{"@id":"https:\/\/horticom.ee\/e-pood\/#website"},"datePublished":"2026-04-08T03:01:17+00:00","dateModified":"2026-04-08T03:01:17+00:00","breadcrumb":{"@id":"https:\/\/horticom.ee\/e-pood\/toode\/nartsiss-butterfly-mix-5tk-c\/#breadcrumb"},"inLanguage":"et","potentialAction":[{"@type":"ReadAction","target":["https:\/\/horticom.ee\/e-pood\/toode\/nartsiss-butterfly-mix-5tk-c\/"]}]},{"@type":"BreadcrumbList","@id":"https:\/\/horticom.ee\/e-pood\/toode\/nartsiss-butterfly-mix-5tk-c\/#breadcrumb","itemListElement":[{"@type":"ListItem","position":1,"name":"Home","item":"https:\/\/horticom.ee\/e-pood\/"},{"@type":"ListItem","position":2,"name":"Pood","item":"https:\/\/horticom.ee\/e-pood\/pood\/"},{"@type":"ListItem","position":3,"name":"Nartsiss Butterfly Mix 5tk C"}]},{"@type":"WebSite","@id":"https:\/\/horticom.ee\/e-pood\/#website","url":"https:\/\/horticom.ee\/e-pood\/","name":"Horticom.ee","description":"Aianduskaubad ja kodukaubad nii harrastajatele kui professionaalidele","potentialAction":[{"@type":"SearchAction","target":{"@type":"EntryPoint","urlTemplate":"https:\/\/horticom.ee\/e-pood\/?s={search_term_string}"},"query-input":{"@type":"PropertyValueSpecification","valueRequired":true,"valueName":"search_term_string"}}],"inLanguage":"et"}]}},"_links":{"self":[{"href":"https:\/\/horticom.ee\/e-pood\/wp-json\/wp\/v2\/product\/2598225","targetHints":{"allow":["GET"]}}],"collection":[{"href":"https:\/\/horticom.ee\/e-pood\/wp-json\/wp\/v2\/product"}],"about":[{"href":"https:\/\/horticom.ee\/e-pood\/wp-json\/wp\/v2\/types\/product"}],"replies":[{"embeddable":true,"href":"https:\/\/horticom.ee\/e-pood\/wp-json\/wp\/v2\/comments?post=2598225"}],"wp:attachment":[{"href":"https:\/\/horticom.ee\/e-pood\/wp-json\/wp\/v2\/media?parent=2598225"}],"wp:term":[{"taxonomy":"product_cat","embeddable":true,"href":"https:\/\/horticom.ee\/e-pood\/wp-json\/wp\/v2\/product_cat?post=2598225"},{"taxonomy":"product_tag","embeddable":true,"href":"https:\/\/horticom.ee\/e-pood\/wp-json\/wp\/v2\/product_tag?post=2598225"}],"curies":[{"name":"wp","href":"https:\/\/api.w.org\/{rel}","templated":true}]}}