{"id":2598226,"date":"2026-04-08T06:01:18","date_gmt":"2026-04-08T03:01:18","guid":{"rendered":"https:\/\/horticom.ee\/e-pood\/toode\/lauk-allium-siculum-5tk-a\/"},"modified":"2026-04-08T06:01:18","modified_gmt":"2026-04-08T03:01:18","slug":"lauk-allium-siculum-5tk-a","status":"publish","type":"product","link":"https:\/\/horticom.ee\/e-pood\/toode\/lauk-allium-siculum-5tk-a\/","title":{"rendered":"Lauk Allium Siculum 5tk A"},"content":{"rendered":"<p>Sitsiilia Mesilauk on h\u00f5re kooniline sarik\u00f5isik, milles roosaka varjundiga rohekasvalged 2cm laikellukjad nahkjad \u00f5ied rippuvad  2 -7cm pikkustel kaarjatel raagudel.  1-1,2m k\u00f5rge. \u00d5itseb hiliskevadel-suvel. Laugud on enamasti k\u00fclmakindlad, kahjuri- ja haiguskindlad ning v\u00e4hen\u00f5udlikud aiataimed, mis sobivad p\u00e4ikeselisele kasvukohale. Kasvuajal  tahaksid niiskust, kuid p\u00e4rast lehtede kuivamist, puhkeajal, kindlasti kuiva mulda, mille p\u00e4rast hea drenaa\u017e on vajalik. Ei vaja v\u00e4etamist. Enamik lauke eelistab hea drenaa\u017eiga viljakat savimulda, millele on lisatud j\u00e4medat liiva v\u00f5i kruusa. Enamik neist kasvab looduses kuivemas mullas ja t\u00e4isp\u00e4ikeses. Eelistavad neutraalset, kuid taluvad nii happelist kui ka aluselist mulda. Liiga tihedaks kasvanud sibulapesi jagatakse  iga 3-4 aasta tagant, et anda neile j\u00f5udu ja kasvuruumi. Istutatakse augustist oktoobrini 5 &#8211; 10cm, nii umbes 1,5 sibula l\u00e4bim\u00f5\u00f5du s\u00fcgavusele ja vahekaugusega umbes 15cm. Kasvab 90cm k\u00f5rguseks ja \u00f5itsemisaeg on mai &#8211; juuni.<\/p>\n","protected":false},"excerpt":{"rendered":"<p>Sitsiilia Mesilauk on h\u00f5re kooniline sarik\u00f5isik, milles roosaka varjundiga rohekasvalged 2cm laikellukjad nahkjad \u00f5ied rippuvad 2 -7cm pikkustel kaarjatel raagudel. 1-1,2m k\u00f5rge. \u00d5itseb hiliskevadel-suvel. Laugud on enamasti k\u00fclmakindlad, kahjuri- ja haiguskindlad ning v\u00e4hen\u00f5udlikud aiataimed, mis sobivad p\u00e4ikeselisele kasvukohale. Kasvuajal tahaksid niiskust, kuid p\u00e4rast lehtede kuivamist, puhkeajal, kindlasti kuiva mulda, mille p\u00e4rast hea drenaa\u017e on vajalik. [&hellip;]<\/p>\n","protected":false},"featured_media":0,"comment_status":"closed","ping_status":"closed","template":"","meta":{"_themeisle_gutenberg_block_has_review":false},"product_cat":[18331,13548],"product_tag":[],"class_list":{"0":"post-2598226","1":"product","2":"type-product","3":"status-publish","5":"product_cat-lauk-sibullilled","6":"product_cat-sibullilled-koduaeda","8":"first","9":"outofstock","10":"sale","11":"shipping-taxable","12":"purchasable","13":"product-type-simple"},"yoast_head":"<!-- This site is optimized with the Yoast SEO plugin v24.0 - https:\/\/yoast.com\/wordpress\/plugins\/seo\/ -->\n<title>Lauk Allium Siculum 5tk A - Horticom<\/title>\n<meta name=\"robots\" content=\"index, follow, max-snippet:-1, max-image-preview:large, max-video-preview:-1\" \/>\n<link rel=\"canonical\" href=\"https:\/\/horticom.ee\/e-pood\/toode\/lauk-allium-siculum-5tk-a\/\" \/>\n<meta property=\"og:locale\" content=\"et_EE\" \/>\n<meta property=\"og:type\" content=\"article\" \/>\n<meta property=\"og:title\" content=\"Lauk Allium Siculum 5tk A - Horticom\" \/>\n<meta property=\"og:description\" content=\"Sitsiilia Mesilauk on h\u00f5re kooniline sarik\u00f5isik, milles roosaka varjundiga rohekasvalged 2cm laikellukjad nahkjad \u00f5ied rippuvad 2 -7cm pikkustel kaarjatel raagudel. 1-1,2m k\u00f5rge. \u00d5itseb hiliskevadel-suvel. Laugud on enamasti k\u00fclmakindlad, kahjuri- ja haiguskindlad ning v\u00e4hen\u00f5udlikud aiataimed, mis sobivad p\u00e4ikeselisele kasvukohale. Kasvuajal tahaksid niiskust, kuid p\u00e4rast lehtede kuivamist, puhkeajal, kindlasti kuiva mulda, mille p\u00e4rast hea drenaa\u017e on vajalik. [&hellip;]\" \/>\n<meta property=\"og:url\" content=\"https:\/\/horticom.ee\/e-pood\/toode\/lauk-allium-siculum-5tk-a\/\" \/>\n<meta property=\"og:site_name\" content=\"Horticom.ee\" \/>\n<meta property=\"article:publisher\" content=\"https:\/\/www.facebook.com\/horticom.ee\/e-pood\" \/>\n<meta name=\"twitter:card\" content=\"summary_large_image\" \/>\n<meta name=\"twitter:label1\" content=\"Est. reading time\" \/>\n\t<meta name=\"twitter:data1\" content=\"1 minut\" \/>\n<script type=\"application\/ld+json\" class=\"yoast-schema-graph\">{\"@context\":\"https:\/\/schema.org\",\"@graph\":[{\"@type\":\"WebPage\",\"@id\":\"https:\/\/horticom.ee\/e-pood\/toode\/lauk-allium-siculum-5tk-a\/\",\"url\":\"https:\/\/horticom.ee\/e-pood\/toode\/lauk-allium-siculum-5tk-a\/\",\"name\":\"Lauk Allium Siculum 5tk A - Horticom\",\"isPartOf\":{\"@id\":\"https:\/\/horticom.ee\/e-pood\/#website\"},\"datePublished\":\"2026-04-08T03:01:18+00:00\",\"dateModified\":\"2026-04-08T03:01:18+00:00\",\"breadcrumb\":{\"@id\":\"https:\/\/horticom.ee\/e-pood\/toode\/lauk-allium-siculum-5tk-a\/#breadcrumb\"},\"inLanguage\":\"et\",\"potentialAction\":[{\"@type\":\"ReadAction\",\"target\":[\"https:\/\/horticom.ee\/e-pood\/toode\/lauk-allium-siculum-5tk-a\/\"]}]},{\"@type\":\"BreadcrumbList\",\"@id\":\"https:\/\/horticom.ee\/e-pood\/toode\/lauk-allium-siculum-5tk-a\/#breadcrumb\",\"itemListElement\":[{\"@type\":\"ListItem\",\"position\":1,\"name\":\"Home\",\"item\":\"https:\/\/horticom.ee\/e-pood\/\"},{\"@type\":\"ListItem\",\"position\":2,\"name\":\"Pood\",\"item\":\"https:\/\/horticom.ee\/e-pood\/pood\/\"},{\"@type\":\"ListItem\",\"position\":3,\"name\":\"Lauk Allium Siculum 5tk A\"}]},{\"@type\":\"WebSite\",\"@id\":\"https:\/\/horticom.ee\/e-pood\/#website\",\"url\":\"https:\/\/horticom.ee\/e-pood\/\",\"name\":\"Horticom.ee\",\"description\":\"Aianduskaubad ja kodukaubad nii harrastajatele kui professionaalidele\",\"potentialAction\":[{\"@type\":\"SearchAction\",\"target\":{\"@type\":\"EntryPoint\",\"urlTemplate\":\"https:\/\/horticom.ee\/e-pood\/?s={search_term_string}\"},\"query-input\":{\"@type\":\"PropertyValueSpecification\",\"valueRequired\":true,\"valueName\":\"search_term_string\"}}],\"inLanguage\":\"et\"}]}<\/script>\n<!-- \/ Yoast SEO plugin. -->","yoast_head_json":{"title":"Lauk Allium Siculum 5tk A - Horticom","robots":{"index":"index","follow":"follow","max-snippet":"max-snippet:-1","max-image-preview":"max-image-preview:large","max-video-preview":"max-video-preview:-1"},"canonical":"https:\/\/horticom.ee\/e-pood\/toode\/lauk-allium-siculum-5tk-a\/","og_locale":"et_EE","og_type":"article","og_title":"Lauk Allium Siculum 5tk A - Horticom","og_description":"Sitsiilia Mesilauk on h\u00f5re kooniline sarik\u00f5isik, milles roosaka varjundiga rohekasvalged 2cm laikellukjad nahkjad \u00f5ied rippuvad 2 -7cm pikkustel kaarjatel raagudel. 1-1,2m k\u00f5rge. \u00d5itseb hiliskevadel-suvel. Laugud on enamasti k\u00fclmakindlad, kahjuri- ja haiguskindlad ning v\u00e4hen\u00f5udlikud aiataimed, mis sobivad p\u00e4ikeselisele kasvukohale. Kasvuajal tahaksid niiskust, kuid p\u00e4rast lehtede kuivamist, puhkeajal, kindlasti kuiva mulda, mille p\u00e4rast hea drenaa\u017e on vajalik. [&hellip;]","og_url":"https:\/\/horticom.ee\/e-pood\/toode\/lauk-allium-siculum-5tk-a\/","og_site_name":"Horticom.ee","article_publisher":"https:\/\/www.facebook.com\/horticom.ee\/e-pood","twitter_card":"summary_large_image","twitter_misc":{"Est. reading time":"1 minut"},"schema":{"@context":"https:\/\/schema.org","@graph":[{"@type":"WebPage","@id":"https:\/\/horticom.ee\/e-pood\/toode\/lauk-allium-siculum-5tk-a\/","url":"https:\/\/horticom.ee\/e-pood\/toode\/lauk-allium-siculum-5tk-a\/","name":"Lauk Allium Siculum 5tk A - Horticom","isPartOf":{"@id":"https:\/\/horticom.ee\/e-pood\/#website"},"datePublished":"2026-04-08T03:01:18+00:00","dateModified":"2026-04-08T03:01:18+00:00","breadcrumb":{"@id":"https:\/\/horticom.ee\/e-pood\/toode\/lauk-allium-siculum-5tk-a\/#breadcrumb"},"inLanguage":"et","potentialAction":[{"@type":"ReadAction","target":["https:\/\/horticom.ee\/e-pood\/toode\/lauk-allium-siculum-5tk-a\/"]}]},{"@type":"BreadcrumbList","@id":"https:\/\/horticom.ee\/e-pood\/toode\/lauk-allium-siculum-5tk-a\/#breadcrumb","itemListElement":[{"@type":"ListItem","position":1,"name":"Home","item":"https:\/\/horticom.ee\/e-pood\/"},{"@type":"ListItem","position":2,"name":"Pood","item":"https:\/\/horticom.ee\/e-pood\/pood\/"},{"@type":"ListItem","position":3,"name":"Lauk Allium Siculum 5tk A"}]},{"@type":"WebSite","@id":"https:\/\/horticom.ee\/e-pood\/#website","url":"https:\/\/horticom.ee\/e-pood\/","name":"Horticom.ee","description":"Aianduskaubad ja kodukaubad nii harrastajatele kui professionaalidele","potentialAction":[{"@type":"SearchAction","target":{"@type":"EntryPoint","urlTemplate":"https:\/\/horticom.ee\/e-pood\/?s={search_term_string}"},"query-input":{"@type":"PropertyValueSpecification","valueRequired":true,"valueName":"search_term_string"}}],"inLanguage":"et"}]}},"_links":{"self":[{"href":"https:\/\/horticom.ee\/e-pood\/wp-json\/wp\/v2\/product\/2598226","targetHints":{"allow":["GET"]}}],"collection":[{"href":"https:\/\/horticom.ee\/e-pood\/wp-json\/wp\/v2\/product"}],"about":[{"href":"https:\/\/horticom.ee\/e-pood\/wp-json\/wp\/v2\/types\/product"}],"replies":[{"embeddable":true,"href":"https:\/\/horticom.ee\/e-pood\/wp-json\/wp\/v2\/comments?post=2598226"}],"wp:attachment":[{"href":"https:\/\/horticom.ee\/e-pood\/wp-json\/wp\/v2\/media?parent=2598226"}],"wp:term":[{"taxonomy":"product_cat","embeddable":true,"href":"https:\/\/horticom.ee\/e-pood\/wp-json\/wp\/v2\/product_cat?post=2598226"},{"taxonomy":"product_tag","embeddable":true,"href":"https:\/\/horticom.ee\/e-pood\/wp-json\/wp\/v2\/product_tag?post=2598226"}],"curies":[{"name":"wp","href":"https:\/\/api.w.org\/{rel}","templated":true}]}}