{"id":2599643,"date":"2026-04-09T17:01:23","date_gmt":"2026-04-09T14:01:23","guid":{"rendered":"https:\/\/horticom.ee\/e-pood\/toode\/ladvatoestus-kurgile-50tk\/"},"modified":"2026-04-19T03:13:00","modified_gmt":"2026-04-19T00:13:00","slug":"ladvatoestus-kurgile-50tk","status":"publish","type":"product","link":"https:\/\/horticom.ee\/e-pood\/toode\/ladvatoestus-kurgile-50tk\/","title":{"rendered":"Ladvatoestus kurgile 50tk"},"content":{"rendered":"<p>Kurkide ladvatoestus on praktiline abivahend, mis aitab hoiab taimede kasvusuunda kontrolli all ning t\u00e4nu sellele suurendada saaki. Spetsiaalse kujuga klamber kinnitub n\u00f6\u00f6ri v\u00f5i traadi k\u00fclge ning toetab kurgitaime latva, v\u00e4ltides varre murdumist ja v\u00e4hendades mehhaanilisi kahjustusi.<br \/>\nToestuse kasutamine on oluline eriti intensiivsel kasvuperioodil, kui taimed sirutuvad kiiresti valguse suunas ning vajavad kindlat juhtimist. Klamber tagab \u00f5ige kasvujoonduse, parandab \u00f5huringlust taimede vahel ning teeb hooldamise ja saagikoristuse lihtsamaks.<br \/>\nSuunab taime tipu kasvama piki n\u00f6\u00f6ri v\u00f5i traati<br \/>\nV\u00e4hendab murdumise ja kahjustuste riski<br \/>\nKiire ja lihtne paigaldus \u00fche k\u00e4ega<br \/>\nTugevast ja vastupidavast plastikust \u2013 korduvkasutatav<br \/>\nSobib eriti h\u00e4sti kasvuhoones kasvatatavatele kurkidele<br \/>\nToestust on soovitatav kasutada koos varte kinnitus clipperitega ja toestusn\u00f6\u00f6riga, et tagada kogu taime stabiilne ja tugevkasv. Ideaalne nii hobiaednikele kui ka professionaalsetele kasvatajatele.<\/p>\n","protected":false},"excerpt":{"rendered":"<p>Kurkide ladvatoestus on praktiline abivahend, mis aitab hoiab taimede kasvusuunda kontrolli all ning t\u00e4nu sellele suurendada saaki. Spetsiaalse kujuga klamber kinnitub n\u00f6\u00f6ri v\u00f5i traadi k\u00fclge ning toetab kurgitaime latva, v\u00e4ltides varre murdumist ja v\u00e4hendades mehhaanilisi kahjustusi. Toestuse kasutamine on oluline eriti intensiivsel kasvuperioodil, kui taimed sirutuvad kiiresti valguse suunas ning vajavad kindlat juhtimist. Klamber tagab [&hellip;]<\/p>\n","protected":false},"featured_media":2600506,"comment_status":"closed","ping_status":"closed","template":"","meta":{"_themeisle_gutenberg_block_has_review":false},"product_cat":[16392,13614],"product_tag":[],"class_list":{"0":"post-2599643","1":"product","2":"type-product","3":"status-publish","4":"has-post-thumbnail","6":"product_cat-plastikust-taimetoed","7":"product_cat-taimetoestus-ja-sidumistarvikud","9":"first","10":"instock","11":"shipping-taxable","12":"purchasable","13":"product-type-simple"},"yoast_head":"<!-- This site is optimized with the Yoast SEO plugin v24.0 - https:\/\/yoast.com\/wordpress\/plugins\/seo\/ -->\n<title>Ladvatoestus kurgile 50tk - Horticom<\/title>\n<meta name=\"robots\" content=\"index, follow, max-snippet:-1, max-image-preview:large, max-video-preview:-1\" \/>\n<link rel=\"canonical\" href=\"https:\/\/horticom.ee\/e-pood\/toode\/ladvatoestus-kurgile-50tk\/\" \/>\n<meta property=\"og:locale\" content=\"et_EE\" \/>\n<meta property=\"og:type\" content=\"article\" \/>\n<meta property=\"og:title\" content=\"Ladvatoestus kurgile 50tk - Horticom\" \/>\n<meta property=\"og:description\" content=\"Kurkide ladvatoestus on praktiline abivahend, mis aitab hoiab taimede kasvusuunda kontrolli all ning t\u00e4nu sellele suurendada saaki. Spetsiaalse kujuga klamber kinnitub n\u00f6\u00f6ri v\u00f5i traadi k\u00fclge ning toetab kurgitaime latva, v\u00e4ltides varre murdumist ja v\u00e4hendades mehhaanilisi kahjustusi. Toestuse kasutamine on oluline eriti intensiivsel kasvuperioodil, kui taimed sirutuvad kiiresti valguse suunas ning vajavad kindlat juhtimist. Klamber tagab [&hellip;]\" \/>\n<meta property=\"og:url\" content=\"https:\/\/horticom.ee\/e-pood\/toode\/ladvatoestus-kurgile-50tk\/\" \/>\n<meta property=\"og:site_name\" content=\"Horticom.ee\" \/>\n<meta property=\"article:publisher\" content=\"https:\/\/www.facebook.com\/horticom.ee\/e-pood\" \/>\n<meta property=\"article:modified_time\" content=\"2026-04-19T00:13:00+00:00\" \/>\n<meta property=\"og:image\" content=\"https:\/\/horticom.ee\/e-pood\/wp-content\/uploads\/importedmedia\/product_2599643_0_445570T.jpg\" \/>\n\t<meta property=\"og:image:width\" content=\"1000\" \/>\n\t<meta property=\"og:image:height\" content=\"1000\" \/>\n\t<meta property=\"og:image:type\" content=\"image\/jpeg\" \/>\n<meta name=\"twitter:card\" content=\"summary_large_image\" \/>\n<meta name=\"twitter:label1\" content=\"Est. reading time\" \/>\n\t<meta name=\"twitter:data1\" content=\"1 minut\" \/>\n<script type=\"application\/ld+json\" class=\"yoast-schema-graph\">{\"@context\":\"https:\/\/schema.org\",\"@graph\":[{\"@type\":\"WebPage\",\"@id\":\"https:\/\/horticom.ee\/e-pood\/toode\/ladvatoestus-kurgile-50tk\/\",\"url\":\"https:\/\/horticom.ee\/e-pood\/toode\/ladvatoestus-kurgile-50tk\/\",\"name\":\"Ladvatoestus kurgile 50tk - Horticom\",\"isPartOf\":{\"@id\":\"https:\/\/horticom.ee\/e-pood\/#website\"},\"primaryImageOfPage\":{\"@id\":\"https:\/\/horticom.ee\/e-pood\/toode\/ladvatoestus-kurgile-50tk\/#primaryimage\"},\"image\":{\"@id\":\"https:\/\/horticom.ee\/e-pood\/toode\/ladvatoestus-kurgile-50tk\/#primaryimage\"},\"thumbnailUrl\":\"https:\/\/horticom.ee\/e-pood\/wp-content\/uploads\/importedmedia\/product_2599643_0_445570T.jpg\",\"datePublished\":\"2026-04-09T14:01:23+00:00\",\"dateModified\":\"2026-04-19T00:13:00+00:00\",\"breadcrumb\":{\"@id\":\"https:\/\/horticom.ee\/e-pood\/toode\/ladvatoestus-kurgile-50tk\/#breadcrumb\"},\"inLanguage\":\"et\",\"potentialAction\":[{\"@type\":\"ReadAction\",\"target\":[\"https:\/\/horticom.ee\/e-pood\/toode\/ladvatoestus-kurgile-50tk\/\"]}]},{\"@type\":\"ImageObject\",\"inLanguage\":\"et\",\"@id\":\"https:\/\/horticom.ee\/e-pood\/toode\/ladvatoestus-kurgile-50tk\/#primaryimage\",\"url\":\"https:\/\/horticom.ee\/e-pood\/wp-content\/uploads\/importedmedia\/product_2599643_0_445570T.jpg\",\"contentUrl\":\"https:\/\/horticom.ee\/e-pood\/wp-content\/uploads\/importedmedia\/product_2599643_0_445570T.jpg\",\"width\":1000,\"height\":1000},{\"@type\":\"BreadcrumbList\",\"@id\":\"https:\/\/horticom.ee\/e-pood\/toode\/ladvatoestus-kurgile-50tk\/#breadcrumb\",\"itemListElement\":[{\"@type\":\"ListItem\",\"position\":1,\"name\":\"Home\",\"item\":\"https:\/\/horticom.ee\/e-pood\/\"},{\"@type\":\"ListItem\",\"position\":2,\"name\":\"Pood\",\"item\":\"https:\/\/horticom.ee\/e-pood\/pood\/\"},{\"@type\":\"ListItem\",\"position\":3,\"name\":\"Ladvatoestus kurgile 50tk\"}]},{\"@type\":\"WebSite\",\"@id\":\"https:\/\/horticom.ee\/e-pood\/#website\",\"url\":\"https:\/\/horticom.ee\/e-pood\/\",\"name\":\"Horticom.ee\",\"description\":\"Aianduskaubad ja kodukaubad nii harrastajatele kui professionaalidele\",\"potentialAction\":[{\"@type\":\"SearchAction\",\"target\":{\"@type\":\"EntryPoint\",\"urlTemplate\":\"https:\/\/horticom.ee\/e-pood\/?s={search_term_string}\"},\"query-input\":{\"@type\":\"PropertyValueSpecification\",\"valueRequired\":true,\"valueName\":\"search_term_string\"}}],\"inLanguage\":\"et\"}]}<\/script>\n<!-- \/ Yoast SEO plugin. -->","yoast_head_json":{"title":"Ladvatoestus kurgile 50tk - Horticom","robots":{"index":"index","follow":"follow","max-snippet":"max-snippet:-1","max-image-preview":"max-image-preview:large","max-video-preview":"max-video-preview:-1"},"canonical":"https:\/\/horticom.ee\/e-pood\/toode\/ladvatoestus-kurgile-50tk\/","og_locale":"et_EE","og_type":"article","og_title":"Ladvatoestus kurgile 50tk - Horticom","og_description":"Kurkide ladvatoestus on praktiline abivahend, mis aitab hoiab taimede kasvusuunda kontrolli all ning t\u00e4nu sellele suurendada saaki. Spetsiaalse kujuga klamber kinnitub n\u00f6\u00f6ri v\u00f5i traadi k\u00fclge ning toetab kurgitaime latva, v\u00e4ltides varre murdumist ja v\u00e4hendades mehhaanilisi kahjustusi. Toestuse kasutamine on oluline eriti intensiivsel kasvuperioodil, kui taimed sirutuvad kiiresti valguse suunas ning vajavad kindlat juhtimist. Klamber tagab [&hellip;]","og_url":"https:\/\/horticom.ee\/e-pood\/toode\/ladvatoestus-kurgile-50tk\/","og_site_name":"Horticom.ee","article_publisher":"https:\/\/www.facebook.com\/horticom.ee\/e-pood","article_modified_time":"2026-04-19T00:13:00+00:00","og_image":[{"width":1000,"height":1000,"url":"https:\/\/horticom.ee\/e-pood\/wp-content\/uploads\/importedmedia\/product_2599643_0_445570T.jpg","type":"image\/jpeg"}],"twitter_card":"summary_large_image","twitter_misc":{"Est. reading time":"1 minut"},"schema":{"@context":"https:\/\/schema.org","@graph":[{"@type":"WebPage","@id":"https:\/\/horticom.ee\/e-pood\/toode\/ladvatoestus-kurgile-50tk\/","url":"https:\/\/horticom.ee\/e-pood\/toode\/ladvatoestus-kurgile-50tk\/","name":"Ladvatoestus kurgile 50tk - Horticom","isPartOf":{"@id":"https:\/\/horticom.ee\/e-pood\/#website"},"primaryImageOfPage":{"@id":"https:\/\/horticom.ee\/e-pood\/toode\/ladvatoestus-kurgile-50tk\/#primaryimage"},"image":{"@id":"https:\/\/horticom.ee\/e-pood\/toode\/ladvatoestus-kurgile-50tk\/#primaryimage"},"thumbnailUrl":"https:\/\/horticom.ee\/e-pood\/wp-content\/uploads\/importedmedia\/product_2599643_0_445570T.jpg","datePublished":"2026-04-09T14:01:23+00:00","dateModified":"2026-04-19T00:13:00+00:00","breadcrumb":{"@id":"https:\/\/horticom.ee\/e-pood\/toode\/ladvatoestus-kurgile-50tk\/#breadcrumb"},"inLanguage":"et","potentialAction":[{"@type":"ReadAction","target":["https:\/\/horticom.ee\/e-pood\/toode\/ladvatoestus-kurgile-50tk\/"]}]},{"@type":"ImageObject","inLanguage":"et","@id":"https:\/\/horticom.ee\/e-pood\/toode\/ladvatoestus-kurgile-50tk\/#primaryimage","url":"https:\/\/horticom.ee\/e-pood\/wp-content\/uploads\/importedmedia\/product_2599643_0_445570T.jpg","contentUrl":"https:\/\/horticom.ee\/e-pood\/wp-content\/uploads\/importedmedia\/product_2599643_0_445570T.jpg","width":1000,"height":1000},{"@type":"BreadcrumbList","@id":"https:\/\/horticom.ee\/e-pood\/toode\/ladvatoestus-kurgile-50tk\/#breadcrumb","itemListElement":[{"@type":"ListItem","position":1,"name":"Home","item":"https:\/\/horticom.ee\/e-pood\/"},{"@type":"ListItem","position":2,"name":"Pood","item":"https:\/\/horticom.ee\/e-pood\/pood\/"},{"@type":"ListItem","position":3,"name":"Ladvatoestus kurgile 50tk"}]},{"@type":"WebSite","@id":"https:\/\/horticom.ee\/e-pood\/#website","url":"https:\/\/horticom.ee\/e-pood\/","name":"Horticom.ee","description":"Aianduskaubad ja kodukaubad nii harrastajatele kui professionaalidele","potentialAction":[{"@type":"SearchAction","target":{"@type":"EntryPoint","urlTemplate":"https:\/\/horticom.ee\/e-pood\/?s={search_term_string}"},"query-input":{"@type":"PropertyValueSpecification","valueRequired":true,"valueName":"search_term_string"}}],"inLanguage":"et"}]}},"_links":{"self":[{"href":"https:\/\/horticom.ee\/e-pood\/wp-json\/wp\/v2\/product\/2599643","targetHints":{"allow":["GET"]}}],"collection":[{"href":"https:\/\/horticom.ee\/e-pood\/wp-json\/wp\/v2\/product"}],"about":[{"href":"https:\/\/horticom.ee\/e-pood\/wp-json\/wp\/v2\/types\/product"}],"replies":[{"embeddable":true,"href":"https:\/\/horticom.ee\/e-pood\/wp-json\/wp\/v2\/comments?post=2599643"}],"wp:featuredmedia":[{"embeddable":true,"href":"https:\/\/horticom.ee\/e-pood\/wp-json\/wp\/v2\/media\/2600506"}],"wp:attachment":[{"href":"https:\/\/horticom.ee\/e-pood\/wp-json\/wp\/v2\/media?parent=2599643"}],"wp:term":[{"taxonomy":"product_cat","embeddable":true,"href":"https:\/\/horticom.ee\/e-pood\/wp-json\/wp\/v2\/product_cat?post=2599643"},{"taxonomy":"product_tag","embeddable":true,"href":"https:\/\/horticom.ee\/e-pood\/wp-json\/wp\/v2\/product_tag?post=2599643"}],"curies":[{"name":"wp","href":"https:\/\/api.w.org\/{rel}","templated":true}]}}