{"id":2599646,"date":"2026-04-09T17:01:24","date_gmt":"2026-04-09T14:01:24","guid":{"rendered":"https:\/\/horticom.ee\/e-pood\/toode\/polduba-windsor-bialy\/"},"modified":"2026-04-16T17:01:22","modified_gmt":"2026-04-16T14:01:22","slug":"polduba-windsor-bialy","status":"publish","type":"product","link":"https:\/\/horticom.ee\/e-pood\/toode\/polduba-windsor-bialy\/","title":{"rendered":"P\u00f5lduba Windsor Bialy"},"content":{"rendered":"<p>Keskhiline sort, kasvab valmis umbes 120 p\u00e4evaga. Taim on umbes 100cm k\u00f5rgune. Kaunad on suured, sisaldavad 4\u20136 seemet. Seemned on kollased. Taimed taluvad k\u00fclma kuni \u20134 C. Kasvavad h\u00e4sti viljakas, mittehappes, niiskes saviliivas.<\/p>\n","protected":false},"excerpt":{"rendered":"<p>Keskhiline sort, kasvab valmis umbes 120 p\u00e4evaga. Taim on umbes 100cm k\u00f5rgune. Kaunad on suured, sisaldavad 4\u20136 seemet. Seemned on kollased. Taimed taluvad k\u00fclma kuni \u20134 C. Kasvavad h\u00e4sti viljakas, mittehappes, niiskes saviliivas.<\/p>\n","protected":false},"featured_media":2599814,"comment_status":"closed","ping_status":"closed","template":"","meta":{"_themeisle_gutenberg_block_has_review":false},"product_cat":[13480],"product_tag":[],"class_list":{"0":"post-2599646","1":"product","2":"type-product","3":"status-publish","4":"has-post-thumbnail","6":"product_cat-uba","8":"first","9":"instock","10":"shipping-taxable","11":"purchasable","12":"product-type-simple"},"yoast_head":"<!-- This site is optimized with the Yoast SEO plugin v24.0 - https:\/\/yoast.com\/wordpress\/plugins\/seo\/ -->\n<title>P\u00f5lduba Windsor Bialy - Horticom<\/title>\n<meta name=\"robots\" content=\"index, follow, max-snippet:-1, max-image-preview:large, max-video-preview:-1\" \/>\n<link rel=\"canonical\" href=\"https:\/\/horticom.ee\/e-pood\/toode\/polduba-windsor-bialy\/\" \/>\n<meta property=\"og:locale\" content=\"et_EE\" \/>\n<meta property=\"og:type\" content=\"article\" \/>\n<meta property=\"og:title\" content=\"P\u00f5lduba Windsor Bialy - Horticom\" \/>\n<meta property=\"og:description\" content=\"Keskhiline sort, kasvab valmis umbes 120 p\u00e4evaga. Taim on umbes 100cm k\u00f5rgune. Kaunad on suured, sisaldavad 4\u20136 seemet. Seemned on kollased. Taimed taluvad k\u00fclma kuni \u20134 C. Kasvavad h\u00e4sti viljakas, mittehappes, niiskes saviliivas.\" \/>\n<meta property=\"og:url\" content=\"https:\/\/horticom.ee\/e-pood\/toode\/polduba-windsor-bialy\/\" \/>\n<meta property=\"og:site_name\" content=\"Horticom.ee\" \/>\n<meta property=\"article:publisher\" content=\"https:\/\/www.facebook.com\/horticom.ee\/e-pood\" \/>\n<meta property=\"article:modified_time\" content=\"2026-04-16T14:01:22+00:00\" \/>\n<meta property=\"og:image\" content=\"https:\/\/horticom.ee\/e-pood\/wp-content\/uploads\/importedmedia\/product_2599646_0_PL04434.jpg\" \/>\n\t<meta property=\"og:image:width\" content=\"1000\" \/>\n\t<meta property=\"og:image:height\" content=\"1000\" \/>\n\t<meta property=\"og:image:type\" content=\"image\/jpeg\" \/>\n<meta name=\"twitter:card\" content=\"summary_large_image\" \/>\n<script type=\"application\/ld+json\" class=\"yoast-schema-graph\">{\"@context\":\"https:\/\/schema.org\",\"@graph\":[{\"@type\":\"WebPage\",\"@id\":\"https:\/\/horticom.ee\/e-pood\/toode\/polduba-windsor-bialy\/\",\"url\":\"https:\/\/horticom.ee\/e-pood\/toode\/polduba-windsor-bialy\/\",\"name\":\"P\u00f5lduba Windsor Bialy - Horticom\",\"isPartOf\":{\"@id\":\"https:\/\/horticom.ee\/e-pood\/#website\"},\"primaryImageOfPage\":{\"@id\":\"https:\/\/horticom.ee\/e-pood\/toode\/polduba-windsor-bialy\/#primaryimage\"},\"image\":{\"@id\":\"https:\/\/horticom.ee\/e-pood\/toode\/polduba-windsor-bialy\/#primaryimage\"},\"thumbnailUrl\":\"https:\/\/horticom.ee\/e-pood\/wp-content\/uploads\/importedmedia\/product_2599646_0_PL04434.jpg\",\"datePublished\":\"2026-04-09T14:01:24+00:00\",\"dateModified\":\"2026-04-16T14:01:22+00:00\",\"breadcrumb\":{\"@id\":\"https:\/\/horticom.ee\/e-pood\/toode\/polduba-windsor-bialy\/#breadcrumb\"},\"inLanguage\":\"et\",\"potentialAction\":[{\"@type\":\"ReadAction\",\"target\":[\"https:\/\/horticom.ee\/e-pood\/toode\/polduba-windsor-bialy\/\"]}]},{\"@type\":\"ImageObject\",\"inLanguage\":\"et\",\"@id\":\"https:\/\/horticom.ee\/e-pood\/toode\/polduba-windsor-bialy\/#primaryimage\",\"url\":\"https:\/\/horticom.ee\/e-pood\/wp-content\/uploads\/importedmedia\/product_2599646_0_PL04434.jpg\",\"contentUrl\":\"https:\/\/horticom.ee\/e-pood\/wp-content\/uploads\/importedmedia\/product_2599646_0_PL04434.jpg\",\"width\":1000,\"height\":1000},{\"@type\":\"BreadcrumbList\",\"@id\":\"https:\/\/horticom.ee\/e-pood\/toode\/polduba-windsor-bialy\/#breadcrumb\",\"itemListElement\":[{\"@type\":\"ListItem\",\"position\":1,\"name\":\"Home\",\"item\":\"https:\/\/horticom.ee\/e-pood\/\"},{\"@type\":\"ListItem\",\"position\":2,\"name\":\"Pood\",\"item\":\"https:\/\/horticom.ee\/e-pood\/pood\/\"},{\"@type\":\"ListItem\",\"position\":3,\"name\":\"P\u00f5lduba Windsor Bialy\"}]},{\"@type\":\"WebSite\",\"@id\":\"https:\/\/horticom.ee\/e-pood\/#website\",\"url\":\"https:\/\/horticom.ee\/e-pood\/\",\"name\":\"Horticom.ee\",\"description\":\"Aianduskaubad ja kodukaubad nii harrastajatele kui professionaalidele\",\"potentialAction\":[{\"@type\":\"SearchAction\",\"target\":{\"@type\":\"EntryPoint\",\"urlTemplate\":\"https:\/\/horticom.ee\/e-pood\/?s={search_term_string}\"},\"query-input\":{\"@type\":\"PropertyValueSpecification\",\"valueRequired\":true,\"valueName\":\"search_term_string\"}}],\"inLanguage\":\"et\"}]}<\/script>\n<!-- \/ Yoast SEO plugin. -->","yoast_head_json":{"title":"P\u00f5lduba Windsor Bialy - Horticom","robots":{"index":"index","follow":"follow","max-snippet":"max-snippet:-1","max-image-preview":"max-image-preview:large","max-video-preview":"max-video-preview:-1"},"canonical":"https:\/\/horticom.ee\/e-pood\/toode\/polduba-windsor-bialy\/","og_locale":"et_EE","og_type":"article","og_title":"P\u00f5lduba Windsor Bialy - Horticom","og_description":"Keskhiline sort, kasvab valmis umbes 120 p\u00e4evaga. Taim on umbes 100cm k\u00f5rgune. Kaunad on suured, sisaldavad 4\u20136 seemet. Seemned on kollased. Taimed taluvad k\u00fclma kuni \u20134 C. Kasvavad h\u00e4sti viljakas, mittehappes, niiskes saviliivas.","og_url":"https:\/\/horticom.ee\/e-pood\/toode\/polduba-windsor-bialy\/","og_site_name":"Horticom.ee","article_publisher":"https:\/\/www.facebook.com\/horticom.ee\/e-pood","article_modified_time":"2026-04-16T14:01:22+00:00","og_image":[{"width":1000,"height":1000,"url":"https:\/\/horticom.ee\/e-pood\/wp-content\/uploads\/importedmedia\/product_2599646_0_PL04434.jpg","type":"image\/jpeg"}],"twitter_card":"summary_large_image","schema":{"@context":"https:\/\/schema.org","@graph":[{"@type":"WebPage","@id":"https:\/\/horticom.ee\/e-pood\/toode\/polduba-windsor-bialy\/","url":"https:\/\/horticom.ee\/e-pood\/toode\/polduba-windsor-bialy\/","name":"P\u00f5lduba Windsor Bialy - Horticom","isPartOf":{"@id":"https:\/\/horticom.ee\/e-pood\/#website"},"primaryImageOfPage":{"@id":"https:\/\/horticom.ee\/e-pood\/toode\/polduba-windsor-bialy\/#primaryimage"},"image":{"@id":"https:\/\/horticom.ee\/e-pood\/toode\/polduba-windsor-bialy\/#primaryimage"},"thumbnailUrl":"https:\/\/horticom.ee\/e-pood\/wp-content\/uploads\/importedmedia\/product_2599646_0_PL04434.jpg","datePublished":"2026-04-09T14:01:24+00:00","dateModified":"2026-04-16T14:01:22+00:00","breadcrumb":{"@id":"https:\/\/horticom.ee\/e-pood\/toode\/polduba-windsor-bialy\/#breadcrumb"},"inLanguage":"et","potentialAction":[{"@type":"ReadAction","target":["https:\/\/horticom.ee\/e-pood\/toode\/polduba-windsor-bialy\/"]}]},{"@type":"ImageObject","inLanguage":"et","@id":"https:\/\/horticom.ee\/e-pood\/toode\/polduba-windsor-bialy\/#primaryimage","url":"https:\/\/horticom.ee\/e-pood\/wp-content\/uploads\/importedmedia\/product_2599646_0_PL04434.jpg","contentUrl":"https:\/\/horticom.ee\/e-pood\/wp-content\/uploads\/importedmedia\/product_2599646_0_PL04434.jpg","width":1000,"height":1000},{"@type":"BreadcrumbList","@id":"https:\/\/horticom.ee\/e-pood\/toode\/polduba-windsor-bialy\/#breadcrumb","itemListElement":[{"@type":"ListItem","position":1,"name":"Home","item":"https:\/\/horticom.ee\/e-pood\/"},{"@type":"ListItem","position":2,"name":"Pood","item":"https:\/\/horticom.ee\/e-pood\/pood\/"},{"@type":"ListItem","position":3,"name":"P\u00f5lduba Windsor Bialy"}]},{"@type":"WebSite","@id":"https:\/\/horticom.ee\/e-pood\/#website","url":"https:\/\/horticom.ee\/e-pood\/","name":"Horticom.ee","description":"Aianduskaubad ja kodukaubad nii harrastajatele kui professionaalidele","potentialAction":[{"@type":"SearchAction","target":{"@type":"EntryPoint","urlTemplate":"https:\/\/horticom.ee\/e-pood\/?s={search_term_string}"},"query-input":{"@type":"PropertyValueSpecification","valueRequired":true,"valueName":"search_term_string"}}],"inLanguage":"et"}]}},"_links":{"self":[{"href":"https:\/\/horticom.ee\/e-pood\/wp-json\/wp\/v2\/product\/2599646","targetHints":{"allow":["GET"]}}],"collection":[{"href":"https:\/\/horticom.ee\/e-pood\/wp-json\/wp\/v2\/product"}],"about":[{"href":"https:\/\/horticom.ee\/e-pood\/wp-json\/wp\/v2\/types\/product"}],"replies":[{"embeddable":true,"href":"https:\/\/horticom.ee\/e-pood\/wp-json\/wp\/v2\/comments?post=2599646"}],"wp:featuredmedia":[{"embeddable":true,"href":"https:\/\/horticom.ee\/e-pood\/wp-json\/wp\/v2\/media\/2599814"}],"wp:attachment":[{"href":"https:\/\/horticom.ee\/e-pood\/wp-json\/wp\/v2\/media?parent=2599646"}],"wp:term":[{"taxonomy":"product_cat","embeddable":true,"href":"https:\/\/horticom.ee\/e-pood\/wp-json\/wp\/v2\/product_cat?post=2599646"},{"taxonomy":"product_tag","embeddable":true,"href":"https:\/\/horticom.ee\/e-pood\/wp-json\/wp\/v2\/product_tag?post=2599646"}],"curies":[{"name":"wp","href":"https:\/\/api.w.org\/{rel}","templated":true}]}}