{"id":2599648,"date":"2026-04-09T17:01:25","date_gmt":"2026-04-09T14:01:25","guid":{"rendered":"https:\/\/horticom.ee\/e-pood\/toode\/parkjuur-kollane-limonium-sin\/"},"modified":"2026-04-19T03:13:01","modified_gmt":"2026-04-19T00:13:01","slug":"parkjuur-kollane-limonium-sin","status":"publish","type":"product","link":"https:\/\/horticom.ee\/e-pood\/toode\/parkjuur-kollane-limonium-sin\/","title":{"rendered":"Parkjuur kollane Limonium sin."},"content":{"rendered":"<p>Kollaste \u00f5itega. Taime k\u00f5rgus kuni 80cm. Kasvukohaks sobib p\u00e4ikseline asukoht. Kasvatamine \u00f5nnestub igas \u00f5hku l\u00e4bilaskvas mullas. V\u00e4ga dekoratiivsed lilled. Sobib lillepeenardele, l\u00f5ikelilledena ja kuivade kimpude jaoks. Kuivatatud \u00f5ite v\u00e4rvus s\u00e4ilib kaua.<\/p>\n","protected":false},"excerpt":{"rendered":"<p>Kollaste \u00f5itega. Taime k\u00f5rgus kuni 80cm. Kasvukohaks sobib p\u00e4ikseline asukoht. Kasvatamine \u00f5nnestub igas \u00f5hku l\u00e4bilaskvas mullas. V\u00e4ga dekoratiivsed lilled. Sobib lillepeenardele, l\u00f5ikelilledena ja kuivade kimpude jaoks. Kuivatatud \u00f5ite v\u00e4rvus s\u00e4ilib kaua.<\/p>\n","protected":false},"featured_media":2599810,"comment_status":"closed","ping_status":"closed","template":"","meta":{"_themeisle_gutenberg_block_has_review":false},"product_cat":[13513],"product_tag":[],"class_list":{"0":"post-2599648","1":"product","2":"type-product","3":"status-publish","4":"has-post-thumbnail","6":"product_cat-muud-uheaastased-lilleseemned","8":"first","9":"instock","10":"shipping-taxable","11":"purchasable","12":"product-type-simple"},"yoast_head":"<!-- This site is optimized with the Yoast SEO plugin v24.0 - https:\/\/yoast.com\/wordpress\/plugins\/seo\/ -->\n<title>Parkjuur kollane Limonium sin. - Horticom<\/title>\n<meta name=\"robots\" content=\"index, follow, max-snippet:-1, max-image-preview:large, max-video-preview:-1\" \/>\n<link rel=\"canonical\" href=\"https:\/\/horticom.ee\/e-pood\/toode\/parkjuur-kollane-limonium-sin\/\" \/>\n<meta property=\"og:locale\" content=\"et_EE\" \/>\n<meta property=\"og:type\" content=\"article\" \/>\n<meta property=\"og:title\" content=\"Parkjuur kollane Limonium sin. - Horticom\" \/>\n<meta property=\"og:description\" content=\"Kollaste \u00f5itega. Taime k\u00f5rgus kuni 80cm. Kasvukohaks sobib p\u00e4ikseline asukoht. Kasvatamine \u00f5nnestub igas \u00f5hku l\u00e4bilaskvas mullas. V\u00e4ga dekoratiivsed lilled. Sobib lillepeenardele, l\u00f5ikelilledena ja kuivade kimpude jaoks. Kuivatatud \u00f5ite v\u00e4rvus s\u00e4ilib kaua.\" \/>\n<meta property=\"og:url\" content=\"https:\/\/horticom.ee\/e-pood\/toode\/parkjuur-kollane-limonium-sin\/\" \/>\n<meta property=\"og:site_name\" content=\"Horticom.ee\" \/>\n<meta property=\"article:publisher\" content=\"https:\/\/www.facebook.com\/horticom.ee\/e-pood\" \/>\n<meta property=\"article:modified_time\" content=\"2026-04-19T00:13:01+00:00\" \/>\n<meta property=\"og:image\" content=\"https:\/\/horticom.ee\/e-pood\/wp-content\/uploads\/importedmedia\/product_2599648_0_VC1997.jpg\" \/>\n\t<meta property=\"og:image:width\" content=\"1000\" \/>\n\t<meta property=\"og:image:height\" content=\"1935\" \/>\n\t<meta property=\"og:image:type\" content=\"image\/jpeg\" \/>\n<meta name=\"twitter:card\" content=\"summary_large_image\" \/>\n<script type=\"application\/ld+json\" class=\"yoast-schema-graph\">{\"@context\":\"https:\/\/schema.org\",\"@graph\":[{\"@type\":\"WebPage\",\"@id\":\"https:\/\/horticom.ee\/e-pood\/toode\/parkjuur-kollane-limonium-sin\/\",\"url\":\"https:\/\/horticom.ee\/e-pood\/toode\/parkjuur-kollane-limonium-sin\/\",\"name\":\"Parkjuur kollane Limonium sin. - Horticom\",\"isPartOf\":{\"@id\":\"https:\/\/horticom.ee\/e-pood\/#website\"},\"primaryImageOfPage\":{\"@id\":\"https:\/\/horticom.ee\/e-pood\/toode\/parkjuur-kollane-limonium-sin\/#primaryimage\"},\"image\":{\"@id\":\"https:\/\/horticom.ee\/e-pood\/toode\/parkjuur-kollane-limonium-sin\/#primaryimage\"},\"thumbnailUrl\":\"https:\/\/horticom.ee\/e-pood\/wp-content\/uploads\/importedmedia\/product_2599648_0_VC1997.jpg\",\"datePublished\":\"2026-04-09T14:01:25+00:00\",\"dateModified\":\"2026-04-19T00:13:01+00:00\",\"breadcrumb\":{\"@id\":\"https:\/\/horticom.ee\/e-pood\/toode\/parkjuur-kollane-limonium-sin\/#breadcrumb\"},\"inLanguage\":\"et\",\"potentialAction\":[{\"@type\":\"ReadAction\",\"target\":[\"https:\/\/horticom.ee\/e-pood\/toode\/parkjuur-kollane-limonium-sin\/\"]}]},{\"@type\":\"ImageObject\",\"inLanguage\":\"et\",\"@id\":\"https:\/\/horticom.ee\/e-pood\/toode\/parkjuur-kollane-limonium-sin\/#primaryimage\",\"url\":\"https:\/\/horticom.ee\/e-pood\/wp-content\/uploads\/importedmedia\/product_2599648_0_VC1997.jpg\",\"contentUrl\":\"https:\/\/horticom.ee\/e-pood\/wp-content\/uploads\/importedmedia\/product_2599648_0_VC1997.jpg\",\"width\":1000,\"height\":1935},{\"@type\":\"BreadcrumbList\",\"@id\":\"https:\/\/horticom.ee\/e-pood\/toode\/parkjuur-kollane-limonium-sin\/#breadcrumb\",\"itemListElement\":[{\"@type\":\"ListItem\",\"position\":1,\"name\":\"Home\",\"item\":\"https:\/\/horticom.ee\/e-pood\/\"},{\"@type\":\"ListItem\",\"position\":2,\"name\":\"Pood\",\"item\":\"https:\/\/horticom.ee\/e-pood\/pood\/\"},{\"@type\":\"ListItem\",\"position\":3,\"name\":\"Parkjuur kollane Limonium sin.\"}]},{\"@type\":\"WebSite\",\"@id\":\"https:\/\/horticom.ee\/e-pood\/#website\",\"url\":\"https:\/\/horticom.ee\/e-pood\/\",\"name\":\"Horticom.ee\",\"description\":\"Aianduskaubad ja kodukaubad nii harrastajatele kui professionaalidele\",\"potentialAction\":[{\"@type\":\"SearchAction\",\"target\":{\"@type\":\"EntryPoint\",\"urlTemplate\":\"https:\/\/horticom.ee\/e-pood\/?s={search_term_string}\"},\"query-input\":{\"@type\":\"PropertyValueSpecification\",\"valueRequired\":true,\"valueName\":\"search_term_string\"}}],\"inLanguage\":\"et\"}]}<\/script>\n<!-- \/ Yoast SEO plugin. -->","yoast_head_json":{"title":"Parkjuur kollane Limonium sin. - Horticom","robots":{"index":"index","follow":"follow","max-snippet":"max-snippet:-1","max-image-preview":"max-image-preview:large","max-video-preview":"max-video-preview:-1"},"canonical":"https:\/\/horticom.ee\/e-pood\/toode\/parkjuur-kollane-limonium-sin\/","og_locale":"et_EE","og_type":"article","og_title":"Parkjuur kollane Limonium sin. - Horticom","og_description":"Kollaste \u00f5itega. Taime k\u00f5rgus kuni 80cm. Kasvukohaks sobib p\u00e4ikseline asukoht. Kasvatamine \u00f5nnestub igas \u00f5hku l\u00e4bilaskvas mullas. V\u00e4ga dekoratiivsed lilled. Sobib lillepeenardele, l\u00f5ikelilledena ja kuivade kimpude jaoks. Kuivatatud \u00f5ite v\u00e4rvus s\u00e4ilib kaua.","og_url":"https:\/\/horticom.ee\/e-pood\/toode\/parkjuur-kollane-limonium-sin\/","og_site_name":"Horticom.ee","article_publisher":"https:\/\/www.facebook.com\/horticom.ee\/e-pood","article_modified_time":"2026-04-19T00:13:01+00:00","og_image":[{"width":1000,"height":1935,"url":"https:\/\/horticom.ee\/e-pood\/wp-content\/uploads\/importedmedia\/product_2599648_0_VC1997.jpg","type":"image\/jpeg"}],"twitter_card":"summary_large_image","schema":{"@context":"https:\/\/schema.org","@graph":[{"@type":"WebPage","@id":"https:\/\/horticom.ee\/e-pood\/toode\/parkjuur-kollane-limonium-sin\/","url":"https:\/\/horticom.ee\/e-pood\/toode\/parkjuur-kollane-limonium-sin\/","name":"Parkjuur kollane Limonium sin. - Horticom","isPartOf":{"@id":"https:\/\/horticom.ee\/e-pood\/#website"},"primaryImageOfPage":{"@id":"https:\/\/horticom.ee\/e-pood\/toode\/parkjuur-kollane-limonium-sin\/#primaryimage"},"image":{"@id":"https:\/\/horticom.ee\/e-pood\/toode\/parkjuur-kollane-limonium-sin\/#primaryimage"},"thumbnailUrl":"https:\/\/horticom.ee\/e-pood\/wp-content\/uploads\/importedmedia\/product_2599648_0_VC1997.jpg","datePublished":"2026-04-09T14:01:25+00:00","dateModified":"2026-04-19T00:13:01+00:00","breadcrumb":{"@id":"https:\/\/horticom.ee\/e-pood\/toode\/parkjuur-kollane-limonium-sin\/#breadcrumb"},"inLanguage":"et","potentialAction":[{"@type":"ReadAction","target":["https:\/\/horticom.ee\/e-pood\/toode\/parkjuur-kollane-limonium-sin\/"]}]},{"@type":"ImageObject","inLanguage":"et","@id":"https:\/\/horticom.ee\/e-pood\/toode\/parkjuur-kollane-limonium-sin\/#primaryimage","url":"https:\/\/horticom.ee\/e-pood\/wp-content\/uploads\/importedmedia\/product_2599648_0_VC1997.jpg","contentUrl":"https:\/\/horticom.ee\/e-pood\/wp-content\/uploads\/importedmedia\/product_2599648_0_VC1997.jpg","width":1000,"height":1935},{"@type":"BreadcrumbList","@id":"https:\/\/horticom.ee\/e-pood\/toode\/parkjuur-kollane-limonium-sin\/#breadcrumb","itemListElement":[{"@type":"ListItem","position":1,"name":"Home","item":"https:\/\/horticom.ee\/e-pood\/"},{"@type":"ListItem","position":2,"name":"Pood","item":"https:\/\/horticom.ee\/e-pood\/pood\/"},{"@type":"ListItem","position":3,"name":"Parkjuur kollane Limonium sin."}]},{"@type":"WebSite","@id":"https:\/\/horticom.ee\/e-pood\/#website","url":"https:\/\/horticom.ee\/e-pood\/","name":"Horticom.ee","description":"Aianduskaubad ja kodukaubad nii harrastajatele kui professionaalidele","potentialAction":[{"@type":"SearchAction","target":{"@type":"EntryPoint","urlTemplate":"https:\/\/horticom.ee\/e-pood\/?s={search_term_string}"},"query-input":{"@type":"PropertyValueSpecification","valueRequired":true,"valueName":"search_term_string"}}],"inLanguage":"et"}]}},"_links":{"self":[{"href":"https:\/\/horticom.ee\/e-pood\/wp-json\/wp\/v2\/product\/2599648","targetHints":{"allow":["GET"]}}],"collection":[{"href":"https:\/\/horticom.ee\/e-pood\/wp-json\/wp\/v2\/product"}],"about":[{"href":"https:\/\/horticom.ee\/e-pood\/wp-json\/wp\/v2\/types\/product"}],"replies":[{"embeddable":true,"href":"https:\/\/horticom.ee\/e-pood\/wp-json\/wp\/v2\/comments?post=2599648"}],"wp:featuredmedia":[{"embeddable":true,"href":"https:\/\/horticom.ee\/e-pood\/wp-json\/wp\/v2\/media\/2599810"}],"wp:attachment":[{"href":"https:\/\/horticom.ee\/e-pood\/wp-json\/wp\/v2\/media?parent=2599648"}],"wp:term":[{"taxonomy":"product_cat","embeddable":true,"href":"https:\/\/horticom.ee\/e-pood\/wp-json\/wp\/v2\/product_cat?post=2599648"},{"taxonomy":"product_tag","embeddable":true,"href":"https:\/\/horticom.ee\/e-pood\/wp-json\/wp\/v2\/product_tag?post=2599648"}],"curies":[{"name":"wp","href":"https:\/\/api.w.org\/{rel}","templated":true}]}}