{"id":2599683,"date":"2026-04-09T17:01:31","date_gmt":"2026-04-09T14:01:31","guid":{"rendered":"https:\/\/horticom.ee\/e-pood\/toode\/redis-lada\/"},"modified":"2026-04-16T03:16:30","modified_gmt":"2026-04-16T00:16:30","slug":"redis-lada","status":"publish","type":"product","link":"https:\/\/horticom.ee\/e-pood\/toode\/redis-lada\/","title":{"rendered":"Redis Lada"},"content":{"rendered":"<p>Keskvarajane saagikas sort. P\u00e4rast seemnete idanemist kulub taimel kasvamiseks 33\u201337 p\u00e4eva. Redis ei kasva pikka aega \u00fcle, on korrap\u00e4rase kujuga, erkpunase v\u00e4rvusega ja mitte kibeda maitsega. Sobib kasvatamiseks kasvuhoones ja avamaal. Kasvatatakse kevadiseks, suviseks ja s\u00fcgiseseks saagiks.<\/p>\n","protected":false},"excerpt":{"rendered":"<p>Keskvarajane saagikas sort. P\u00e4rast seemnete idanemist kulub taimel kasvamiseks 33\u201337 p\u00e4eva. Redis ei kasva pikka aega \u00fcle, on korrap\u00e4rase kujuga, erkpunase v\u00e4rvusega ja mitte kibeda maitsega. Sobib kasvatamiseks kasvuhoones ja avamaal. Kasvatatakse kevadiseks, suviseks ja s\u00fcgiseseks saagiks.<\/p>\n","protected":false},"featured_media":2599740,"comment_status":"closed","ping_status":"closed","template":"","meta":{"_themeisle_gutenberg_block_has_review":false},"product_cat":[13485],"product_tag":[],"class_list":{"0":"post-2599683","1":"product","2":"type-product","3":"status-publish","4":"has-post-thumbnail","6":"product_cat-redis-roigas","8":"first","9":"instock","10":"shipping-taxable","11":"purchasable","12":"product-type-simple"},"yoast_head":"<!-- This site is optimized with the Yoast SEO plugin v24.0 - https:\/\/yoast.com\/wordpress\/plugins\/seo\/ -->\n<title>Redis Lada - Horticom<\/title>\n<meta name=\"robots\" content=\"index, follow, max-snippet:-1, max-image-preview:large, max-video-preview:-1\" \/>\n<link rel=\"canonical\" href=\"https:\/\/horticom.ee\/e-pood\/toode\/redis-lada\/\" \/>\n<meta property=\"og:locale\" content=\"et_EE\" \/>\n<meta property=\"og:type\" content=\"article\" \/>\n<meta property=\"og:title\" content=\"Redis Lada - Horticom\" \/>\n<meta property=\"og:description\" content=\"Keskvarajane saagikas sort. P\u00e4rast seemnete idanemist kulub taimel kasvamiseks 33\u201337 p\u00e4eva. Redis ei kasva pikka aega \u00fcle, on korrap\u00e4rase kujuga, erkpunase v\u00e4rvusega ja mitte kibeda maitsega. Sobib kasvatamiseks kasvuhoones ja avamaal. Kasvatatakse kevadiseks, suviseks ja s\u00fcgiseseks saagiks.\" \/>\n<meta property=\"og:url\" content=\"https:\/\/horticom.ee\/e-pood\/toode\/redis-lada\/\" \/>\n<meta property=\"og:site_name\" content=\"Horticom.ee\" \/>\n<meta property=\"article:publisher\" content=\"https:\/\/www.facebook.com\/horticom.ee\/e-pood\" \/>\n<meta property=\"article:modified_time\" content=\"2026-04-16T00:16:30+00:00\" \/>\n<meta property=\"og:image\" content=\"https:\/\/horticom.ee\/e-pood\/wp-content\/uploads\/importedmedia\/product_2599683_0_UG026.jpg\" \/>\n\t<meta property=\"og:image:width\" content=\"999\" \/>\n\t<meta property=\"og:image:height\" content=\"1771\" \/>\n\t<meta property=\"og:image:type\" content=\"image\/jpeg\" \/>\n<meta name=\"twitter:card\" content=\"summary_large_image\" \/>\n<script type=\"application\/ld+json\" class=\"yoast-schema-graph\">{\"@context\":\"https:\/\/schema.org\",\"@graph\":[{\"@type\":\"WebPage\",\"@id\":\"https:\/\/horticom.ee\/e-pood\/toode\/redis-lada\/\",\"url\":\"https:\/\/horticom.ee\/e-pood\/toode\/redis-lada\/\",\"name\":\"Redis Lada - Horticom\",\"isPartOf\":{\"@id\":\"https:\/\/horticom.ee\/e-pood\/#website\"},\"primaryImageOfPage\":{\"@id\":\"https:\/\/horticom.ee\/e-pood\/toode\/redis-lada\/#primaryimage\"},\"image\":{\"@id\":\"https:\/\/horticom.ee\/e-pood\/toode\/redis-lada\/#primaryimage\"},\"thumbnailUrl\":\"https:\/\/horticom.ee\/e-pood\/wp-content\/uploads\/importedmedia\/product_2599683_0_UG026.jpg\",\"datePublished\":\"2026-04-09T14:01:31+00:00\",\"dateModified\":\"2026-04-16T00:16:30+00:00\",\"breadcrumb\":{\"@id\":\"https:\/\/horticom.ee\/e-pood\/toode\/redis-lada\/#breadcrumb\"},\"inLanguage\":\"et\",\"potentialAction\":[{\"@type\":\"ReadAction\",\"target\":[\"https:\/\/horticom.ee\/e-pood\/toode\/redis-lada\/\"]}]},{\"@type\":\"ImageObject\",\"inLanguage\":\"et\",\"@id\":\"https:\/\/horticom.ee\/e-pood\/toode\/redis-lada\/#primaryimage\",\"url\":\"https:\/\/horticom.ee\/e-pood\/wp-content\/uploads\/importedmedia\/product_2599683_0_UG026.jpg\",\"contentUrl\":\"https:\/\/horticom.ee\/e-pood\/wp-content\/uploads\/importedmedia\/product_2599683_0_UG026.jpg\",\"width\":999,\"height\":1771},{\"@type\":\"BreadcrumbList\",\"@id\":\"https:\/\/horticom.ee\/e-pood\/toode\/redis-lada\/#breadcrumb\",\"itemListElement\":[{\"@type\":\"ListItem\",\"position\":1,\"name\":\"Home\",\"item\":\"https:\/\/horticom.ee\/e-pood\/\"},{\"@type\":\"ListItem\",\"position\":2,\"name\":\"Pood\",\"item\":\"https:\/\/horticom.ee\/e-pood\/pood\/\"},{\"@type\":\"ListItem\",\"position\":3,\"name\":\"Redis Lada\"}]},{\"@type\":\"WebSite\",\"@id\":\"https:\/\/horticom.ee\/e-pood\/#website\",\"url\":\"https:\/\/horticom.ee\/e-pood\/\",\"name\":\"Horticom.ee\",\"description\":\"Aianduskaubad ja kodukaubad nii harrastajatele kui professionaalidele\",\"potentialAction\":[{\"@type\":\"SearchAction\",\"target\":{\"@type\":\"EntryPoint\",\"urlTemplate\":\"https:\/\/horticom.ee\/e-pood\/?s={search_term_string}\"},\"query-input\":{\"@type\":\"PropertyValueSpecification\",\"valueRequired\":true,\"valueName\":\"search_term_string\"}}],\"inLanguage\":\"et\"}]}<\/script>\n<!-- \/ Yoast SEO plugin. -->","yoast_head_json":{"title":"Redis Lada - Horticom","robots":{"index":"index","follow":"follow","max-snippet":"max-snippet:-1","max-image-preview":"max-image-preview:large","max-video-preview":"max-video-preview:-1"},"canonical":"https:\/\/horticom.ee\/e-pood\/toode\/redis-lada\/","og_locale":"et_EE","og_type":"article","og_title":"Redis Lada - Horticom","og_description":"Keskvarajane saagikas sort. P\u00e4rast seemnete idanemist kulub taimel kasvamiseks 33\u201337 p\u00e4eva. Redis ei kasva pikka aega \u00fcle, on korrap\u00e4rase kujuga, erkpunase v\u00e4rvusega ja mitte kibeda maitsega. Sobib kasvatamiseks kasvuhoones ja avamaal. Kasvatatakse kevadiseks, suviseks ja s\u00fcgiseseks saagiks.","og_url":"https:\/\/horticom.ee\/e-pood\/toode\/redis-lada\/","og_site_name":"Horticom.ee","article_publisher":"https:\/\/www.facebook.com\/horticom.ee\/e-pood","article_modified_time":"2026-04-16T00:16:30+00:00","og_image":[{"width":999,"height":1771,"url":"https:\/\/horticom.ee\/e-pood\/wp-content\/uploads\/importedmedia\/product_2599683_0_UG026.jpg","type":"image\/jpeg"}],"twitter_card":"summary_large_image","schema":{"@context":"https:\/\/schema.org","@graph":[{"@type":"WebPage","@id":"https:\/\/horticom.ee\/e-pood\/toode\/redis-lada\/","url":"https:\/\/horticom.ee\/e-pood\/toode\/redis-lada\/","name":"Redis Lada - Horticom","isPartOf":{"@id":"https:\/\/horticom.ee\/e-pood\/#website"},"primaryImageOfPage":{"@id":"https:\/\/horticom.ee\/e-pood\/toode\/redis-lada\/#primaryimage"},"image":{"@id":"https:\/\/horticom.ee\/e-pood\/toode\/redis-lada\/#primaryimage"},"thumbnailUrl":"https:\/\/horticom.ee\/e-pood\/wp-content\/uploads\/importedmedia\/product_2599683_0_UG026.jpg","datePublished":"2026-04-09T14:01:31+00:00","dateModified":"2026-04-16T00:16:30+00:00","breadcrumb":{"@id":"https:\/\/horticom.ee\/e-pood\/toode\/redis-lada\/#breadcrumb"},"inLanguage":"et","potentialAction":[{"@type":"ReadAction","target":["https:\/\/horticom.ee\/e-pood\/toode\/redis-lada\/"]}]},{"@type":"ImageObject","inLanguage":"et","@id":"https:\/\/horticom.ee\/e-pood\/toode\/redis-lada\/#primaryimage","url":"https:\/\/horticom.ee\/e-pood\/wp-content\/uploads\/importedmedia\/product_2599683_0_UG026.jpg","contentUrl":"https:\/\/horticom.ee\/e-pood\/wp-content\/uploads\/importedmedia\/product_2599683_0_UG026.jpg","width":999,"height":1771},{"@type":"BreadcrumbList","@id":"https:\/\/horticom.ee\/e-pood\/toode\/redis-lada\/#breadcrumb","itemListElement":[{"@type":"ListItem","position":1,"name":"Home","item":"https:\/\/horticom.ee\/e-pood\/"},{"@type":"ListItem","position":2,"name":"Pood","item":"https:\/\/horticom.ee\/e-pood\/pood\/"},{"@type":"ListItem","position":3,"name":"Redis Lada"}]},{"@type":"WebSite","@id":"https:\/\/horticom.ee\/e-pood\/#website","url":"https:\/\/horticom.ee\/e-pood\/","name":"Horticom.ee","description":"Aianduskaubad ja kodukaubad nii harrastajatele kui professionaalidele","potentialAction":[{"@type":"SearchAction","target":{"@type":"EntryPoint","urlTemplate":"https:\/\/horticom.ee\/e-pood\/?s={search_term_string}"},"query-input":{"@type":"PropertyValueSpecification","valueRequired":true,"valueName":"search_term_string"}}],"inLanguage":"et"}]}},"_links":{"self":[{"href":"https:\/\/horticom.ee\/e-pood\/wp-json\/wp\/v2\/product\/2599683","targetHints":{"allow":["GET"]}}],"collection":[{"href":"https:\/\/horticom.ee\/e-pood\/wp-json\/wp\/v2\/product"}],"about":[{"href":"https:\/\/horticom.ee\/e-pood\/wp-json\/wp\/v2\/types\/product"}],"replies":[{"embeddable":true,"href":"https:\/\/horticom.ee\/e-pood\/wp-json\/wp\/v2\/comments?post=2599683"}],"wp:featuredmedia":[{"embeddable":true,"href":"https:\/\/horticom.ee\/e-pood\/wp-json\/wp\/v2\/media\/2599740"}],"wp:attachment":[{"href":"https:\/\/horticom.ee\/e-pood\/wp-json\/wp\/v2\/media?parent=2599683"}],"wp:term":[{"taxonomy":"product_cat","embeddable":true,"href":"https:\/\/horticom.ee\/e-pood\/wp-json\/wp\/v2\/product_cat?post=2599683"},{"taxonomy":"product_tag","embeddable":true,"href":"https:\/\/horticom.ee\/e-pood\/wp-json\/wp\/v2\/product_tag?post=2599683"}],"curies":[{"name":"wp","href":"https:\/\/api.w.org\/{rel}","templated":true}]}}