{"id":2599687,"date":"2026-04-09T17:01:32","date_gmt":"2026-04-09T14:01:32","guid":{"rendered":"https:\/\/horticom.ee\/e-pood\/toode\/lilleseemnesegu-low\/"},"modified":"2026-04-16T03:16:30","modified_gmt":"2026-04-16T00:16:30","slug":"lilleseemnesegu-low","status":"publish","type":"product","link":"https:\/\/horticom.ee\/e-pood\/toode\/lilleseemnesegu-low\/","title":{"rendered":"Lilleseemnesegu Low"},"content":{"rendered":"<p>V\u00e4rvikate 30cm k\u00f5rguste lillede segu suviste lillepeenarde jaoks. Sisaldab lillesorte, mis \u00f5itsevad rikkalikult ja moodustavad tihedaid lillevaipu. \u00d5itseb kogu suve. Seemneid v\u00f5ib k\u00fclvata otse lillepeenrasse. Kasvatamiseks valitakse p\u00e4ikeseline koht, kus on vett ja \u00f5hku l\u00e4bilaskev pinnas.<\/p>\n","protected":false},"excerpt":{"rendered":"<p>V\u00e4rvikate 30cm k\u00f5rguste lillede segu suviste lillepeenarde jaoks. Sisaldab lillesorte, mis \u00f5itsevad rikkalikult ja moodustavad tihedaid lillevaipu. \u00d5itseb kogu suve. Seemneid v\u00f5ib k\u00fclvata otse lillepeenrasse. Kasvatamiseks valitakse p\u00e4ikeseline koht, kus on vett ja \u00f5hku l\u00e4bilaskev pinnas.<\/p>\n","protected":false},"featured_media":2599726,"comment_status":"closed","ping_status":"closed","template":"","meta":{"_themeisle_gutenberg_block_has_review":false},"product_cat":[13513],"product_tag":[],"class_list":{"0":"post-2599687","1":"product","2":"type-product","3":"status-publish","4":"has-post-thumbnail","6":"product_cat-muud-uheaastased-lilleseemned","8":"first","9":"instock","10":"shipping-taxable","11":"purchasable","12":"product-type-simple"},"yoast_head":"<!-- This site is optimized with the Yoast SEO plugin v24.0 - https:\/\/yoast.com\/wordpress\/plugins\/seo\/ -->\n<title>Lilleseemnesegu Low - Horticom<\/title>\n<meta name=\"robots\" content=\"index, follow, max-snippet:-1, max-image-preview:large, max-video-preview:-1\" \/>\n<link rel=\"canonical\" href=\"https:\/\/horticom.ee\/e-pood\/toode\/lilleseemnesegu-low\/\" \/>\n<meta property=\"og:locale\" content=\"et_EE\" \/>\n<meta property=\"og:type\" content=\"article\" \/>\n<meta property=\"og:title\" content=\"Lilleseemnesegu Low - Horticom\" \/>\n<meta property=\"og:description\" content=\"V\u00e4rvikate 30cm k\u00f5rguste lillede segu suviste lillepeenarde jaoks. Sisaldab lillesorte, mis \u00f5itsevad rikkalikult ja moodustavad tihedaid lillevaipu. \u00d5itseb kogu suve. Seemneid v\u00f5ib k\u00fclvata otse lillepeenrasse. Kasvatamiseks valitakse p\u00e4ikeseline koht, kus on vett ja \u00f5hku l\u00e4bilaskev pinnas.\" \/>\n<meta property=\"og:url\" content=\"https:\/\/horticom.ee\/e-pood\/toode\/lilleseemnesegu-low\/\" \/>\n<meta property=\"og:site_name\" content=\"Horticom.ee\" \/>\n<meta property=\"article:publisher\" content=\"https:\/\/www.facebook.com\/horticom.ee\/e-pood\" \/>\n<meta property=\"article:modified_time\" content=\"2026-04-16T00:16:30+00:00\" \/>\n<meta property=\"og:image\" content=\"https:\/\/horticom.ee\/e-pood\/wp-content\/uploads\/importedmedia\/product_2599687_0_UG030.jpg\" \/>\n\t<meta property=\"og:image:width\" content=\"999\" \/>\n\t<meta property=\"og:image:height\" content=\"1771\" \/>\n\t<meta property=\"og:image:type\" content=\"image\/jpeg\" \/>\n<meta name=\"twitter:card\" content=\"summary_large_image\" \/>\n<script type=\"application\/ld+json\" class=\"yoast-schema-graph\">{\"@context\":\"https:\/\/schema.org\",\"@graph\":[{\"@type\":\"WebPage\",\"@id\":\"https:\/\/horticom.ee\/e-pood\/toode\/lilleseemnesegu-low\/\",\"url\":\"https:\/\/horticom.ee\/e-pood\/toode\/lilleseemnesegu-low\/\",\"name\":\"Lilleseemnesegu Low - Horticom\",\"isPartOf\":{\"@id\":\"https:\/\/horticom.ee\/e-pood\/#website\"},\"primaryImageOfPage\":{\"@id\":\"https:\/\/horticom.ee\/e-pood\/toode\/lilleseemnesegu-low\/#primaryimage\"},\"image\":{\"@id\":\"https:\/\/horticom.ee\/e-pood\/toode\/lilleseemnesegu-low\/#primaryimage\"},\"thumbnailUrl\":\"https:\/\/horticom.ee\/e-pood\/wp-content\/uploads\/importedmedia\/product_2599687_0_UG030.jpg\",\"datePublished\":\"2026-04-09T14:01:32+00:00\",\"dateModified\":\"2026-04-16T00:16:30+00:00\",\"breadcrumb\":{\"@id\":\"https:\/\/horticom.ee\/e-pood\/toode\/lilleseemnesegu-low\/#breadcrumb\"},\"inLanguage\":\"et\",\"potentialAction\":[{\"@type\":\"ReadAction\",\"target\":[\"https:\/\/horticom.ee\/e-pood\/toode\/lilleseemnesegu-low\/\"]}]},{\"@type\":\"ImageObject\",\"inLanguage\":\"et\",\"@id\":\"https:\/\/horticom.ee\/e-pood\/toode\/lilleseemnesegu-low\/#primaryimage\",\"url\":\"https:\/\/horticom.ee\/e-pood\/wp-content\/uploads\/importedmedia\/product_2599687_0_UG030.jpg\",\"contentUrl\":\"https:\/\/horticom.ee\/e-pood\/wp-content\/uploads\/importedmedia\/product_2599687_0_UG030.jpg\",\"width\":999,\"height\":1771},{\"@type\":\"BreadcrumbList\",\"@id\":\"https:\/\/horticom.ee\/e-pood\/toode\/lilleseemnesegu-low\/#breadcrumb\",\"itemListElement\":[{\"@type\":\"ListItem\",\"position\":1,\"name\":\"Home\",\"item\":\"https:\/\/horticom.ee\/e-pood\/\"},{\"@type\":\"ListItem\",\"position\":2,\"name\":\"Pood\",\"item\":\"https:\/\/horticom.ee\/e-pood\/pood\/\"},{\"@type\":\"ListItem\",\"position\":3,\"name\":\"Lilleseemnesegu Low\"}]},{\"@type\":\"WebSite\",\"@id\":\"https:\/\/horticom.ee\/e-pood\/#website\",\"url\":\"https:\/\/horticom.ee\/e-pood\/\",\"name\":\"Horticom.ee\",\"description\":\"Aianduskaubad ja kodukaubad nii harrastajatele kui professionaalidele\",\"potentialAction\":[{\"@type\":\"SearchAction\",\"target\":{\"@type\":\"EntryPoint\",\"urlTemplate\":\"https:\/\/horticom.ee\/e-pood\/?s={search_term_string}\"},\"query-input\":{\"@type\":\"PropertyValueSpecification\",\"valueRequired\":true,\"valueName\":\"search_term_string\"}}],\"inLanguage\":\"et\"}]}<\/script>\n<!-- \/ Yoast SEO plugin. -->","yoast_head_json":{"title":"Lilleseemnesegu Low - Horticom","robots":{"index":"index","follow":"follow","max-snippet":"max-snippet:-1","max-image-preview":"max-image-preview:large","max-video-preview":"max-video-preview:-1"},"canonical":"https:\/\/horticom.ee\/e-pood\/toode\/lilleseemnesegu-low\/","og_locale":"et_EE","og_type":"article","og_title":"Lilleseemnesegu Low - Horticom","og_description":"V\u00e4rvikate 30cm k\u00f5rguste lillede segu suviste lillepeenarde jaoks. Sisaldab lillesorte, mis \u00f5itsevad rikkalikult ja moodustavad tihedaid lillevaipu. \u00d5itseb kogu suve. Seemneid v\u00f5ib k\u00fclvata otse lillepeenrasse. Kasvatamiseks valitakse p\u00e4ikeseline koht, kus on vett ja \u00f5hku l\u00e4bilaskev pinnas.","og_url":"https:\/\/horticom.ee\/e-pood\/toode\/lilleseemnesegu-low\/","og_site_name":"Horticom.ee","article_publisher":"https:\/\/www.facebook.com\/horticom.ee\/e-pood","article_modified_time":"2026-04-16T00:16:30+00:00","og_image":[{"width":999,"height":1771,"url":"https:\/\/horticom.ee\/e-pood\/wp-content\/uploads\/importedmedia\/product_2599687_0_UG030.jpg","type":"image\/jpeg"}],"twitter_card":"summary_large_image","schema":{"@context":"https:\/\/schema.org","@graph":[{"@type":"WebPage","@id":"https:\/\/horticom.ee\/e-pood\/toode\/lilleseemnesegu-low\/","url":"https:\/\/horticom.ee\/e-pood\/toode\/lilleseemnesegu-low\/","name":"Lilleseemnesegu Low - Horticom","isPartOf":{"@id":"https:\/\/horticom.ee\/e-pood\/#website"},"primaryImageOfPage":{"@id":"https:\/\/horticom.ee\/e-pood\/toode\/lilleseemnesegu-low\/#primaryimage"},"image":{"@id":"https:\/\/horticom.ee\/e-pood\/toode\/lilleseemnesegu-low\/#primaryimage"},"thumbnailUrl":"https:\/\/horticom.ee\/e-pood\/wp-content\/uploads\/importedmedia\/product_2599687_0_UG030.jpg","datePublished":"2026-04-09T14:01:32+00:00","dateModified":"2026-04-16T00:16:30+00:00","breadcrumb":{"@id":"https:\/\/horticom.ee\/e-pood\/toode\/lilleseemnesegu-low\/#breadcrumb"},"inLanguage":"et","potentialAction":[{"@type":"ReadAction","target":["https:\/\/horticom.ee\/e-pood\/toode\/lilleseemnesegu-low\/"]}]},{"@type":"ImageObject","inLanguage":"et","@id":"https:\/\/horticom.ee\/e-pood\/toode\/lilleseemnesegu-low\/#primaryimage","url":"https:\/\/horticom.ee\/e-pood\/wp-content\/uploads\/importedmedia\/product_2599687_0_UG030.jpg","contentUrl":"https:\/\/horticom.ee\/e-pood\/wp-content\/uploads\/importedmedia\/product_2599687_0_UG030.jpg","width":999,"height":1771},{"@type":"BreadcrumbList","@id":"https:\/\/horticom.ee\/e-pood\/toode\/lilleseemnesegu-low\/#breadcrumb","itemListElement":[{"@type":"ListItem","position":1,"name":"Home","item":"https:\/\/horticom.ee\/e-pood\/"},{"@type":"ListItem","position":2,"name":"Pood","item":"https:\/\/horticom.ee\/e-pood\/pood\/"},{"@type":"ListItem","position":3,"name":"Lilleseemnesegu Low"}]},{"@type":"WebSite","@id":"https:\/\/horticom.ee\/e-pood\/#website","url":"https:\/\/horticom.ee\/e-pood\/","name":"Horticom.ee","description":"Aianduskaubad ja kodukaubad nii harrastajatele kui professionaalidele","potentialAction":[{"@type":"SearchAction","target":{"@type":"EntryPoint","urlTemplate":"https:\/\/horticom.ee\/e-pood\/?s={search_term_string}"},"query-input":{"@type":"PropertyValueSpecification","valueRequired":true,"valueName":"search_term_string"}}],"inLanguage":"et"}]}},"_links":{"self":[{"href":"https:\/\/horticom.ee\/e-pood\/wp-json\/wp\/v2\/product\/2599687","targetHints":{"allow":["GET"]}}],"collection":[{"href":"https:\/\/horticom.ee\/e-pood\/wp-json\/wp\/v2\/product"}],"about":[{"href":"https:\/\/horticom.ee\/e-pood\/wp-json\/wp\/v2\/types\/product"}],"replies":[{"embeddable":true,"href":"https:\/\/horticom.ee\/e-pood\/wp-json\/wp\/v2\/comments?post=2599687"}],"wp:featuredmedia":[{"embeddable":true,"href":"https:\/\/horticom.ee\/e-pood\/wp-json\/wp\/v2\/media\/2599726"}],"wp:attachment":[{"href":"https:\/\/horticom.ee\/e-pood\/wp-json\/wp\/v2\/media?parent=2599687"}],"wp:term":[{"taxonomy":"product_cat","embeddable":true,"href":"https:\/\/horticom.ee\/e-pood\/wp-json\/wp\/v2\/product_cat?post=2599687"},{"taxonomy":"product_tag","embeddable":true,"href":"https:\/\/horticom.ee\/e-pood\/wp-json\/wp\/v2\/product_tag?post=2599687"}],"curies":[{"name":"wp","href":"https:\/\/api.w.org\/{rel}","templated":true}]}}