{"id":2599696,"date":"2026-04-09T17:01:33","date_gmt":"2026-04-09T14:01:33","guid":{"rendered":"https:\/\/horticom.ee\/e-pood\/toode\/sugisene-premium-muruvaetis-horticom-5kg\/"},"modified":"2026-04-17T03:17:59","modified_gmt":"2026-04-17T00:17:59","slug":"sugisene-premium-muruvaetis-horticom-5kg","status":"publish","type":"product","link":"https:\/\/horticom.ee\/e-pood\/toode\/sugisene-premium-muruvaetis-horticom-5kg\/","title":{"rendered":"S\u00fcgisene Premium muruv\u00e4etis Horticom 5kg"},"content":{"rendered":"<p>Kvaliteetne pikaajalise toimega muruv\u00e4etis, mis on spetsiaalselt v\u00e4lja t\u00f6\u00f6tatud murule s\u00fcgiseseks v\u00e4etamiseks ja talveks ettevalmistamiseks. Parandab murukatte stressitaluvust ja k\u00fclmakindlust, mis aitab rohul ellu j\u00e4\u00e4da karmides ilmastikuoludes. Toetab uuesti elustumist kevadel, aidates murul varasemalt ja j\u00f5ulisemalt kasvada. Sobib nii aia- kui ka spordimuru v\u00e4etamiseks.<\/p>\n","protected":false},"excerpt":{"rendered":"<p>Kvaliteetne pikaajalise toimega muruv\u00e4etis, mis on spetsiaalselt v\u00e4lja t\u00f6\u00f6tatud murule s\u00fcgiseseks v\u00e4etamiseks ja talveks ettevalmistamiseks. Parandab murukatte stressitaluvust ja k\u00fclmakindlust, mis aitab rohul ellu j\u00e4\u00e4da karmides ilmastikuoludes. Toetab uuesti elustumist kevadel, aidates murul varasemalt ja j\u00f5ulisemalt kasvada. Sobib nii aia- kui ka spordimuru v\u00e4etamiseks.<\/p>\n","protected":false},"featured_media":0,"comment_status":"closed","ping_status":"closed","template":"","meta":{"_themeisle_gutenberg_block_has_review":false},"product_cat":[16970],"product_tag":[],"class_list":{"0":"post-2599696","1":"product","2":"type-product","3":"status-publish","5":"product_cat-murule","7":"first","8":"outofstock","9":"shipping-taxable","10":"purchasable","11":"product-type-simple"},"yoast_head":"<!-- This site is optimized with the Yoast SEO plugin v24.0 - https:\/\/yoast.com\/wordpress\/plugins\/seo\/ -->\n<title>S\u00fcgisene Premium muruv\u00e4etis Horticom 5kg - Horticom<\/title>\n<meta name=\"robots\" content=\"index, follow, max-snippet:-1, max-image-preview:large, max-video-preview:-1\" \/>\n<link rel=\"canonical\" href=\"https:\/\/horticom.ee\/e-pood\/toode\/sugisene-premium-muruvaetis-horticom-5kg\/\" \/>\n<meta property=\"og:locale\" content=\"et_EE\" \/>\n<meta property=\"og:type\" content=\"article\" \/>\n<meta property=\"og:title\" content=\"S\u00fcgisene Premium muruv\u00e4etis Horticom 5kg - Horticom\" \/>\n<meta property=\"og:description\" content=\"Kvaliteetne pikaajalise toimega muruv\u00e4etis, mis on spetsiaalselt v\u00e4lja t\u00f6\u00f6tatud murule s\u00fcgiseseks v\u00e4etamiseks ja talveks ettevalmistamiseks. Parandab murukatte stressitaluvust ja k\u00fclmakindlust, mis aitab rohul ellu j\u00e4\u00e4da karmides ilmastikuoludes. Toetab uuesti elustumist kevadel, aidates murul varasemalt ja j\u00f5ulisemalt kasvada. Sobib nii aia- kui ka spordimuru v\u00e4etamiseks.\" \/>\n<meta property=\"og:url\" content=\"https:\/\/horticom.ee\/e-pood\/toode\/sugisene-premium-muruvaetis-horticom-5kg\/\" \/>\n<meta property=\"og:site_name\" content=\"Horticom.ee\" \/>\n<meta property=\"article:publisher\" content=\"https:\/\/www.facebook.com\/horticom.ee\/e-pood\" \/>\n<meta property=\"article:modified_time\" content=\"2026-04-17T00:17:59+00:00\" \/>\n<meta name=\"twitter:card\" content=\"summary_large_image\" \/>\n<script type=\"application\/ld+json\" class=\"yoast-schema-graph\">{\"@context\":\"https:\/\/schema.org\",\"@graph\":[{\"@type\":\"WebPage\",\"@id\":\"https:\/\/horticom.ee\/e-pood\/toode\/sugisene-premium-muruvaetis-horticom-5kg\/\",\"url\":\"https:\/\/horticom.ee\/e-pood\/toode\/sugisene-premium-muruvaetis-horticom-5kg\/\",\"name\":\"S\u00fcgisene Premium muruv\u00e4etis Horticom 5kg - Horticom\",\"isPartOf\":{\"@id\":\"https:\/\/horticom.ee\/e-pood\/#website\"},\"datePublished\":\"2026-04-09T14:01:33+00:00\",\"dateModified\":\"2026-04-17T00:17:59+00:00\",\"breadcrumb\":{\"@id\":\"https:\/\/horticom.ee\/e-pood\/toode\/sugisene-premium-muruvaetis-horticom-5kg\/#breadcrumb\"},\"inLanguage\":\"et\",\"potentialAction\":[{\"@type\":\"ReadAction\",\"target\":[\"https:\/\/horticom.ee\/e-pood\/toode\/sugisene-premium-muruvaetis-horticom-5kg\/\"]}]},{\"@type\":\"BreadcrumbList\",\"@id\":\"https:\/\/horticom.ee\/e-pood\/toode\/sugisene-premium-muruvaetis-horticom-5kg\/#breadcrumb\",\"itemListElement\":[{\"@type\":\"ListItem\",\"position\":1,\"name\":\"Home\",\"item\":\"https:\/\/horticom.ee\/e-pood\/\"},{\"@type\":\"ListItem\",\"position\":2,\"name\":\"Pood\",\"item\":\"https:\/\/horticom.ee\/e-pood\/pood\/\"},{\"@type\":\"ListItem\",\"position\":3,\"name\":\"S\u00fcgisene Premium muruv\u00e4etis Horticom 5kg\"}]},{\"@type\":\"WebSite\",\"@id\":\"https:\/\/horticom.ee\/e-pood\/#website\",\"url\":\"https:\/\/horticom.ee\/e-pood\/\",\"name\":\"Horticom.ee\",\"description\":\"Aianduskaubad ja kodukaubad nii harrastajatele kui professionaalidele\",\"potentialAction\":[{\"@type\":\"SearchAction\",\"target\":{\"@type\":\"EntryPoint\",\"urlTemplate\":\"https:\/\/horticom.ee\/e-pood\/?s={search_term_string}\"},\"query-input\":{\"@type\":\"PropertyValueSpecification\",\"valueRequired\":true,\"valueName\":\"search_term_string\"}}],\"inLanguage\":\"et\"}]}<\/script>\n<!-- \/ Yoast SEO plugin. -->","yoast_head_json":{"title":"S\u00fcgisene Premium muruv\u00e4etis Horticom 5kg - Horticom","robots":{"index":"index","follow":"follow","max-snippet":"max-snippet:-1","max-image-preview":"max-image-preview:large","max-video-preview":"max-video-preview:-1"},"canonical":"https:\/\/horticom.ee\/e-pood\/toode\/sugisene-premium-muruvaetis-horticom-5kg\/","og_locale":"et_EE","og_type":"article","og_title":"S\u00fcgisene Premium muruv\u00e4etis Horticom 5kg - Horticom","og_description":"Kvaliteetne pikaajalise toimega muruv\u00e4etis, mis on spetsiaalselt v\u00e4lja t\u00f6\u00f6tatud murule s\u00fcgiseseks v\u00e4etamiseks ja talveks ettevalmistamiseks. Parandab murukatte stressitaluvust ja k\u00fclmakindlust, mis aitab rohul ellu j\u00e4\u00e4da karmides ilmastikuoludes. Toetab uuesti elustumist kevadel, aidates murul varasemalt ja j\u00f5ulisemalt kasvada. Sobib nii aia- kui ka spordimuru v\u00e4etamiseks.","og_url":"https:\/\/horticom.ee\/e-pood\/toode\/sugisene-premium-muruvaetis-horticom-5kg\/","og_site_name":"Horticom.ee","article_publisher":"https:\/\/www.facebook.com\/horticom.ee\/e-pood","article_modified_time":"2026-04-17T00:17:59+00:00","twitter_card":"summary_large_image","schema":{"@context":"https:\/\/schema.org","@graph":[{"@type":"WebPage","@id":"https:\/\/horticom.ee\/e-pood\/toode\/sugisene-premium-muruvaetis-horticom-5kg\/","url":"https:\/\/horticom.ee\/e-pood\/toode\/sugisene-premium-muruvaetis-horticom-5kg\/","name":"S\u00fcgisene Premium muruv\u00e4etis Horticom 5kg - Horticom","isPartOf":{"@id":"https:\/\/horticom.ee\/e-pood\/#website"},"datePublished":"2026-04-09T14:01:33+00:00","dateModified":"2026-04-17T00:17:59+00:00","breadcrumb":{"@id":"https:\/\/horticom.ee\/e-pood\/toode\/sugisene-premium-muruvaetis-horticom-5kg\/#breadcrumb"},"inLanguage":"et","potentialAction":[{"@type":"ReadAction","target":["https:\/\/horticom.ee\/e-pood\/toode\/sugisene-premium-muruvaetis-horticom-5kg\/"]}]},{"@type":"BreadcrumbList","@id":"https:\/\/horticom.ee\/e-pood\/toode\/sugisene-premium-muruvaetis-horticom-5kg\/#breadcrumb","itemListElement":[{"@type":"ListItem","position":1,"name":"Home","item":"https:\/\/horticom.ee\/e-pood\/"},{"@type":"ListItem","position":2,"name":"Pood","item":"https:\/\/horticom.ee\/e-pood\/pood\/"},{"@type":"ListItem","position":3,"name":"S\u00fcgisene Premium muruv\u00e4etis Horticom 5kg"}]},{"@type":"WebSite","@id":"https:\/\/horticom.ee\/e-pood\/#website","url":"https:\/\/horticom.ee\/e-pood\/","name":"Horticom.ee","description":"Aianduskaubad ja kodukaubad nii harrastajatele kui professionaalidele","potentialAction":[{"@type":"SearchAction","target":{"@type":"EntryPoint","urlTemplate":"https:\/\/horticom.ee\/e-pood\/?s={search_term_string}"},"query-input":{"@type":"PropertyValueSpecification","valueRequired":true,"valueName":"search_term_string"}}],"inLanguage":"et"}]}},"_links":{"self":[{"href":"https:\/\/horticom.ee\/e-pood\/wp-json\/wp\/v2\/product\/2599696","targetHints":{"allow":["GET"]}}],"collection":[{"href":"https:\/\/horticom.ee\/e-pood\/wp-json\/wp\/v2\/product"}],"about":[{"href":"https:\/\/horticom.ee\/e-pood\/wp-json\/wp\/v2\/types\/product"}],"replies":[{"embeddable":true,"href":"https:\/\/horticom.ee\/e-pood\/wp-json\/wp\/v2\/comments?post=2599696"}],"wp:attachment":[{"href":"https:\/\/horticom.ee\/e-pood\/wp-json\/wp\/v2\/media?parent=2599696"}],"wp:term":[{"taxonomy":"product_cat","embeddable":true,"href":"https:\/\/horticom.ee\/e-pood\/wp-json\/wp\/v2\/product_cat?post=2599696"},{"taxonomy":"product_tag","embeddable":true,"href":"https:\/\/horticom.ee\/e-pood\/wp-json\/wp\/v2\/product_tag?post=2599696"}],"curies":[{"name":"wp","href":"https:\/\/api.w.org\/{rel}","templated":true}]}}