{"id":2604076,"date":"2026-04-15T06:00:40","date_gmt":"2026-04-15T03:00:40","guid":{"rendered":"https:\/\/horticom.ee\/e-pood\/toode\/surveprits-profession-olale-7l\/"},"modified":"2026-04-15T06:00:40","modified_gmt":"2026-04-15T03:00:40","slug":"surveprits-profession-olale-7l","status":"publish","type":"product","link":"https:\/\/horticom.ee\/e-pood\/toode\/surveprits-profession-olale-7l\/","title":{"rendered":"Surveprits Profession \u00f5lale 7L"},"content":{"rendered":"<p>Surveprits Profession \u00f5lale on lukustatava k\u00e4sipumbaga, p\u00f6\u00f6rleva otsikuga ning v\u00f5imalusega prits k\u00e4epidemelt p\u00f6idlaga mugavalt sisse\/v\u00e4lja l\u00fclitada. Pritsil on \u00fcler\u00f5huklapp, sees filter ja tugevdatud PCV voolik, pikkusega 170cm. Kaasas ka kanderihm. Mahutavus 7L.<\/p>\n","protected":false},"excerpt":{"rendered":"<p>Surveprits Profession \u00f5lale on lukustatava k\u00e4sipumbaga, p\u00f6\u00f6rleva otsikuga ning v\u00f5imalusega prits k\u00e4epidemelt p\u00f6idlaga mugavalt sisse\/v\u00e4lja l\u00fclitada. Pritsil on \u00fcler\u00f5huklapp, sees filter ja tugevdatud PCV voolik, pikkusega 170cm. Kaasas ka kanderihm. Mahutavus 7L.<\/p>\n","protected":false},"featured_media":0,"comment_status":"closed","ping_status":"closed","template":"","meta":{"_themeisle_gutenberg_block_has_review":false},"product_cat":[14015,14016,13620],"product_tag":[],"class_list":{"0":"post-2604076","1":"product","2":"type-product","3":"status-publish","5":"product_cat-pritsid","6":"product_cat-survepritsid","7":"product_cat-survepritsid-tootjale","9":"first","10":"outofstock","11":"shipping-taxable","12":"purchasable","13":"product-type-simple"},"yoast_head":"<!-- This site is optimized with the Yoast SEO plugin v24.0 - https:\/\/yoast.com\/wordpress\/plugins\/seo\/ -->\n<title>Surveprits Profession \u00f5lale 7L - Horticom<\/title>\n<meta name=\"robots\" content=\"index, follow, max-snippet:-1, max-image-preview:large, max-video-preview:-1\" \/>\n<link rel=\"canonical\" href=\"https:\/\/horticom.ee\/e-pood\/toode\/surveprits-profession-olale-7l\/\" \/>\n<meta property=\"og:locale\" content=\"et_EE\" \/>\n<meta property=\"og:type\" content=\"article\" \/>\n<meta property=\"og:title\" content=\"Surveprits Profession \u00f5lale 7L - Horticom\" \/>\n<meta property=\"og:description\" content=\"Surveprits Profession \u00f5lale on lukustatava k\u00e4sipumbaga, p\u00f6\u00f6rleva otsikuga ning v\u00f5imalusega prits k\u00e4epidemelt p\u00f6idlaga mugavalt sisse\/v\u00e4lja l\u00fclitada. Pritsil on \u00fcler\u00f5huklapp, sees filter ja tugevdatud PCV voolik, pikkusega 170cm. Kaasas ka kanderihm. Mahutavus 7L.\" \/>\n<meta property=\"og:url\" content=\"https:\/\/horticom.ee\/e-pood\/toode\/surveprits-profession-olale-7l\/\" \/>\n<meta property=\"og:site_name\" content=\"Horticom.ee\" \/>\n<meta property=\"article:publisher\" content=\"https:\/\/www.facebook.com\/horticom.ee\/e-pood\" \/>\n<meta name=\"twitter:card\" content=\"summary_large_image\" \/>\n<script type=\"application\/ld+json\" class=\"yoast-schema-graph\">{\"@context\":\"https:\/\/schema.org\",\"@graph\":[{\"@type\":\"WebPage\",\"@id\":\"https:\/\/horticom.ee\/e-pood\/toode\/surveprits-profession-olale-7l\/\",\"url\":\"https:\/\/horticom.ee\/e-pood\/toode\/surveprits-profession-olale-7l\/\",\"name\":\"Surveprits Profession \u00f5lale 7L - Horticom\",\"isPartOf\":{\"@id\":\"https:\/\/horticom.ee\/e-pood\/#website\"},\"datePublished\":\"2026-04-15T03:00:40+00:00\",\"dateModified\":\"2026-04-15T03:00:40+00:00\",\"breadcrumb\":{\"@id\":\"https:\/\/horticom.ee\/e-pood\/toode\/surveprits-profession-olale-7l\/#breadcrumb\"},\"inLanguage\":\"et\",\"potentialAction\":[{\"@type\":\"ReadAction\",\"target\":[\"https:\/\/horticom.ee\/e-pood\/toode\/surveprits-profession-olale-7l\/\"]}]},{\"@type\":\"BreadcrumbList\",\"@id\":\"https:\/\/horticom.ee\/e-pood\/toode\/surveprits-profession-olale-7l\/#breadcrumb\",\"itemListElement\":[{\"@type\":\"ListItem\",\"position\":1,\"name\":\"Home\",\"item\":\"https:\/\/horticom.ee\/e-pood\/\"},{\"@type\":\"ListItem\",\"position\":2,\"name\":\"Pood\",\"item\":\"https:\/\/horticom.ee\/e-pood\/pood\/\"},{\"@type\":\"ListItem\",\"position\":3,\"name\":\"Surveprits Profession \u00f5lale 7L\"}]},{\"@type\":\"WebSite\",\"@id\":\"https:\/\/horticom.ee\/e-pood\/#website\",\"url\":\"https:\/\/horticom.ee\/e-pood\/\",\"name\":\"Horticom.ee\",\"description\":\"Aianduskaubad ja kodukaubad nii harrastajatele kui professionaalidele\",\"potentialAction\":[{\"@type\":\"SearchAction\",\"target\":{\"@type\":\"EntryPoint\",\"urlTemplate\":\"https:\/\/horticom.ee\/e-pood\/?s={search_term_string}\"},\"query-input\":{\"@type\":\"PropertyValueSpecification\",\"valueRequired\":true,\"valueName\":\"search_term_string\"}}],\"inLanguage\":\"et\"}]}<\/script>\n<!-- \/ Yoast SEO plugin. -->","yoast_head_json":{"title":"Surveprits Profession \u00f5lale 7L - Horticom","robots":{"index":"index","follow":"follow","max-snippet":"max-snippet:-1","max-image-preview":"max-image-preview:large","max-video-preview":"max-video-preview:-1"},"canonical":"https:\/\/horticom.ee\/e-pood\/toode\/surveprits-profession-olale-7l\/","og_locale":"et_EE","og_type":"article","og_title":"Surveprits Profession \u00f5lale 7L - Horticom","og_description":"Surveprits Profession \u00f5lale on lukustatava k\u00e4sipumbaga, p\u00f6\u00f6rleva otsikuga ning v\u00f5imalusega prits k\u00e4epidemelt p\u00f6idlaga mugavalt sisse\/v\u00e4lja l\u00fclitada. Pritsil on \u00fcler\u00f5huklapp, sees filter ja tugevdatud PCV voolik, pikkusega 170cm. Kaasas ka kanderihm. Mahutavus 7L.","og_url":"https:\/\/horticom.ee\/e-pood\/toode\/surveprits-profession-olale-7l\/","og_site_name":"Horticom.ee","article_publisher":"https:\/\/www.facebook.com\/horticom.ee\/e-pood","twitter_card":"summary_large_image","schema":{"@context":"https:\/\/schema.org","@graph":[{"@type":"WebPage","@id":"https:\/\/horticom.ee\/e-pood\/toode\/surveprits-profession-olale-7l\/","url":"https:\/\/horticom.ee\/e-pood\/toode\/surveprits-profession-olale-7l\/","name":"Surveprits Profession \u00f5lale 7L - Horticom","isPartOf":{"@id":"https:\/\/horticom.ee\/e-pood\/#website"},"datePublished":"2026-04-15T03:00:40+00:00","dateModified":"2026-04-15T03:00:40+00:00","breadcrumb":{"@id":"https:\/\/horticom.ee\/e-pood\/toode\/surveprits-profession-olale-7l\/#breadcrumb"},"inLanguage":"et","potentialAction":[{"@type":"ReadAction","target":["https:\/\/horticom.ee\/e-pood\/toode\/surveprits-profession-olale-7l\/"]}]},{"@type":"BreadcrumbList","@id":"https:\/\/horticom.ee\/e-pood\/toode\/surveprits-profession-olale-7l\/#breadcrumb","itemListElement":[{"@type":"ListItem","position":1,"name":"Home","item":"https:\/\/horticom.ee\/e-pood\/"},{"@type":"ListItem","position":2,"name":"Pood","item":"https:\/\/horticom.ee\/e-pood\/pood\/"},{"@type":"ListItem","position":3,"name":"Surveprits Profession \u00f5lale 7L"}]},{"@type":"WebSite","@id":"https:\/\/horticom.ee\/e-pood\/#website","url":"https:\/\/horticom.ee\/e-pood\/","name":"Horticom.ee","description":"Aianduskaubad ja kodukaubad nii harrastajatele kui professionaalidele","potentialAction":[{"@type":"SearchAction","target":{"@type":"EntryPoint","urlTemplate":"https:\/\/horticom.ee\/e-pood\/?s={search_term_string}"},"query-input":{"@type":"PropertyValueSpecification","valueRequired":true,"valueName":"search_term_string"}}],"inLanguage":"et"}]}},"_links":{"self":[{"href":"https:\/\/horticom.ee\/e-pood\/wp-json\/wp\/v2\/product\/2604076","targetHints":{"allow":["GET"]}}],"collection":[{"href":"https:\/\/horticom.ee\/e-pood\/wp-json\/wp\/v2\/product"}],"about":[{"href":"https:\/\/horticom.ee\/e-pood\/wp-json\/wp\/v2\/types\/product"}],"replies":[{"embeddable":true,"href":"https:\/\/horticom.ee\/e-pood\/wp-json\/wp\/v2\/comments?post=2604076"}],"wp:attachment":[{"href":"https:\/\/horticom.ee\/e-pood\/wp-json\/wp\/v2\/media?parent=2604076"}],"wp:term":[{"taxonomy":"product_cat","embeddable":true,"href":"https:\/\/horticom.ee\/e-pood\/wp-json\/wp\/v2\/product_cat?post=2604076"},{"taxonomy":"product_tag","embeddable":true,"href":"https:\/\/horticom.ee\/e-pood\/wp-json\/wp\/v2\/product_tag?post=2604076"}],"curies":[{"name":"wp","href":"https:\/\/api.w.org\/{rel}","templated":true}]}}