{"id":2604326,"date":"2026-04-15T17:00:23","date_gmt":"2026-04-15T14:00:23","guid":{"rendered":"https:\/\/horticom.ee\/e-pood\/toode\/katteloor-160-x-100m-23g\/"},"modified":"2026-04-18T03:08:27","modified_gmt":"2026-04-18T00:08:27","slug":"katteloor-160-x-100m-23g","status":"publish","type":"product","link":"https:\/\/horticom.ee\/e-pood\/toode\/katteloor-160-x-100m-23g\/","title":{"rendered":"Katteloor 1,60 x 100m 23g"},"content":{"rendered":"<p>Aianduses kasutatav kerge ja UV-kindel kangas, mille abil saavutatakse ideaalsed tingimused taimede kasvuks. Katteloori tihedus on 23 gr\/m\u00b2. Pikaajalise t\u00f6\u00f6 tulemusena t\u00e4idab see k\u00f5iki kvaliteedin\u00f5udeid, mis on vajalikud korraliku saagi saamiseks. Loori all on \u00fchtlane temperatuur, sobiv \u00f5hutsirkulatsioon, piisavalt valgust ja niiskust. Just see katteloor on suurep\u00e4rase veel\u00e4bilaskev\u00f5imega ja ideaalse valgusl\u00e4bilaskev\u00f5imega. T\u00e4nu tugevatele ja \u00fchtlaselt jaotatud kiududele on loori kasutusaeg pikk.<\/p>\n","protected":false},"excerpt":{"rendered":"<p>Aianduses kasutatav kerge ja UV-kindel kangas, mille abil saavutatakse ideaalsed tingimused taimede kasvuks. Katteloori tihedus on 23 gr\/m\u00b2. Pikaajalise t\u00f6\u00f6 tulemusena t\u00e4idab see k\u00f5iki kvaliteedin\u00f5udeid, mis on vajalikud korraliku saagi saamiseks. Loori all on \u00fchtlane temperatuur, sobiv \u00f5hutsirkulatsioon, piisavalt valgust ja niiskust. Just see katteloor on suurep\u00e4rase veel\u00e4bilaskev\u00f5imega ja ideaalse valgusl\u00e4bilaskev\u00f5imega. T\u00e4nu tugevatele ja \u00fchtlaselt [&hellip;]<\/p>\n","protected":false},"featured_media":2604583,"comment_status":"closed","ping_status":"closed","template":"","meta":{"_themeisle_gutenberg_block_has_review":false},"product_cat":[13384,13636],"product_tag":[],"class_list":{"0":"post-2604326","1":"product","2":"type-product","3":"status-publish","4":"has-post-thumbnail","6":"product_cat-katteloorid","7":"product_cat-katteloorid-tootjale","9":"first","10":"instock","11":"shipping-taxable","12":"purchasable","13":"product-type-simple"},"yoast_head":"<!-- This site is optimized with the Yoast SEO plugin v24.0 - https:\/\/yoast.com\/wordpress\/plugins\/seo\/ -->\n<title>Katteloor 1,60 x 100m 23g - Horticom<\/title>\n<meta name=\"robots\" content=\"index, follow, max-snippet:-1, max-image-preview:large, max-video-preview:-1\" \/>\n<link rel=\"canonical\" href=\"https:\/\/horticom.ee\/e-pood\/toode\/katteloor-160-x-100m-23g\/\" \/>\n<meta property=\"og:locale\" content=\"et_EE\" \/>\n<meta property=\"og:type\" content=\"article\" \/>\n<meta property=\"og:title\" content=\"Katteloor 1,60 x 100m 23g - Horticom\" \/>\n<meta property=\"og:description\" content=\"Aianduses kasutatav kerge ja UV-kindel kangas, mille abil saavutatakse ideaalsed tingimused taimede kasvuks. Katteloori tihedus on 23 gr\/m\u00b2. Pikaajalise t\u00f6\u00f6 tulemusena t\u00e4idab see k\u00f5iki kvaliteedin\u00f5udeid, mis on vajalikud korraliku saagi saamiseks. Loori all on \u00fchtlane temperatuur, sobiv \u00f5hutsirkulatsioon, piisavalt valgust ja niiskust. Just see katteloor on suurep\u00e4rase veel\u00e4bilaskev\u00f5imega ja ideaalse valgusl\u00e4bilaskev\u00f5imega. T\u00e4nu tugevatele ja \u00fchtlaselt [&hellip;]\" \/>\n<meta property=\"og:url\" content=\"https:\/\/horticom.ee\/e-pood\/toode\/katteloor-160-x-100m-23g\/\" \/>\n<meta property=\"og:site_name\" content=\"Horticom.ee\" \/>\n<meta property=\"article:publisher\" content=\"https:\/\/www.facebook.com\/horticom.ee\/e-pood\" \/>\n<meta property=\"article:modified_time\" content=\"2026-04-18T00:08:27+00:00\" \/>\n<meta property=\"og:image\" content=\"https:\/\/horticom.ee\/e-pood\/wp-content\/uploads\/importedmedia\/product_2604326_0_86AL20.jpg\" \/>\n\t<meta property=\"og:image:width\" content=\"999\" \/>\n\t<meta property=\"og:image:height\" content=\"667\" \/>\n\t<meta property=\"og:image:type\" content=\"image\/jpeg\" \/>\n<meta name=\"twitter:card\" content=\"summary_large_image\" \/>\n<script type=\"application\/ld+json\" class=\"yoast-schema-graph\">{\"@context\":\"https:\/\/schema.org\",\"@graph\":[{\"@type\":\"WebPage\",\"@id\":\"https:\/\/horticom.ee\/e-pood\/toode\/katteloor-160-x-100m-23g\/\",\"url\":\"https:\/\/horticom.ee\/e-pood\/toode\/katteloor-160-x-100m-23g\/\",\"name\":\"Katteloor 1,60 x 100m 23g - Horticom\",\"isPartOf\":{\"@id\":\"https:\/\/horticom.ee\/e-pood\/#website\"},\"primaryImageOfPage\":{\"@id\":\"https:\/\/horticom.ee\/e-pood\/toode\/katteloor-160-x-100m-23g\/#primaryimage\"},\"image\":{\"@id\":\"https:\/\/horticom.ee\/e-pood\/toode\/katteloor-160-x-100m-23g\/#primaryimage\"},\"thumbnailUrl\":\"https:\/\/horticom.ee\/e-pood\/wp-content\/uploads\/importedmedia\/product_2604326_0_86AL20.jpg\",\"datePublished\":\"2026-04-15T14:00:23+00:00\",\"dateModified\":\"2026-04-18T00:08:27+00:00\",\"breadcrumb\":{\"@id\":\"https:\/\/horticom.ee\/e-pood\/toode\/katteloor-160-x-100m-23g\/#breadcrumb\"},\"inLanguage\":\"et\",\"potentialAction\":[{\"@type\":\"ReadAction\",\"target\":[\"https:\/\/horticom.ee\/e-pood\/toode\/katteloor-160-x-100m-23g\/\"]}]},{\"@type\":\"ImageObject\",\"inLanguage\":\"et\",\"@id\":\"https:\/\/horticom.ee\/e-pood\/toode\/katteloor-160-x-100m-23g\/#primaryimage\",\"url\":\"https:\/\/horticom.ee\/e-pood\/wp-content\/uploads\/importedmedia\/product_2604326_0_86AL20.jpg\",\"contentUrl\":\"https:\/\/horticom.ee\/e-pood\/wp-content\/uploads\/importedmedia\/product_2604326_0_86AL20.jpg\",\"width\":999,\"height\":667},{\"@type\":\"BreadcrumbList\",\"@id\":\"https:\/\/horticom.ee\/e-pood\/toode\/katteloor-160-x-100m-23g\/#breadcrumb\",\"itemListElement\":[{\"@type\":\"ListItem\",\"position\":1,\"name\":\"Home\",\"item\":\"https:\/\/horticom.ee\/e-pood\/\"},{\"@type\":\"ListItem\",\"position\":2,\"name\":\"Pood\",\"item\":\"https:\/\/horticom.ee\/e-pood\/pood\/\"},{\"@type\":\"ListItem\",\"position\":3,\"name\":\"Katteloor 1,60 x 100m 23g\"}]},{\"@type\":\"WebSite\",\"@id\":\"https:\/\/horticom.ee\/e-pood\/#website\",\"url\":\"https:\/\/horticom.ee\/e-pood\/\",\"name\":\"Horticom.ee\",\"description\":\"Aianduskaubad ja kodukaubad nii harrastajatele kui professionaalidele\",\"potentialAction\":[{\"@type\":\"SearchAction\",\"target\":{\"@type\":\"EntryPoint\",\"urlTemplate\":\"https:\/\/horticom.ee\/e-pood\/?s={search_term_string}\"},\"query-input\":{\"@type\":\"PropertyValueSpecification\",\"valueRequired\":true,\"valueName\":\"search_term_string\"}}],\"inLanguage\":\"et\"}]}<\/script>\n<!-- \/ Yoast SEO plugin. -->","yoast_head_json":{"title":"Katteloor 1,60 x 100m 23g - Horticom","robots":{"index":"index","follow":"follow","max-snippet":"max-snippet:-1","max-image-preview":"max-image-preview:large","max-video-preview":"max-video-preview:-1"},"canonical":"https:\/\/horticom.ee\/e-pood\/toode\/katteloor-160-x-100m-23g\/","og_locale":"et_EE","og_type":"article","og_title":"Katteloor 1,60 x 100m 23g - Horticom","og_description":"Aianduses kasutatav kerge ja UV-kindel kangas, mille abil saavutatakse ideaalsed tingimused taimede kasvuks. Katteloori tihedus on 23 gr\/m\u00b2. Pikaajalise t\u00f6\u00f6 tulemusena t\u00e4idab see k\u00f5iki kvaliteedin\u00f5udeid, mis on vajalikud korraliku saagi saamiseks. Loori all on \u00fchtlane temperatuur, sobiv \u00f5hutsirkulatsioon, piisavalt valgust ja niiskust. Just see katteloor on suurep\u00e4rase veel\u00e4bilaskev\u00f5imega ja ideaalse valgusl\u00e4bilaskev\u00f5imega. T\u00e4nu tugevatele ja \u00fchtlaselt [&hellip;]","og_url":"https:\/\/horticom.ee\/e-pood\/toode\/katteloor-160-x-100m-23g\/","og_site_name":"Horticom.ee","article_publisher":"https:\/\/www.facebook.com\/horticom.ee\/e-pood","article_modified_time":"2026-04-18T00:08:27+00:00","og_image":[{"width":999,"height":667,"url":"https:\/\/horticom.ee\/e-pood\/wp-content\/uploads\/importedmedia\/product_2604326_0_86AL20.jpg","type":"image\/jpeg"}],"twitter_card":"summary_large_image","schema":{"@context":"https:\/\/schema.org","@graph":[{"@type":"WebPage","@id":"https:\/\/horticom.ee\/e-pood\/toode\/katteloor-160-x-100m-23g\/","url":"https:\/\/horticom.ee\/e-pood\/toode\/katteloor-160-x-100m-23g\/","name":"Katteloor 1,60 x 100m 23g - Horticom","isPartOf":{"@id":"https:\/\/horticom.ee\/e-pood\/#website"},"primaryImageOfPage":{"@id":"https:\/\/horticom.ee\/e-pood\/toode\/katteloor-160-x-100m-23g\/#primaryimage"},"image":{"@id":"https:\/\/horticom.ee\/e-pood\/toode\/katteloor-160-x-100m-23g\/#primaryimage"},"thumbnailUrl":"https:\/\/horticom.ee\/e-pood\/wp-content\/uploads\/importedmedia\/product_2604326_0_86AL20.jpg","datePublished":"2026-04-15T14:00:23+00:00","dateModified":"2026-04-18T00:08:27+00:00","breadcrumb":{"@id":"https:\/\/horticom.ee\/e-pood\/toode\/katteloor-160-x-100m-23g\/#breadcrumb"},"inLanguage":"et","potentialAction":[{"@type":"ReadAction","target":["https:\/\/horticom.ee\/e-pood\/toode\/katteloor-160-x-100m-23g\/"]}]},{"@type":"ImageObject","inLanguage":"et","@id":"https:\/\/horticom.ee\/e-pood\/toode\/katteloor-160-x-100m-23g\/#primaryimage","url":"https:\/\/horticom.ee\/e-pood\/wp-content\/uploads\/importedmedia\/product_2604326_0_86AL20.jpg","contentUrl":"https:\/\/horticom.ee\/e-pood\/wp-content\/uploads\/importedmedia\/product_2604326_0_86AL20.jpg","width":999,"height":667},{"@type":"BreadcrumbList","@id":"https:\/\/horticom.ee\/e-pood\/toode\/katteloor-160-x-100m-23g\/#breadcrumb","itemListElement":[{"@type":"ListItem","position":1,"name":"Home","item":"https:\/\/horticom.ee\/e-pood\/"},{"@type":"ListItem","position":2,"name":"Pood","item":"https:\/\/horticom.ee\/e-pood\/pood\/"},{"@type":"ListItem","position":3,"name":"Katteloor 1,60 x 100m 23g"}]},{"@type":"WebSite","@id":"https:\/\/horticom.ee\/e-pood\/#website","url":"https:\/\/horticom.ee\/e-pood\/","name":"Horticom.ee","description":"Aianduskaubad ja kodukaubad nii harrastajatele kui professionaalidele","potentialAction":[{"@type":"SearchAction","target":{"@type":"EntryPoint","urlTemplate":"https:\/\/horticom.ee\/e-pood\/?s={search_term_string}"},"query-input":{"@type":"PropertyValueSpecification","valueRequired":true,"valueName":"search_term_string"}}],"inLanguage":"et"}]}},"_links":{"self":[{"href":"https:\/\/horticom.ee\/e-pood\/wp-json\/wp\/v2\/product\/2604326","targetHints":{"allow":["GET"]}}],"collection":[{"href":"https:\/\/horticom.ee\/e-pood\/wp-json\/wp\/v2\/product"}],"about":[{"href":"https:\/\/horticom.ee\/e-pood\/wp-json\/wp\/v2\/types\/product"}],"replies":[{"embeddable":true,"href":"https:\/\/horticom.ee\/e-pood\/wp-json\/wp\/v2\/comments?post=2604326"}],"wp:featuredmedia":[{"embeddable":true,"href":"https:\/\/horticom.ee\/e-pood\/wp-json\/wp\/v2\/media\/2604583"}],"wp:attachment":[{"href":"https:\/\/horticom.ee\/e-pood\/wp-json\/wp\/v2\/media?parent=2604326"}],"wp:term":[{"taxonomy":"product_cat","embeddable":true,"href":"https:\/\/horticom.ee\/e-pood\/wp-json\/wp\/v2\/product_cat?post=2604326"},{"taxonomy":"product_tag","embeddable":true,"href":"https:\/\/horticom.ee\/e-pood\/wp-json\/wp\/v2\/product_tag?post=2604326"}],"curies":[{"name":"wp","href":"https:\/\/api.w.org\/{rel}","templated":true}]}}