{"id":2611091,"date":"2026-04-23T17:00:17","date_gmt":"2026-04-23T14:00:17","guid":{"rendered":"https:\/\/horticom.ee\/e-pood\/toode\/aiakaarid-felco-16-vaikesele-kaele-vasak-loike-d20mm-195cm-kaal-210g\/"},"modified":"2026-04-24T03:03:46","modified_gmt":"2026-04-24T00:03:46","slug":"aiakaarid-felco-16-vaikesele-kaele-vasak-loike-d20mm-195cm-kaal-210g","status":"publish","type":"product","link":"https:\/\/horticom.ee\/e-pood\/toode\/aiakaarid-felco-16-vaikesele-kaele-vasak-loike-d20mm-195cm-kaal-210g\/","title":{"rendered":"Aiak\u00e4\u00e4rid Felco 16 v\u00e4ikesele k\u00e4ele vasak l\u00f5ike d20mm 19,5cm kaal 210g"},"content":{"rendered":"<p>Mugavad, kerged ja vastupidavad vasakuk\u00e4eliste aiak\u00e4\u00e4rid v\u00e4iksele k\u00e4ele. Tera on valmistatud k\u00f5rgkvaliteetsest terasest, ca 2cm l\u00e4bim\u00f5\u00f5duga okste l\u00f5ikamiseks. K\u00e4\u00e4ride kaal 210g. K\u00e4e ja randme kaitset pakuvad spetsiaalse kujuga k\u00e4epide ja amortisaator. Mittelibisev k\u00e4epide. K\u00f5ik varuosad on vahetatavad.<\/p>\n","protected":false},"excerpt":{"rendered":"<p>Mugavad, kerged ja vastupidavad vasakuk\u00e4eliste aiak\u00e4\u00e4rid v\u00e4iksele k\u00e4ele. Tera on valmistatud k\u00f5rgkvaliteetsest terasest, ca 2cm l\u00e4bim\u00f5\u00f5duga okste l\u00f5ikamiseks. K\u00e4\u00e4ride kaal 210g. K\u00e4e ja randme kaitset pakuvad spetsiaalse kujuga k\u00e4epide ja amortisaator. Mittelibisev k\u00e4epide. K\u00f5ik varuosad on vahetatavad.<\/p>\n","protected":false},"featured_media":2611422,"comment_status":"closed","ping_status":"closed","template":"","meta":{"_themeisle_gutenberg_block_has_review":false},"product_cat":[13349,13622],"product_tag":[],"class_list":{"0":"post-2611091","1":"product","2":"type-product","3":"status-publish","4":"has-post-thumbnail","6":"product_cat-kaarid","7":"product_cat-aiatooriistad-tootjale","9":"first","10":"instock","11":"shipping-taxable","12":"purchasable","13":"product-type-simple"},"yoast_head":"<!-- This site is optimized with the Yoast SEO plugin v24.0 - https:\/\/yoast.com\/wordpress\/plugins\/seo\/ -->\n<title>Aiak\u00e4\u00e4rid Felco 16 v\u00e4ikesele k\u00e4ele vasak l\u00f5ike d20mm 19,5cm kaal 210g - Horticom<\/title>\n<meta name=\"robots\" content=\"index, follow, max-snippet:-1, max-image-preview:large, max-video-preview:-1\" \/>\n<link rel=\"canonical\" href=\"https:\/\/horticom.ee\/e-pood\/toode\/aiakaarid-felco-16-vaikesele-kaele-vasak-loike-d20mm-195cm-kaal-210g\/\" \/>\n<meta property=\"og:locale\" content=\"et_EE\" \/>\n<meta property=\"og:type\" content=\"article\" \/>\n<meta property=\"og:title\" content=\"Aiak\u00e4\u00e4rid Felco 16 v\u00e4ikesele k\u00e4ele vasak l\u00f5ike d20mm 19,5cm kaal 210g - Horticom\" \/>\n<meta property=\"og:description\" content=\"Mugavad, kerged ja vastupidavad vasakuk\u00e4eliste aiak\u00e4\u00e4rid v\u00e4iksele k\u00e4ele. Tera on valmistatud k\u00f5rgkvaliteetsest terasest, ca 2cm l\u00e4bim\u00f5\u00f5duga okste l\u00f5ikamiseks. K\u00e4\u00e4ride kaal 210g. K\u00e4e ja randme kaitset pakuvad spetsiaalse kujuga k\u00e4epide ja amortisaator. Mittelibisev k\u00e4epide. K\u00f5ik varuosad on vahetatavad.\" \/>\n<meta property=\"og:url\" content=\"https:\/\/horticom.ee\/e-pood\/toode\/aiakaarid-felco-16-vaikesele-kaele-vasak-loike-d20mm-195cm-kaal-210g\/\" \/>\n<meta property=\"og:site_name\" content=\"Horticom.ee\" \/>\n<meta property=\"article:publisher\" content=\"https:\/\/www.facebook.com\/horticom.ee\/e-pood\" \/>\n<meta property=\"article:modified_time\" content=\"2026-04-24T00:03:46+00:00\" \/>\n<meta property=\"og:image\" content=\"https:\/\/horticom.ee\/e-pood\/wp-content\/uploads\/importedmedia\/product_2611091_0_3600013-scaled.jpg\" \/>\n\t<meta property=\"og:image:width\" content=\"798\" \/>\n\t<meta property=\"og:image:height\" content=\"2560\" \/>\n\t<meta property=\"og:image:type\" content=\"image\/jpeg\" \/>\n<meta name=\"twitter:card\" content=\"summary_large_image\" \/>\n<script type=\"application\/ld+json\" class=\"yoast-schema-graph\">{\"@context\":\"https:\/\/schema.org\",\"@graph\":[{\"@type\":\"WebPage\",\"@id\":\"https:\/\/horticom.ee\/e-pood\/toode\/aiakaarid-felco-16-vaikesele-kaele-vasak-loike-d20mm-195cm-kaal-210g\/\",\"url\":\"https:\/\/horticom.ee\/e-pood\/toode\/aiakaarid-felco-16-vaikesele-kaele-vasak-loike-d20mm-195cm-kaal-210g\/\",\"name\":\"Aiak\u00e4\u00e4rid Felco 16 v\u00e4ikesele k\u00e4ele vasak l\u00f5ike d20mm 19,5cm kaal 210g - Horticom\",\"isPartOf\":{\"@id\":\"https:\/\/horticom.ee\/e-pood\/#website\"},\"primaryImageOfPage\":{\"@id\":\"https:\/\/horticom.ee\/e-pood\/toode\/aiakaarid-felco-16-vaikesele-kaele-vasak-loike-d20mm-195cm-kaal-210g\/#primaryimage\"},\"image\":{\"@id\":\"https:\/\/horticom.ee\/e-pood\/toode\/aiakaarid-felco-16-vaikesele-kaele-vasak-loike-d20mm-195cm-kaal-210g\/#primaryimage\"},\"thumbnailUrl\":\"https:\/\/horticom.ee\/e-pood\/wp-content\/uploads\/importedmedia\/product_2611091_0_3600013-scaled.jpg\",\"datePublished\":\"2026-04-23T14:00:17+00:00\",\"dateModified\":\"2026-04-24T00:03:46+00:00\",\"breadcrumb\":{\"@id\":\"https:\/\/horticom.ee\/e-pood\/toode\/aiakaarid-felco-16-vaikesele-kaele-vasak-loike-d20mm-195cm-kaal-210g\/#breadcrumb\"},\"inLanguage\":\"et\",\"potentialAction\":[{\"@type\":\"ReadAction\",\"target\":[\"https:\/\/horticom.ee\/e-pood\/toode\/aiakaarid-felco-16-vaikesele-kaele-vasak-loike-d20mm-195cm-kaal-210g\/\"]}]},{\"@type\":\"ImageObject\",\"inLanguage\":\"et\",\"@id\":\"https:\/\/horticom.ee\/e-pood\/toode\/aiakaarid-felco-16-vaikesele-kaele-vasak-loike-d20mm-195cm-kaal-210g\/#primaryimage\",\"url\":\"https:\/\/horticom.ee\/e-pood\/wp-content\/uploads\/importedmedia\/product_2611091_0_3600013-scaled.jpg\",\"contentUrl\":\"https:\/\/horticom.ee\/e-pood\/wp-content\/uploads\/importedmedia\/product_2611091_0_3600013-scaled.jpg\",\"width\":798,\"height\":2560},{\"@type\":\"BreadcrumbList\",\"@id\":\"https:\/\/horticom.ee\/e-pood\/toode\/aiakaarid-felco-16-vaikesele-kaele-vasak-loike-d20mm-195cm-kaal-210g\/#breadcrumb\",\"itemListElement\":[{\"@type\":\"ListItem\",\"position\":1,\"name\":\"Home\",\"item\":\"https:\/\/horticom.ee\/e-pood\/\"},{\"@type\":\"ListItem\",\"position\":2,\"name\":\"Pood\",\"item\":\"https:\/\/horticom.ee\/e-pood\/pood\/\"},{\"@type\":\"ListItem\",\"position\":3,\"name\":\"Aiak\u00e4\u00e4rid Felco 16 v\u00e4ikesele k\u00e4ele vasak l\u00f5ike d20mm 19,5cm kaal 210g\"}]},{\"@type\":\"WebSite\",\"@id\":\"https:\/\/horticom.ee\/e-pood\/#website\",\"url\":\"https:\/\/horticom.ee\/e-pood\/\",\"name\":\"Horticom.ee\",\"description\":\"Aianduskaubad ja kodukaubad nii harrastajatele kui professionaalidele\",\"potentialAction\":[{\"@type\":\"SearchAction\",\"target\":{\"@type\":\"EntryPoint\",\"urlTemplate\":\"https:\/\/horticom.ee\/e-pood\/?s={search_term_string}\"},\"query-input\":{\"@type\":\"PropertyValueSpecification\",\"valueRequired\":true,\"valueName\":\"search_term_string\"}}],\"inLanguage\":\"et\"}]}<\/script>\n<!-- \/ Yoast SEO plugin. -->","yoast_head_json":{"title":"Aiak\u00e4\u00e4rid Felco 16 v\u00e4ikesele k\u00e4ele vasak l\u00f5ike d20mm 19,5cm kaal 210g - Horticom","robots":{"index":"index","follow":"follow","max-snippet":"max-snippet:-1","max-image-preview":"max-image-preview:large","max-video-preview":"max-video-preview:-1"},"canonical":"https:\/\/horticom.ee\/e-pood\/toode\/aiakaarid-felco-16-vaikesele-kaele-vasak-loike-d20mm-195cm-kaal-210g\/","og_locale":"et_EE","og_type":"article","og_title":"Aiak\u00e4\u00e4rid Felco 16 v\u00e4ikesele k\u00e4ele vasak l\u00f5ike d20mm 19,5cm kaal 210g - Horticom","og_description":"Mugavad, kerged ja vastupidavad vasakuk\u00e4eliste aiak\u00e4\u00e4rid v\u00e4iksele k\u00e4ele. Tera on valmistatud k\u00f5rgkvaliteetsest terasest, ca 2cm l\u00e4bim\u00f5\u00f5duga okste l\u00f5ikamiseks. K\u00e4\u00e4ride kaal 210g. K\u00e4e ja randme kaitset pakuvad spetsiaalse kujuga k\u00e4epide ja amortisaator. Mittelibisev k\u00e4epide. K\u00f5ik varuosad on vahetatavad.","og_url":"https:\/\/horticom.ee\/e-pood\/toode\/aiakaarid-felco-16-vaikesele-kaele-vasak-loike-d20mm-195cm-kaal-210g\/","og_site_name":"Horticom.ee","article_publisher":"https:\/\/www.facebook.com\/horticom.ee\/e-pood","article_modified_time":"2026-04-24T00:03:46+00:00","og_image":[{"width":798,"height":2560,"url":"https:\/\/horticom.ee\/e-pood\/wp-content\/uploads\/importedmedia\/product_2611091_0_3600013-scaled.jpg","type":"image\/jpeg"}],"twitter_card":"summary_large_image","schema":{"@context":"https:\/\/schema.org","@graph":[{"@type":"WebPage","@id":"https:\/\/horticom.ee\/e-pood\/toode\/aiakaarid-felco-16-vaikesele-kaele-vasak-loike-d20mm-195cm-kaal-210g\/","url":"https:\/\/horticom.ee\/e-pood\/toode\/aiakaarid-felco-16-vaikesele-kaele-vasak-loike-d20mm-195cm-kaal-210g\/","name":"Aiak\u00e4\u00e4rid Felco 16 v\u00e4ikesele k\u00e4ele vasak l\u00f5ike d20mm 19,5cm kaal 210g - Horticom","isPartOf":{"@id":"https:\/\/horticom.ee\/e-pood\/#website"},"primaryImageOfPage":{"@id":"https:\/\/horticom.ee\/e-pood\/toode\/aiakaarid-felco-16-vaikesele-kaele-vasak-loike-d20mm-195cm-kaal-210g\/#primaryimage"},"image":{"@id":"https:\/\/horticom.ee\/e-pood\/toode\/aiakaarid-felco-16-vaikesele-kaele-vasak-loike-d20mm-195cm-kaal-210g\/#primaryimage"},"thumbnailUrl":"https:\/\/horticom.ee\/e-pood\/wp-content\/uploads\/importedmedia\/product_2611091_0_3600013-scaled.jpg","datePublished":"2026-04-23T14:00:17+00:00","dateModified":"2026-04-24T00:03:46+00:00","breadcrumb":{"@id":"https:\/\/horticom.ee\/e-pood\/toode\/aiakaarid-felco-16-vaikesele-kaele-vasak-loike-d20mm-195cm-kaal-210g\/#breadcrumb"},"inLanguage":"et","potentialAction":[{"@type":"ReadAction","target":["https:\/\/horticom.ee\/e-pood\/toode\/aiakaarid-felco-16-vaikesele-kaele-vasak-loike-d20mm-195cm-kaal-210g\/"]}]},{"@type":"ImageObject","inLanguage":"et","@id":"https:\/\/horticom.ee\/e-pood\/toode\/aiakaarid-felco-16-vaikesele-kaele-vasak-loike-d20mm-195cm-kaal-210g\/#primaryimage","url":"https:\/\/horticom.ee\/e-pood\/wp-content\/uploads\/importedmedia\/product_2611091_0_3600013-scaled.jpg","contentUrl":"https:\/\/horticom.ee\/e-pood\/wp-content\/uploads\/importedmedia\/product_2611091_0_3600013-scaled.jpg","width":798,"height":2560},{"@type":"BreadcrumbList","@id":"https:\/\/horticom.ee\/e-pood\/toode\/aiakaarid-felco-16-vaikesele-kaele-vasak-loike-d20mm-195cm-kaal-210g\/#breadcrumb","itemListElement":[{"@type":"ListItem","position":1,"name":"Home","item":"https:\/\/horticom.ee\/e-pood\/"},{"@type":"ListItem","position":2,"name":"Pood","item":"https:\/\/horticom.ee\/e-pood\/pood\/"},{"@type":"ListItem","position":3,"name":"Aiak\u00e4\u00e4rid Felco 16 v\u00e4ikesele k\u00e4ele vasak l\u00f5ike d20mm 19,5cm kaal 210g"}]},{"@type":"WebSite","@id":"https:\/\/horticom.ee\/e-pood\/#website","url":"https:\/\/horticom.ee\/e-pood\/","name":"Horticom.ee","description":"Aianduskaubad ja kodukaubad nii harrastajatele kui professionaalidele","potentialAction":[{"@type":"SearchAction","target":{"@type":"EntryPoint","urlTemplate":"https:\/\/horticom.ee\/e-pood\/?s={search_term_string}"},"query-input":{"@type":"PropertyValueSpecification","valueRequired":true,"valueName":"search_term_string"}}],"inLanguage":"et"}]}},"_links":{"self":[{"href":"https:\/\/horticom.ee\/e-pood\/wp-json\/wp\/v2\/product\/2611091","targetHints":{"allow":["GET"]}}],"collection":[{"href":"https:\/\/horticom.ee\/e-pood\/wp-json\/wp\/v2\/product"}],"about":[{"href":"https:\/\/horticom.ee\/e-pood\/wp-json\/wp\/v2\/types\/product"}],"replies":[{"embeddable":true,"href":"https:\/\/horticom.ee\/e-pood\/wp-json\/wp\/v2\/comments?post=2611091"}],"wp:featuredmedia":[{"embeddable":true,"href":"https:\/\/horticom.ee\/e-pood\/wp-json\/wp\/v2\/media\/2611422"}],"wp:attachment":[{"href":"https:\/\/horticom.ee\/e-pood\/wp-json\/wp\/v2\/media?parent=2611091"}],"wp:term":[{"taxonomy":"product_cat","embeddable":true,"href":"https:\/\/horticom.ee\/e-pood\/wp-json\/wp\/v2\/product_cat?post=2611091"},{"taxonomy":"product_tag","embeddable":true,"href":"https:\/\/horticom.ee\/e-pood\/wp-json\/wp\/v2\/product_tag?post=2611091"}],"curies":[{"name":"wp","href":"https:\/\/api.w.org\/{rel}","templated":true}]}}