{"id":2616189,"date":"2026-04-28T06:00:39","date_gmt":"2026-04-28T03:00:39","guid":{"rendered":"https:\/\/horticom.ee\/e-pood\/toode\/sunnipaevakuunal-number-1-lohnatu-roosa-kuld\/"},"modified":"2026-04-28T06:00:39","modified_gmt":"2026-04-28T03:00:39","slug":"sunnipaevakuunal-number-1-lohnatu-roosa-kuld","status":"publish","type":"product","link":"https:\/\/horticom.ee\/e-pood\/toode\/sunnipaevakuunal-number-1-lohnatu-roosa-kuld\/","title":{"rendered":"S\u00fcnnip\u00e4evak\u00fc\u00fcnal number &#8220;1&#8221; l\u00f5hnatu roosa kuld"},"content":{"rendered":"<p>Traditsiooniline numbrikujutisega elegantses metalses toonis k\u00fc\u00fcnal tordi kaunistuseks.<\/p>\n","protected":false},"excerpt":{"rendered":"<p>Traditsiooniline numbrikujutisega elegantses metalses toonis k\u00fc\u00fcnal tordi kaunistuseks.<\/p>\n","protected":false},"featured_media":0,"comment_status":"closed","ping_status":"closed","template":"","meta":{"_themeisle_gutenberg_block_has_review":false},"product_cat":[13449],"product_tag":[],"class_list":{"0":"post-2616189","1":"product","2":"type-product","3":"status-publish","5":"product_cat-tordikuunlad","7":"first","8":"outofstock","9":"shipping-taxable","10":"purchasable","11":"product-type-simple"},"yoast_head":"<!-- This site is optimized with the Yoast SEO plugin v24.0 - https:\/\/yoast.com\/wordpress\/plugins\/seo\/ -->\n<title>S\u00fcnnip\u00e4evak\u00fc\u00fcnal number &quot;1&quot; l\u00f5hnatu roosa kuld - Horticom<\/title>\n<meta name=\"robots\" content=\"index, follow, max-snippet:-1, max-image-preview:large, max-video-preview:-1\" \/>\n<link rel=\"canonical\" href=\"https:\/\/horticom.ee\/e-pood\/toode\/sunnipaevakuunal-number-1-lohnatu-roosa-kuld\/\" \/>\n<meta property=\"og:locale\" content=\"et_EE\" \/>\n<meta property=\"og:type\" content=\"article\" \/>\n<meta property=\"og:title\" content=\"S\u00fcnnip\u00e4evak\u00fc\u00fcnal number &quot;1&quot; l\u00f5hnatu roosa kuld - Horticom\" \/>\n<meta property=\"og:description\" content=\"Traditsiooniline numbrikujutisega elegantses metalses toonis k\u00fc\u00fcnal tordi kaunistuseks.\" \/>\n<meta property=\"og:url\" content=\"https:\/\/horticom.ee\/e-pood\/toode\/sunnipaevakuunal-number-1-lohnatu-roosa-kuld\/\" \/>\n<meta property=\"og:site_name\" content=\"Horticom.ee\" \/>\n<meta property=\"article:publisher\" content=\"https:\/\/www.facebook.com\/horticom.ee\/e-pood\" \/>\n<meta name=\"twitter:card\" content=\"summary_large_image\" \/>\n<script type=\"application\/ld+json\" class=\"yoast-schema-graph\">{\"@context\":\"https:\/\/schema.org\",\"@graph\":[{\"@type\":\"WebPage\",\"@id\":\"https:\/\/horticom.ee\/e-pood\/toode\/sunnipaevakuunal-number-1-lohnatu-roosa-kuld\/\",\"url\":\"https:\/\/horticom.ee\/e-pood\/toode\/sunnipaevakuunal-number-1-lohnatu-roosa-kuld\/\",\"name\":\"S\u00fcnnip\u00e4evak\u00fc\u00fcnal number \\\"1\\\" l\u00f5hnatu roosa kuld - Horticom\",\"isPartOf\":{\"@id\":\"https:\/\/horticom.ee\/e-pood\/#website\"},\"datePublished\":\"2026-04-28T03:00:39+00:00\",\"dateModified\":\"2026-04-28T03:00:39+00:00\",\"breadcrumb\":{\"@id\":\"https:\/\/horticom.ee\/e-pood\/toode\/sunnipaevakuunal-number-1-lohnatu-roosa-kuld\/#breadcrumb\"},\"inLanguage\":\"et\",\"potentialAction\":[{\"@type\":\"ReadAction\",\"target\":[\"https:\/\/horticom.ee\/e-pood\/toode\/sunnipaevakuunal-number-1-lohnatu-roosa-kuld\/\"]}]},{\"@type\":\"BreadcrumbList\",\"@id\":\"https:\/\/horticom.ee\/e-pood\/toode\/sunnipaevakuunal-number-1-lohnatu-roosa-kuld\/#breadcrumb\",\"itemListElement\":[{\"@type\":\"ListItem\",\"position\":1,\"name\":\"Home\",\"item\":\"https:\/\/horticom.ee\/e-pood\/\"},{\"@type\":\"ListItem\",\"position\":2,\"name\":\"Pood\",\"item\":\"https:\/\/horticom.ee\/e-pood\/pood\/\"},{\"@type\":\"ListItem\",\"position\":3,\"name\":\"S\u00fcnnip\u00e4evak\u00fc\u00fcnal number &#8220;1&#8221; l\u00f5hnatu roosa kuld\"}]},{\"@type\":\"WebSite\",\"@id\":\"https:\/\/horticom.ee\/e-pood\/#website\",\"url\":\"https:\/\/horticom.ee\/e-pood\/\",\"name\":\"Horticom.ee\",\"description\":\"Aianduskaubad ja kodukaubad nii harrastajatele kui professionaalidele\",\"potentialAction\":[{\"@type\":\"SearchAction\",\"target\":{\"@type\":\"EntryPoint\",\"urlTemplate\":\"https:\/\/horticom.ee\/e-pood\/?s={search_term_string}\"},\"query-input\":{\"@type\":\"PropertyValueSpecification\",\"valueRequired\":true,\"valueName\":\"search_term_string\"}}],\"inLanguage\":\"et\"}]}<\/script>\n<!-- \/ Yoast SEO plugin. -->","yoast_head_json":{"title":"S\u00fcnnip\u00e4evak\u00fc\u00fcnal number \"1\" l\u00f5hnatu roosa kuld - Horticom","robots":{"index":"index","follow":"follow","max-snippet":"max-snippet:-1","max-image-preview":"max-image-preview:large","max-video-preview":"max-video-preview:-1"},"canonical":"https:\/\/horticom.ee\/e-pood\/toode\/sunnipaevakuunal-number-1-lohnatu-roosa-kuld\/","og_locale":"et_EE","og_type":"article","og_title":"S\u00fcnnip\u00e4evak\u00fc\u00fcnal number \"1\" l\u00f5hnatu roosa kuld - Horticom","og_description":"Traditsiooniline numbrikujutisega elegantses metalses toonis k\u00fc\u00fcnal tordi kaunistuseks.","og_url":"https:\/\/horticom.ee\/e-pood\/toode\/sunnipaevakuunal-number-1-lohnatu-roosa-kuld\/","og_site_name":"Horticom.ee","article_publisher":"https:\/\/www.facebook.com\/horticom.ee\/e-pood","twitter_card":"summary_large_image","schema":{"@context":"https:\/\/schema.org","@graph":[{"@type":"WebPage","@id":"https:\/\/horticom.ee\/e-pood\/toode\/sunnipaevakuunal-number-1-lohnatu-roosa-kuld\/","url":"https:\/\/horticom.ee\/e-pood\/toode\/sunnipaevakuunal-number-1-lohnatu-roosa-kuld\/","name":"S\u00fcnnip\u00e4evak\u00fc\u00fcnal number \"1\" l\u00f5hnatu roosa kuld - Horticom","isPartOf":{"@id":"https:\/\/horticom.ee\/e-pood\/#website"},"datePublished":"2026-04-28T03:00:39+00:00","dateModified":"2026-04-28T03:00:39+00:00","breadcrumb":{"@id":"https:\/\/horticom.ee\/e-pood\/toode\/sunnipaevakuunal-number-1-lohnatu-roosa-kuld\/#breadcrumb"},"inLanguage":"et","potentialAction":[{"@type":"ReadAction","target":["https:\/\/horticom.ee\/e-pood\/toode\/sunnipaevakuunal-number-1-lohnatu-roosa-kuld\/"]}]},{"@type":"BreadcrumbList","@id":"https:\/\/horticom.ee\/e-pood\/toode\/sunnipaevakuunal-number-1-lohnatu-roosa-kuld\/#breadcrumb","itemListElement":[{"@type":"ListItem","position":1,"name":"Home","item":"https:\/\/horticom.ee\/e-pood\/"},{"@type":"ListItem","position":2,"name":"Pood","item":"https:\/\/horticom.ee\/e-pood\/pood\/"},{"@type":"ListItem","position":3,"name":"S\u00fcnnip\u00e4evak\u00fc\u00fcnal number &#8220;1&#8221; l\u00f5hnatu roosa kuld"}]},{"@type":"WebSite","@id":"https:\/\/horticom.ee\/e-pood\/#website","url":"https:\/\/horticom.ee\/e-pood\/","name":"Horticom.ee","description":"Aianduskaubad ja kodukaubad nii harrastajatele kui professionaalidele","potentialAction":[{"@type":"SearchAction","target":{"@type":"EntryPoint","urlTemplate":"https:\/\/horticom.ee\/e-pood\/?s={search_term_string}"},"query-input":{"@type":"PropertyValueSpecification","valueRequired":true,"valueName":"search_term_string"}}],"inLanguage":"et"}]}},"_links":{"self":[{"href":"https:\/\/horticom.ee\/e-pood\/wp-json\/wp\/v2\/product\/2616189","targetHints":{"allow":["GET"]}}],"collection":[{"href":"https:\/\/horticom.ee\/e-pood\/wp-json\/wp\/v2\/product"}],"about":[{"href":"https:\/\/horticom.ee\/e-pood\/wp-json\/wp\/v2\/types\/product"}],"replies":[{"embeddable":true,"href":"https:\/\/horticom.ee\/e-pood\/wp-json\/wp\/v2\/comments?post=2616189"}],"wp:attachment":[{"href":"https:\/\/horticom.ee\/e-pood\/wp-json\/wp\/v2\/media?parent=2616189"}],"wp:term":[{"taxonomy":"product_cat","embeddable":true,"href":"https:\/\/horticom.ee\/e-pood\/wp-json\/wp\/v2\/product_cat?post=2616189"},{"taxonomy":"product_tag","embeddable":true,"href":"https:\/\/horticom.ee\/e-pood\/wp-json\/wp\/v2\/product_tag?post=2616189"}],"curies":[{"name":"wp","href":"https:\/\/api.w.org\/{rel}","templated":true}]}}