{"id":2616376,"date":"2026-04-28T17:00:37","date_gmt":"2026-04-28T14:00:37","guid":{"rendered":"https:\/\/horticom.ee\/e-pood\/toode\/vaetis-yaramila-complex-12-5-158sme-25kg\/"},"modified":"2026-05-02T03:10:58","modified_gmt":"2026-05-02T00:10:58","slug":"vaetis-yaramila-complex-12-5-158sme-25kg","status":"publish","type":"product","link":"https:\/\/horticom.ee\/e-pood\/toode\/vaetis-yaramila-complex-12-5-158sme-25kg\/","title":{"rendered":"V\u00e4etis YaraMila Complex 12-5-15+8S+me 25kg"},"content":{"rendered":"<p>Universaalne k\u00f5rgkvaliteediline granuleeritud v\u00e4etis, mis sisaldab taimele vajalikke p\u00f5hitoiteaineid &#8211; l\u00e4mmastikku, fosforit ja kaaliumi eesm\u00e4rgiga aidata saavutada maksimaalset saaki ja selle kvaliteeti. V\u00f5ib kasutada vastavalt kasvatatava kultuuri vajadusele, nii s\u00fcgisel kui ka kevadel \u2013 p\u00f5hiv\u00e4etisena k\u00fcnni alla, kultiveerimise eel, k\u00fclvi ajal. Suure kaaliumisisalduse t\u00f5ttu sobib h\u00e4sti suurema kaaliumivajadusega kultuuride v\u00e4etamiseks (nt kartul, tomat).<\/p>\n","protected":false},"excerpt":{"rendered":"<p>Universaalne k\u00f5rgkvaliteediline granuleeritud v\u00e4etis, mis sisaldab taimele vajalikke p\u00f5hitoiteaineid &#8211; l\u00e4mmastikku, fosforit ja kaaliumi eesm\u00e4rgiga aidata saavutada maksimaalset saaki ja selle kvaliteeti. V\u00f5ib kasutada vastavalt kasvatatava kultuuri vajadusele, nii s\u00fcgisel kui ka kevadel \u2013 p\u00f5hiv\u00e4etisena k\u00fcnni alla, kultiveerimise eel, k\u00fclvi ajal. Suure kaaliumisisalduse t\u00f5ttu sobib h\u00e4sti suurema kaaliumivajadusega kultuuride v\u00e4etamiseks (nt kartul, tomat).<\/p>\n","protected":false},"featured_media":0,"comment_status":"closed","ping_status":"closed","template":"","meta":{"_themeisle_gutenberg_block_has_review":false},"product_cat":[16965,16966,16964],"product_tag":[],"class_list":{"0":"post-2616376","1":"product","2":"type-product","3":"status-publish","5":"product_cat-koogiviljadele-ja-maitsetaimedele","6":"product_cat-marjadele-ja-puuviljadele","7":"product_cat-suvelilledele-ja-rodutaimedele","9":"first","10":"instock","11":"shipping-taxable","12":"purchasable","13":"product-type-simple"},"yoast_head":"<!-- This site is optimized with the Yoast SEO plugin v24.0 - https:\/\/yoast.com\/wordpress\/plugins\/seo\/ -->\n<title>V\u00e4etis YaraMila Complex 12-5-15+8S+me 25kg - Horticom<\/title>\n<meta name=\"robots\" content=\"index, follow, max-snippet:-1, max-image-preview:large, max-video-preview:-1\" \/>\n<link rel=\"canonical\" href=\"https:\/\/horticom.ee\/e-pood\/toode\/vaetis-yaramila-complex-12-5-158sme-25kg\/\" \/>\n<meta property=\"og:locale\" content=\"et_EE\" \/>\n<meta property=\"og:type\" content=\"article\" \/>\n<meta property=\"og:title\" content=\"V\u00e4etis YaraMila Complex 12-5-15+8S+me 25kg - Horticom\" \/>\n<meta property=\"og:description\" content=\"Universaalne k\u00f5rgkvaliteediline granuleeritud v\u00e4etis, mis sisaldab taimele vajalikke p\u00f5hitoiteaineid &#8211; l\u00e4mmastikku, fosforit ja kaaliumi eesm\u00e4rgiga aidata saavutada maksimaalset saaki ja selle kvaliteeti. V\u00f5ib kasutada vastavalt kasvatatava kultuuri vajadusele, nii s\u00fcgisel kui ka kevadel \u2013 p\u00f5hiv\u00e4etisena k\u00fcnni alla, kultiveerimise eel, k\u00fclvi ajal. Suure kaaliumisisalduse t\u00f5ttu sobib h\u00e4sti suurema kaaliumivajadusega kultuuride v\u00e4etamiseks (nt kartul, tomat).\" \/>\n<meta property=\"og:url\" content=\"https:\/\/horticom.ee\/e-pood\/toode\/vaetis-yaramila-complex-12-5-158sme-25kg\/\" \/>\n<meta property=\"og:site_name\" content=\"Horticom.ee\" \/>\n<meta property=\"article:publisher\" content=\"https:\/\/www.facebook.com\/horticom.ee\/e-pood\" \/>\n<meta property=\"article:modified_time\" content=\"2026-05-02T00:10:58+00:00\" \/>\n<meta name=\"twitter:card\" content=\"summary_large_image\" \/>\n<script type=\"application\/ld+json\" class=\"yoast-schema-graph\">{\"@context\":\"https:\/\/schema.org\",\"@graph\":[{\"@type\":\"WebPage\",\"@id\":\"https:\/\/horticom.ee\/e-pood\/toode\/vaetis-yaramila-complex-12-5-158sme-25kg\/\",\"url\":\"https:\/\/horticom.ee\/e-pood\/toode\/vaetis-yaramila-complex-12-5-158sme-25kg\/\",\"name\":\"V\u00e4etis YaraMila Complex 12-5-15+8S+me 25kg - Horticom\",\"isPartOf\":{\"@id\":\"https:\/\/horticom.ee\/e-pood\/#website\"},\"datePublished\":\"2026-04-28T14:00:37+00:00\",\"dateModified\":\"2026-05-02T00:10:58+00:00\",\"breadcrumb\":{\"@id\":\"https:\/\/horticom.ee\/e-pood\/toode\/vaetis-yaramila-complex-12-5-158sme-25kg\/#breadcrumb\"},\"inLanguage\":\"et\",\"potentialAction\":[{\"@type\":\"ReadAction\",\"target\":[\"https:\/\/horticom.ee\/e-pood\/toode\/vaetis-yaramila-complex-12-5-158sme-25kg\/\"]}]},{\"@type\":\"BreadcrumbList\",\"@id\":\"https:\/\/horticom.ee\/e-pood\/toode\/vaetis-yaramila-complex-12-5-158sme-25kg\/#breadcrumb\",\"itemListElement\":[{\"@type\":\"ListItem\",\"position\":1,\"name\":\"Home\",\"item\":\"https:\/\/horticom.ee\/e-pood\/\"},{\"@type\":\"ListItem\",\"position\":2,\"name\":\"Pood\",\"item\":\"https:\/\/horticom.ee\/e-pood\/pood\/\"},{\"@type\":\"ListItem\",\"position\":3,\"name\":\"V\u00e4etis YaraMila Complex 12-5-15+8S+me 25kg\"}]},{\"@type\":\"WebSite\",\"@id\":\"https:\/\/horticom.ee\/e-pood\/#website\",\"url\":\"https:\/\/horticom.ee\/e-pood\/\",\"name\":\"Horticom.ee\",\"description\":\"Aianduskaubad ja kodukaubad nii harrastajatele kui professionaalidele\",\"potentialAction\":[{\"@type\":\"SearchAction\",\"target\":{\"@type\":\"EntryPoint\",\"urlTemplate\":\"https:\/\/horticom.ee\/e-pood\/?s={search_term_string}\"},\"query-input\":{\"@type\":\"PropertyValueSpecification\",\"valueRequired\":true,\"valueName\":\"search_term_string\"}}],\"inLanguage\":\"et\"}]}<\/script>\n<!-- \/ Yoast SEO plugin. -->","yoast_head_json":{"title":"V\u00e4etis YaraMila Complex 12-5-15+8S+me 25kg - Horticom","robots":{"index":"index","follow":"follow","max-snippet":"max-snippet:-1","max-image-preview":"max-image-preview:large","max-video-preview":"max-video-preview:-1"},"canonical":"https:\/\/horticom.ee\/e-pood\/toode\/vaetis-yaramila-complex-12-5-158sme-25kg\/","og_locale":"et_EE","og_type":"article","og_title":"V\u00e4etis YaraMila Complex 12-5-15+8S+me 25kg - Horticom","og_description":"Universaalne k\u00f5rgkvaliteediline granuleeritud v\u00e4etis, mis sisaldab taimele vajalikke p\u00f5hitoiteaineid &#8211; l\u00e4mmastikku, fosforit ja kaaliumi eesm\u00e4rgiga aidata saavutada maksimaalset saaki ja selle kvaliteeti. V\u00f5ib kasutada vastavalt kasvatatava kultuuri vajadusele, nii s\u00fcgisel kui ka kevadel \u2013 p\u00f5hiv\u00e4etisena k\u00fcnni alla, kultiveerimise eel, k\u00fclvi ajal. Suure kaaliumisisalduse t\u00f5ttu sobib h\u00e4sti suurema kaaliumivajadusega kultuuride v\u00e4etamiseks (nt kartul, tomat).","og_url":"https:\/\/horticom.ee\/e-pood\/toode\/vaetis-yaramila-complex-12-5-158sme-25kg\/","og_site_name":"Horticom.ee","article_publisher":"https:\/\/www.facebook.com\/horticom.ee\/e-pood","article_modified_time":"2026-05-02T00:10:58+00:00","twitter_card":"summary_large_image","schema":{"@context":"https:\/\/schema.org","@graph":[{"@type":"WebPage","@id":"https:\/\/horticom.ee\/e-pood\/toode\/vaetis-yaramila-complex-12-5-158sme-25kg\/","url":"https:\/\/horticom.ee\/e-pood\/toode\/vaetis-yaramila-complex-12-5-158sme-25kg\/","name":"V\u00e4etis YaraMila Complex 12-5-15+8S+me 25kg - Horticom","isPartOf":{"@id":"https:\/\/horticom.ee\/e-pood\/#website"},"datePublished":"2026-04-28T14:00:37+00:00","dateModified":"2026-05-02T00:10:58+00:00","breadcrumb":{"@id":"https:\/\/horticom.ee\/e-pood\/toode\/vaetis-yaramila-complex-12-5-158sme-25kg\/#breadcrumb"},"inLanguage":"et","potentialAction":[{"@type":"ReadAction","target":["https:\/\/horticom.ee\/e-pood\/toode\/vaetis-yaramila-complex-12-5-158sme-25kg\/"]}]},{"@type":"BreadcrumbList","@id":"https:\/\/horticom.ee\/e-pood\/toode\/vaetis-yaramila-complex-12-5-158sme-25kg\/#breadcrumb","itemListElement":[{"@type":"ListItem","position":1,"name":"Home","item":"https:\/\/horticom.ee\/e-pood\/"},{"@type":"ListItem","position":2,"name":"Pood","item":"https:\/\/horticom.ee\/e-pood\/pood\/"},{"@type":"ListItem","position":3,"name":"V\u00e4etis YaraMila Complex 12-5-15+8S+me 25kg"}]},{"@type":"WebSite","@id":"https:\/\/horticom.ee\/e-pood\/#website","url":"https:\/\/horticom.ee\/e-pood\/","name":"Horticom.ee","description":"Aianduskaubad ja kodukaubad nii harrastajatele kui professionaalidele","potentialAction":[{"@type":"SearchAction","target":{"@type":"EntryPoint","urlTemplate":"https:\/\/horticom.ee\/e-pood\/?s={search_term_string}"},"query-input":{"@type":"PropertyValueSpecification","valueRequired":true,"valueName":"search_term_string"}}],"inLanguage":"et"}]}},"_links":{"self":[{"href":"https:\/\/horticom.ee\/e-pood\/wp-json\/wp\/v2\/product\/2616376","targetHints":{"allow":["GET"]}}],"collection":[{"href":"https:\/\/horticom.ee\/e-pood\/wp-json\/wp\/v2\/product"}],"about":[{"href":"https:\/\/horticom.ee\/e-pood\/wp-json\/wp\/v2\/types\/product"}],"replies":[{"embeddable":true,"href":"https:\/\/horticom.ee\/e-pood\/wp-json\/wp\/v2\/comments?post=2616376"}],"wp:attachment":[{"href":"https:\/\/horticom.ee\/e-pood\/wp-json\/wp\/v2\/media?parent=2616376"}],"wp:term":[{"taxonomy":"product_cat","embeddable":true,"href":"https:\/\/horticom.ee\/e-pood\/wp-json\/wp\/v2\/product_cat?post=2616376"},{"taxonomy":"product_tag","embeddable":true,"href":"https:\/\/horticom.ee\/e-pood\/wp-json\/wp\/v2\/product_tag?post=2616376"}],"curies":[{"name":"wp","href":"https:\/\/api.w.org\/{rel}","templated":true}]}}