{"id":2631495,"date":"2026-05-13T06:00:21","date_gmt":"2026-05-13T03:00:21","guid":{"rendered":"https:\/\/horticom.ee\/e-pood\/toode\/lillepotiumbris-primo-12-x-10cm-oranz\/"},"modified":"2026-05-13T06:00:21","modified_gmt":"2026-05-13T03:00:21","slug":"lillepotiumbris-primo-12-x-10cm-oranz","status":"publish","type":"product","link":"https:\/\/horticom.ee\/e-pood\/toode\/lillepotiumbris-primo-12-x-10cm-oranz\/","title":{"rendered":"Lillepoti\u00fcmbris Primo 12 x 10cm oranz"},"content":{"rendered":"<p>Lillepoti\u00fcmbris Primo on valmistatud keraamikast ning on vastupidav ja dekoratiivne poti\u00fcmbris. Pott on lihtne ja funktsionaalne. Sobib eriti h\u00e4sti priimula poti\u00fcmbriseks.<\/p>\n","protected":false},"excerpt":{"rendered":"<p>Lillepoti\u00fcmbris Primo on valmistatud keraamikast ning on vastupidav ja dekoratiivne poti\u00fcmbris. Pott on lihtne ja funktsionaalne. Sobib eriti h\u00e4sti priimula poti\u00fcmbriseks.<\/p>\n","protected":false},"featured_media":0,"comment_status":"closed","ping_status":"closed","template":"","meta":{"_themeisle_gutenberg_block_has_review":false},"product_cat":[13476],"product_tag":[],"class_list":{"0":"post-2631495","1":"product","2":"type-product","3":"status-publish","5":"product_cat-umbrispotid","7":"first","8":"outofstock","9":"shipping-taxable","10":"purchasable","11":"product-type-simple"},"yoast_head":"<!-- This site is optimized with the Yoast SEO plugin v24.0 - https:\/\/yoast.com\/wordpress\/plugins\/seo\/ -->\n<title>Lillepoti\u00fcmbris Primo 12 x 10cm oranz - Horticom<\/title>\n<meta name=\"robots\" content=\"index, follow, max-snippet:-1, max-image-preview:large, max-video-preview:-1\" \/>\n<link rel=\"canonical\" href=\"https:\/\/horticom.ee\/e-pood\/toode\/lillepotiumbris-primo-12-x-10cm-oranz\/\" \/>\n<meta property=\"og:locale\" content=\"et_EE\" \/>\n<meta property=\"og:type\" content=\"article\" \/>\n<meta property=\"og:title\" content=\"Lillepoti\u00fcmbris Primo 12 x 10cm oranz - Horticom\" \/>\n<meta property=\"og:description\" content=\"Lillepoti\u00fcmbris Primo on valmistatud keraamikast ning on vastupidav ja dekoratiivne poti\u00fcmbris. Pott on lihtne ja funktsionaalne. Sobib eriti h\u00e4sti priimula poti\u00fcmbriseks.\" \/>\n<meta property=\"og:url\" content=\"https:\/\/horticom.ee\/e-pood\/toode\/lillepotiumbris-primo-12-x-10cm-oranz\/\" \/>\n<meta property=\"og:site_name\" content=\"Horticom.ee\" \/>\n<meta property=\"article:publisher\" content=\"https:\/\/www.facebook.com\/horticom.ee\/e-pood\" \/>\n<meta name=\"twitter:card\" content=\"summary_large_image\" \/>\n<script type=\"application\/ld+json\" class=\"yoast-schema-graph\">{\"@context\":\"https:\/\/schema.org\",\"@graph\":[{\"@type\":\"WebPage\",\"@id\":\"https:\/\/horticom.ee\/e-pood\/toode\/lillepotiumbris-primo-12-x-10cm-oranz\/\",\"url\":\"https:\/\/horticom.ee\/e-pood\/toode\/lillepotiumbris-primo-12-x-10cm-oranz\/\",\"name\":\"Lillepoti\u00fcmbris Primo 12 x 10cm oranz - Horticom\",\"isPartOf\":{\"@id\":\"https:\/\/horticom.ee\/e-pood\/#website\"},\"datePublished\":\"2026-05-13T03:00:21+00:00\",\"dateModified\":\"2026-05-13T03:00:21+00:00\",\"breadcrumb\":{\"@id\":\"https:\/\/horticom.ee\/e-pood\/toode\/lillepotiumbris-primo-12-x-10cm-oranz\/#breadcrumb\"},\"inLanguage\":\"et\",\"potentialAction\":[{\"@type\":\"ReadAction\",\"target\":[\"https:\/\/horticom.ee\/e-pood\/toode\/lillepotiumbris-primo-12-x-10cm-oranz\/\"]}]},{\"@type\":\"BreadcrumbList\",\"@id\":\"https:\/\/horticom.ee\/e-pood\/toode\/lillepotiumbris-primo-12-x-10cm-oranz\/#breadcrumb\",\"itemListElement\":[{\"@type\":\"ListItem\",\"position\":1,\"name\":\"Home\",\"item\":\"https:\/\/horticom.ee\/e-pood\/\"},{\"@type\":\"ListItem\",\"position\":2,\"name\":\"Pood\",\"item\":\"https:\/\/horticom.ee\/e-pood\/pood\/\"},{\"@type\":\"ListItem\",\"position\":3,\"name\":\"Lillepoti\u00fcmbris Primo 12 x 10cm oranz\"}]},{\"@type\":\"WebSite\",\"@id\":\"https:\/\/horticom.ee\/e-pood\/#website\",\"url\":\"https:\/\/horticom.ee\/e-pood\/\",\"name\":\"Horticom.ee\",\"description\":\"Aianduskaubad ja kodukaubad nii harrastajatele kui professionaalidele\",\"potentialAction\":[{\"@type\":\"SearchAction\",\"target\":{\"@type\":\"EntryPoint\",\"urlTemplate\":\"https:\/\/horticom.ee\/e-pood\/?s={search_term_string}\"},\"query-input\":{\"@type\":\"PropertyValueSpecification\",\"valueRequired\":true,\"valueName\":\"search_term_string\"}}],\"inLanguage\":\"et\"}]}<\/script>\n<!-- \/ Yoast SEO plugin. -->","yoast_head_json":{"title":"Lillepoti\u00fcmbris Primo 12 x 10cm oranz - Horticom","robots":{"index":"index","follow":"follow","max-snippet":"max-snippet:-1","max-image-preview":"max-image-preview:large","max-video-preview":"max-video-preview:-1"},"canonical":"https:\/\/horticom.ee\/e-pood\/toode\/lillepotiumbris-primo-12-x-10cm-oranz\/","og_locale":"et_EE","og_type":"article","og_title":"Lillepoti\u00fcmbris Primo 12 x 10cm oranz - Horticom","og_description":"Lillepoti\u00fcmbris Primo on valmistatud keraamikast ning on vastupidav ja dekoratiivne poti\u00fcmbris. Pott on lihtne ja funktsionaalne. Sobib eriti h\u00e4sti priimula poti\u00fcmbriseks.","og_url":"https:\/\/horticom.ee\/e-pood\/toode\/lillepotiumbris-primo-12-x-10cm-oranz\/","og_site_name":"Horticom.ee","article_publisher":"https:\/\/www.facebook.com\/horticom.ee\/e-pood","twitter_card":"summary_large_image","schema":{"@context":"https:\/\/schema.org","@graph":[{"@type":"WebPage","@id":"https:\/\/horticom.ee\/e-pood\/toode\/lillepotiumbris-primo-12-x-10cm-oranz\/","url":"https:\/\/horticom.ee\/e-pood\/toode\/lillepotiumbris-primo-12-x-10cm-oranz\/","name":"Lillepoti\u00fcmbris Primo 12 x 10cm oranz - Horticom","isPartOf":{"@id":"https:\/\/horticom.ee\/e-pood\/#website"},"datePublished":"2026-05-13T03:00:21+00:00","dateModified":"2026-05-13T03:00:21+00:00","breadcrumb":{"@id":"https:\/\/horticom.ee\/e-pood\/toode\/lillepotiumbris-primo-12-x-10cm-oranz\/#breadcrumb"},"inLanguage":"et","potentialAction":[{"@type":"ReadAction","target":["https:\/\/horticom.ee\/e-pood\/toode\/lillepotiumbris-primo-12-x-10cm-oranz\/"]}]},{"@type":"BreadcrumbList","@id":"https:\/\/horticom.ee\/e-pood\/toode\/lillepotiumbris-primo-12-x-10cm-oranz\/#breadcrumb","itemListElement":[{"@type":"ListItem","position":1,"name":"Home","item":"https:\/\/horticom.ee\/e-pood\/"},{"@type":"ListItem","position":2,"name":"Pood","item":"https:\/\/horticom.ee\/e-pood\/pood\/"},{"@type":"ListItem","position":3,"name":"Lillepoti\u00fcmbris Primo 12 x 10cm oranz"}]},{"@type":"WebSite","@id":"https:\/\/horticom.ee\/e-pood\/#website","url":"https:\/\/horticom.ee\/e-pood\/","name":"Horticom.ee","description":"Aianduskaubad ja kodukaubad nii harrastajatele kui professionaalidele","potentialAction":[{"@type":"SearchAction","target":{"@type":"EntryPoint","urlTemplate":"https:\/\/horticom.ee\/e-pood\/?s={search_term_string}"},"query-input":{"@type":"PropertyValueSpecification","valueRequired":true,"valueName":"search_term_string"}}],"inLanguage":"et"}]}},"_links":{"self":[{"href":"https:\/\/horticom.ee\/e-pood\/wp-json\/wp\/v2\/product\/2631495","targetHints":{"allow":["GET"]}}],"collection":[{"href":"https:\/\/horticom.ee\/e-pood\/wp-json\/wp\/v2\/product"}],"about":[{"href":"https:\/\/horticom.ee\/e-pood\/wp-json\/wp\/v2\/types\/product"}],"replies":[{"embeddable":true,"href":"https:\/\/horticom.ee\/e-pood\/wp-json\/wp\/v2\/comments?post=2631495"}],"wp:attachment":[{"href":"https:\/\/horticom.ee\/e-pood\/wp-json\/wp\/v2\/media?parent=2631495"}],"wp:term":[{"taxonomy":"product_cat","embeddable":true,"href":"https:\/\/horticom.ee\/e-pood\/wp-json\/wp\/v2\/product_cat?post=2631495"},{"taxonomy":"product_tag","embeddable":true,"href":"https:\/\/horticom.ee\/e-pood\/wp-json\/wp\/v2\/product_tag?post=2631495"}],"curies":[{"name":"wp","href":"https:\/\/api.w.org\/{rel}","templated":true}]}}