{"id":39451,"date":"2018-07-20T11:49:54","date_gmt":"2018-07-20T08:49:54","guid":{"rendered":"https:\/\/aednik24.ee\/toode\/aedaster-pojeng-segu-05g\/"},"modified":"2026-04-09T03:06:04","modified_gmt":"2026-04-09T00:06:04","slug":"aedaster-pojeng-segu-05g","status":"publish","type":"product","link":"https:\/\/horticom.ee\/e-pood\/toode\/aedaster-pojeng-segu-05g\/","title":{"rendered":"Aedaster Pojeng segu 0,5g A"},"content":{"rendered":"<p>Aedaster Pojeng on \u00fcheaastane, 65-70cm k\u00f5rgune taim. \u00d5ied: ilusad, suured \u00f5isikud, l\u00e4bim\u00f5\u00f5dus 8-10cm. \u00d5itseajal v\u00f5ib olla kuni 15 \u00f5isikut. Sobivad suurep\u00e4raselt l\u00f5ikelilleks. \u00d5itsemine: juulist septembrini. K\u00fclv: varasemaks \u00f5itsemiseks juulis-augusti alguses, tuleb k\u00fclvata seemned ettekasvatuseks m\u00e4rtsi teisel poolel-aprilli alguses. Pikeeritud taimed istutatakse kasvukohale peale \u00f6\u00f6k\u00fclmi.<\/p>\n","protected":false},"excerpt":{"rendered":"<p>Aedaster Pojeng on \u00fcheaastane, 65-70cm k\u00f5rgune taim. \u00d5ied: ilusad, suured \u00f5isikud, l\u00e4bim\u00f5\u00f5dus 8-10cm. \u00d5itseajal v\u00f5ib olla kuni 15 \u00f5isikut. Sobivad suurep\u00e4raselt l\u00f5ikelilleks. \u00d5itsemine: juulist septembrini. K\u00fclv: varasemaks \u00f5itsemiseks juulis-augusti alguses, tuleb k\u00fclvata seemned ettekasvatuseks m\u00e4rtsi teisel poolel-aprilli alguses. Pikeeritud taimed istutatakse kasvukohale peale \u00f6\u00f6k\u00fclmi.<\/p>\n","protected":false},"featured_media":56611,"comment_status":"open","ping_status":"closed","template":"","meta":{"_themeisle_gutenberg_block_has_review":false},"product_cat":[13535],"product_tag":[],"class_list":{"0":"post-39451","1":"product","2":"type-product","3":"status-publish","4":"has-post-thumbnail","6":"product_cat-aster","8":"first","9":"instock","10":"shipping-taxable","11":"purchasable","12":"product-type-simple"},"yoast_head":"<!-- This site is optimized with the Yoast SEO plugin v24.0 - https:\/\/yoast.com\/wordpress\/plugins\/seo\/ -->\n<title>Aedaster Pojeng segu 0;5g-Aednik24.ee<\/title>\n<meta name=\"description\" content=\"Aedaster Pojeng on \u00fcheaastane; 65-70 cm k\u00f5rgune taim. \u00d5ied: ilusad; suured \u00f5isikud; l\u00e4bim\u00f5\u00f5dus 8-10 cm. \u00d5itseajal v\u00f5ib olla kuni 15 \u00f5isikut. Sobivad suurep\u00e4raselt l\u00f5ikelilleks. \u00d5itsemine: juulist septembrini.\" \/>\n<meta name=\"robots\" content=\"index, follow, max-snippet:-1, max-image-preview:large, max-video-preview:-1\" \/>\n<link rel=\"canonical\" href=\"https:\/\/horticom.ee\/e-pood\/toode\/aedaster-pojeng-segu-05g\/\" \/>\n<meta property=\"og:locale\" content=\"et_EE\" \/>\n<meta property=\"og:type\" content=\"article\" \/>\n<meta property=\"og:title\" content=\"Aedaster Pojeng segu 0;5g-Aednik24.ee\" \/>\n<meta property=\"og:description\" content=\"Aedaster Pojeng on \u00fcheaastane; 65-70 cm k\u00f5rgune taim. \u00d5ied: ilusad; suured \u00f5isikud; l\u00e4bim\u00f5\u00f5dus 8-10 cm. \u00d5itseajal v\u00f5ib olla kuni 15 \u00f5isikut. Sobivad suurep\u00e4raselt l\u00f5ikelilleks. \u00d5itsemine: juulist septembrini.\" \/>\n<meta property=\"og:url\" content=\"https:\/\/horticom.ee\/e-pood\/toode\/aedaster-pojeng-segu-05g\/\" \/>\n<meta property=\"og:site_name\" content=\"Horticom.ee\" \/>\n<meta property=\"article:publisher\" content=\"https:\/\/www.facebook.com\/horticom.ee\/e-pood\" \/>\n<meta property=\"article:modified_time\" content=\"2026-04-09T00:06:04+00:00\" \/>\n<meta property=\"og:image\" content=\"https:\/\/horticom.ee\/e-pood\/wp-content\/uploads\/importedmedia\/product-39451_0-1404107.jpg\" \/>\n\t<meta property=\"og:image:width\" content=\"1000\" \/>\n\t<meta property=\"og:image:height\" content=\"1501\" \/>\n\t<meta property=\"og:image:type\" content=\"image\/jpeg\" \/>\n<meta name=\"twitter:card\" content=\"summary_large_image\" \/>\n<script type=\"application\/ld+json\" class=\"yoast-schema-graph\">{\"@context\":\"https:\/\/schema.org\",\"@graph\":[{\"@type\":\"WebPage\",\"@id\":\"https:\/\/horticom.ee\/e-pood\/toode\/aedaster-pojeng-segu-05g\/\",\"url\":\"https:\/\/horticom.ee\/e-pood\/toode\/aedaster-pojeng-segu-05g\/\",\"name\":\"Aedaster Pojeng segu 0;5g-Aednik24.ee\",\"isPartOf\":{\"@id\":\"https:\/\/horticom.ee\/e-pood\/#website\"},\"primaryImageOfPage\":{\"@id\":\"https:\/\/horticom.ee\/e-pood\/toode\/aedaster-pojeng-segu-05g\/#primaryimage\"},\"image\":{\"@id\":\"https:\/\/horticom.ee\/e-pood\/toode\/aedaster-pojeng-segu-05g\/#primaryimage\"},\"thumbnailUrl\":\"https:\/\/horticom.ee\/e-pood\/wp-content\/uploads\/importedmedia\/product-39451_0-1404107.jpg\",\"datePublished\":\"2018-07-20T08:49:54+00:00\",\"dateModified\":\"2026-04-09T00:06:04+00:00\",\"description\":\"Aedaster Pojeng on \u00fcheaastane; 65-70 cm k\u00f5rgune taim. \u00d5ied: ilusad; suured \u00f5isikud; l\u00e4bim\u00f5\u00f5dus 8-10 cm. \u00d5itseajal v\u00f5ib olla kuni 15 \u00f5isikut. Sobivad suurep\u00e4raselt l\u00f5ikelilleks. \u00d5itsemine: juulist septembrini.\",\"breadcrumb\":{\"@id\":\"https:\/\/horticom.ee\/e-pood\/toode\/aedaster-pojeng-segu-05g\/#breadcrumb\"},\"inLanguage\":\"et\",\"potentialAction\":[{\"@type\":\"ReadAction\",\"target\":[\"https:\/\/horticom.ee\/e-pood\/toode\/aedaster-pojeng-segu-05g\/\"]}]},{\"@type\":\"ImageObject\",\"inLanguage\":\"et\",\"@id\":\"https:\/\/horticom.ee\/e-pood\/toode\/aedaster-pojeng-segu-05g\/#primaryimage\",\"url\":\"https:\/\/horticom.ee\/e-pood\/wp-content\/uploads\/importedmedia\/product-39451_0-1404107.jpg\",\"contentUrl\":\"https:\/\/horticom.ee\/e-pood\/wp-content\/uploads\/importedmedia\/product-39451_0-1404107.jpg\",\"width\":1000,\"height\":1501,\"caption\":\"Aedaster Pojeng segu 0;5g\"},{\"@type\":\"BreadcrumbList\",\"@id\":\"https:\/\/horticom.ee\/e-pood\/toode\/aedaster-pojeng-segu-05g\/#breadcrumb\",\"itemListElement\":[{\"@type\":\"ListItem\",\"position\":1,\"name\":\"Home\",\"item\":\"https:\/\/horticom.ee\/e-pood\/\"},{\"@type\":\"ListItem\",\"position\":2,\"name\":\"Pood\",\"item\":\"https:\/\/horticom.ee\/e-pood\/pood\/\"},{\"@type\":\"ListItem\",\"position\":3,\"name\":\"Aedaster Pojeng segu 0,5g A\"}]},{\"@type\":\"WebSite\",\"@id\":\"https:\/\/horticom.ee\/e-pood\/#website\",\"url\":\"https:\/\/horticom.ee\/e-pood\/\",\"name\":\"Horticom.ee\",\"description\":\"Aianduskaubad ja kodukaubad nii harrastajatele kui professionaalidele\",\"potentialAction\":[{\"@type\":\"SearchAction\",\"target\":{\"@type\":\"EntryPoint\",\"urlTemplate\":\"https:\/\/horticom.ee\/e-pood\/?s={search_term_string}\"},\"query-input\":{\"@type\":\"PropertyValueSpecification\",\"valueRequired\":true,\"valueName\":\"search_term_string\"}}],\"inLanguage\":\"et\"}]}<\/script>\n<!-- \/ Yoast SEO plugin. -->","yoast_head_json":{"title":"Aedaster Pojeng segu 0;5g-Aednik24.ee","description":"Aedaster Pojeng on \u00fcheaastane; 65-70 cm k\u00f5rgune taim. \u00d5ied: ilusad; suured \u00f5isikud; l\u00e4bim\u00f5\u00f5dus 8-10 cm. \u00d5itseajal v\u00f5ib olla kuni 15 \u00f5isikut. Sobivad suurep\u00e4raselt l\u00f5ikelilleks. \u00d5itsemine: juulist septembrini.","robots":{"index":"index","follow":"follow","max-snippet":"max-snippet:-1","max-image-preview":"max-image-preview:large","max-video-preview":"max-video-preview:-1"},"canonical":"https:\/\/horticom.ee\/e-pood\/toode\/aedaster-pojeng-segu-05g\/","og_locale":"et_EE","og_type":"article","og_title":"Aedaster Pojeng segu 0;5g-Aednik24.ee","og_description":"Aedaster Pojeng on \u00fcheaastane; 65-70 cm k\u00f5rgune taim. \u00d5ied: ilusad; suured \u00f5isikud; l\u00e4bim\u00f5\u00f5dus 8-10 cm. \u00d5itseajal v\u00f5ib olla kuni 15 \u00f5isikut. Sobivad suurep\u00e4raselt l\u00f5ikelilleks. \u00d5itsemine: juulist septembrini.","og_url":"https:\/\/horticom.ee\/e-pood\/toode\/aedaster-pojeng-segu-05g\/","og_site_name":"Horticom.ee","article_publisher":"https:\/\/www.facebook.com\/horticom.ee\/e-pood","article_modified_time":"2026-04-09T00:06:04+00:00","og_image":[{"width":1000,"height":1501,"url":"https:\/\/horticom.ee\/e-pood\/wp-content\/uploads\/importedmedia\/product-39451_0-1404107.jpg","type":"image\/jpeg"}],"twitter_card":"summary_large_image","schema":{"@context":"https:\/\/schema.org","@graph":[{"@type":"WebPage","@id":"https:\/\/horticom.ee\/e-pood\/toode\/aedaster-pojeng-segu-05g\/","url":"https:\/\/horticom.ee\/e-pood\/toode\/aedaster-pojeng-segu-05g\/","name":"Aedaster Pojeng segu 0;5g-Aednik24.ee","isPartOf":{"@id":"https:\/\/horticom.ee\/e-pood\/#website"},"primaryImageOfPage":{"@id":"https:\/\/horticom.ee\/e-pood\/toode\/aedaster-pojeng-segu-05g\/#primaryimage"},"image":{"@id":"https:\/\/horticom.ee\/e-pood\/toode\/aedaster-pojeng-segu-05g\/#primaryimage"},"thumbnailUrl":"https:\/\/horticom.ee\/e-pood\/wp-content\/uploads\/importedmedia\/product-39451_0-1404107.jpg","datePublished":"2018-07-20T08:49:54+00:00","dateModified":"2026-04-09T00:06:04+00:00","description":"Aedaster Pojeng on \u00fcheaastane; 65-70 cm k\u00f5rgune taim. \u00d5ied: ilusad; suured \u00f5isikud; l\u00e4bim\u00f5\u00f5dus 8-10 cm. \u00d5itseajal v\u00f5ib olla kuni 15 \u00f5isikut. Sobivad suurep\u00e4raselt l\u00f5ikelilleks. \u00d5itsemine: juulist septembrini.","breadcrumb":{"@id":"https:\/\/horticom.ee\/e-pood\/toode\/aedaster-pojeng-segu-05g\/#breadcrumb"},"inLanguage":"et","potentialAction":[{"@type":"ReadAction","target":["https:\/\/horticom.ee\/e-pood\/toode\/aedaster-pojeng-segu-05g\/"]}]},{"@type":"ImageObject","inLanguage":"et","@id":"https:\/\/horticom.ee\/e-pood\/toode\/aedaster-pojeng-segu-05g\/#primaryimage","url":"https:\/\/horticom.ee\/e-pood\/wp-content\/uploads\/importedmedia\/product-39451_0-1404107.jpg","contentUrl":"https:\/\/horticom.ee\/e-pood\/wp-content\/uploads\/importedmedia\/product-39451_0-1404107.jpg","width":1000,"height":1501,"caption":"Aedaster Pojeng segu 0;5g"},{"@type":"BreadcrumbList","@id":"https:\/\/horticom.ee\/e-pood\/toode\/aedaster-pojeng-segu-05g\/#breadcrumb","itemListElement":[{"@type":"ListItem","position":1,"name":"Home","item":"https:\/\/horticom.ee\/e-pood\/"},{"@type":"ListItem","position":2,"name":"Pood","item":"https:\/\/horticom.ee\/e-pood\/pood\/"},{"@type":"ListItem","position":3,"name":"Aedaster Pojeng segu 0,5g A"}]},{"@type":"WebSite","@id":"https:\/\/horticom.ee\/e-pood\/#website","url":"https:\/\/horticom.ee\/e-pood\/","name":"Horticom.ee","description":"Aianduskaubad ja kodukaubad nii harrastajatele kui professionaalidele","potentialAction":[{"@type":"SearchAction","target":{"@type":"EntryPoint","urlTemplate":"https:\/\/horticom.ee\/e-pood\/?s={search_term_string}"},"query-input":{"@type":"PropertyValueSpecification","valueRequired":true,"valueName":"search_term_string"}}],"inLanguage":"et"}]}},"_links":{"self":[{"href":"https:\/\/horticom.ee\/e-pood\/wp-json\/wp\/v2\/product\/39451","targetHints":{"allow":["GET"]}}],"collection":[{"href":"https:\/\/horticom.ee\/e-pood\/wp-json\/wp\/v2\/product"}],"about":[{"href":"https:\/\/horticom.ee\/e-pood\/wp-json\/wp\/v2\/types\/product"}],"replies":[{"embeddable":true,"href":"https:\/\/horticom.ee\/e-pood\/wp-json\/wp\/v2\/comments?post=39451"}],"wp:featuredmedia":[{"embeddable":true,"href":"https:\/\/horticom.ee\/e-pood\/wp-json\/wp\/v2\/media\/56611"}],"wp:attachment":[{"href":"https:\/\/horticom.ee\/e-pood\/wp-json\/wp\/v2\/media?parent=39451"}],"wp:term":[{"taxonomy":"product_cat","embeddable":true,"href":"https:\/\/horticom.ee\/e-pood\/wp-json\/wp\/v2\/product_cat?post=39451"},{"taxonomy":"product_tag","embeddable":true,"href":"https:\/\/horticom.ee\/e-pood\/wp-json\/wp\/v2\/product_tag?post=39451"}],"curies":[{"name":"wp","href":"https:\/\/api.w.org\/{rel}","templated":true}]}}