{"id":41964,"date":"2018-07-20T12:06:12","date_gmt":"2018-07-20T09:06:12","guid":{"rendered":"https:\/\/aednik24.ee\/toode\/tekstiilmults-agritex-50g-16-x-20m-must-mini-rull\/"},"modified":"2026-04-24T11:01:29","modified_gmt":"2026-04-24T08:01:29","slug":"tekstiilmults-agritex-50g-16-x-20m-must-mini-rull","status":"publish","type":"product","link":"https:\/\/horticom.ee\/e-pood\/toode\/tekstiilmults-agritex-50g-16-x-20m-must-mini-rull\/","title":{"rendered":"Tekstiilmult\u0161 Horticom 50g 1,6 x 20m 32m2 must mini rull"},"content":{"rendered":"<p>UV kindel, vett ja \u00f5hku l\u00e4bi laskev, kerge pinnakattekangas. Sobib kasutamiseks k\u00f6\u00f6givilja- ja maasikapeenardes, istutusalades jms kohtades. Tekstiilmult\u0161i kasutamine takistab umbrohtude ja taimehaiguste levikut, aitab hoida pinnast niiskena ja t\u00f5sta pinnase temperatuuri ning istutusalades eraldada mult\u0161i kihti. Olenevalt kasutuskohast on vastupidavus 5-6 aastat.<\/p>\n","protected":false},"excerpt":{"rendered":"<p>UV kindel, vett ja \u00f5hku l\u00e4bi laskev, kerge pinnakattekangas. Sobib kasutamiseks k\u00f6\u00f6givilja- ja maasikapeenardes, istutusalades jms kohtades. Tekstiilmult\u0161i kasutamine takistab umbrohtude ja taimehaiguste levikut, aitab hoida pinnast niiskena ja t\u00f5sta pinnase temperatuuri ning istutusalades eraldada mult\u0161i kihti. Olenevalt kasutuskohast on vastupidavus 5-6 aastat.<\/p>\n","protected":false},"featured_media":53680,"comment_status":"open","ping_status":"closed","template":"","meta":{"_themeisle_gutenberg_block_has_review":false},"product_cat":[13382,13641],"product_tag":[],"class_list":{"0":"post-41964","1":"product","2":"type-product","3":"status-publish","4":"has-post-thumbnail","6":"product_cat-multskangad","7":"product_cat-multskangad-tootjale","9":"first","10":"instock","11":"shipping-taxable","12":"purchasable","13":"product-type-simple"},"yoast_head":"<!-- This site is optimized with the Yoast SEO plugin v24.0 - https:\/\/yoast.com\/wordpress\/plugins\/seo\/ -->\n<title>Tekstiilmult\u009a Agritex 50g 1;6 x 20m must mini rull-Aednik24.ee<\/title>\n<meta name=\"description\" content=\"Tekstiilmult\u009a Agritex on UV kindel; vett ja \u00f5hku l\u00e4bi laskev; kerge pinnakattekangas. Sobib kasutamiseks k\u00f6\u00f6givilja- ja maasikapeenardes; istutusalades jms kohtades. Tekstiilmult\u009ai kasutamine takistab umbrohtude ja taimehaiguste levikut; aitab hoida pinnast niiskena ja t\u00f5sta pinnase temperatuuri ning istutusalades eraldada mult\u009ai kihti.\" \/>\n<meta name=\"robots\" content=\"index, follow, max-snippet:-1, max-image-preview:large, max-video-preview:-1\" \/>\n<link rel=\"canonical\" href=\"https:\/\/horticom.ee\/e-pood\/toode\/tekstiilmults-agritex-50g-16-x-20m-must-mini-rull\/\" \/>\n<meta property=\"og:locale\" content=\"et_EE\" \/>\n<meta property=\"og:type\" content=\"article\" \/>\n<meta property=\"og:title\" content=\"Tekstiilmult\u009a Agritex 50g 1;6 x 20m must mini rull-Aednik24.ee\" \/>\n<meta property=\"og:description\" content=\"Tekstiilmult\u009a Agritex on UV kindel; vett ja \u00f5hku l\u00e4bi laskev; kerge pinnakattekangas. Sobib kasutamiseks k\u00f6\u00f6givilja- ja maasikapeenardes; istutusalades jms kohtades. Tekstiilmult\u009ai kasutamine takistab umbrohtude ja taimehaiguste levikut; aitab hoida pinnast niiskena ja t\u00f5sta pinnase temperatuuri ning istutusalades eraldada mult\u009ai kihti.\" \/>\n<meta property=\"og:url\" content=\"https:\/\/horticom.ee\/e-pood\/toode\/tekstiilmults-agritex-50g-16-x-20m-must-mini-rull\/\" \/>\n<meta property=\"og:site_name\" content=\"Horticom.ee\" \/>\n<meta property=\"article:publisher\" content=\"https:\/\/www.facebook.com\/horticom.ee\/e-pood\" \/>\n<meta property=\"article:modified_time\" content=\"2026-04-24T08:01:29+00:00\" \/>\n<meta property=\"og:image\" content=\"https:\/\/horticom.ee\/e-pood\/wp-content\/uploads\/importedmedia\/product-41964_0-8044584252-scaled.jpg\" \/>\n\t<meta property=\"og:image:width\" content=\"405\" \/>\n\t<meta property=\"og:image:height\" content=\"2560\" \/>\n\t<meta property=\"og:image:type\" content=\"image\/jpeg\" \/>\n<meta name=\"twitter:card\" content=\"summary_large_image\" \/>\n<script type=\"application\/ld+json\" class=\"yoast-schema-graph\">{\"@context\":\"https:\/\/schema.org\",\"@graph\":[{\"@type\":\"WebPage\",\"@id\":\"https:\/\/horticom.ee\/e-pood\/toode\/tekstiilmults-agritex-50g-16-x-20m-must-mini-rull\/\",\"url\":\"https:\/\/horticom.ee\/e-pood\/toode\/tekstiilmults-agritex-50g-16-x-20m-must-mini-rull\/\",\"name\":\"Tekstiilmult\u009a Agritex 50g 1;6 x 20m must mini rull-Aednik24.ee\",\"isPartOf\":{\"@id\":\"https:\/\/horticom.ee\/e-pood\/#website\"},\"primaryImageOfPage\":{\"@id\":\"https:\/\/horticom.ee\/e-pood\/toode\/tekstiilmults-agritex-50g-16-x-20m-must-mini-rull\/#primaryimage\"},\"image\":{\"@id\":\"https:\/\/horticom.ee\/e-pood\/toode\/tekstiilmults-agritex-50g-16-x-20m-must-mini-rull\/#primaryimage\"},\"thumbnailUrl\":\"https:\/\/horticom.ee\/e-pood\/wp-content\/uploads\/importedmedia\/product-41964_0-8044584252-scaled.jpg\",\"datePublished\":\"2018-07-20T09:06:12+00:00\",\"dateModified\":\"2026-04-24T08:01:29+00:00\",\"description\":\"Tekstiilmult\u009a Agritex on UV kindel; vett ja \u00f5hku l\u00e4bi laskev; kerge pinnakattekangas. Sobib kasutamiseks k\u00f6\u00f6givilja- ja maasikapeenardes; istutusalades jms kohtades. Tekstiilmult\u009ai kasutamine takistab umbrohtude ja taimehaiguste levikut; aitab hoida pinnast niiskena ja t\u00f5sta pinnase temperatuuri ning istutusalades eraldada mult\u009ai kihti.\",\"breadcrumb\":{\"@id\":\"https:\/\/horticom.ee\/e-pood\/toode\/tekstiilmults-agritex-50g-16-x-20m-must-mini-rull\/#breadcrumb\"},\"inLanguage\":\"et\",\"potentialAction\":[{\"@type\":\"ReadAction\",\"target\":[\"https:\/\/horticom.ee\/e-pood\/toode\/tekstiilmults-agritex-50g-16-x-20m-must-mini-rull\/\"]}]},{\"@type\":\"ImageObject\",\"inLanguage\":\"et\",\"@id\":\"https:\/\/horticom.ee\/e-pood\/toode\/tekstiilmults-agritex-50g-16-x-20m-must-mini-rull\/#primaryimage\",\"url\":\"https:\/\/horticom.ee\/e-pood\/wp-content\/uploads\/importedmedia\/product-41964_0-8044584252-scaled.jpg\",\"contentUrl\":\"https:\/\/horticom.ee\/e-pood\/wp-content\/uploads\/importedmedia\/product-41964_0-8044584252-scaled.jpg\",\"width\":405,\"height\":2560,\"caption\":\"Tekstiilmult\u009a Agritex 50g 1;6 x 20m must mini rull\"},{\"@type\":\"BreadcrumbList\",\"@id\":\"https:\/\/horticom.ee\/e-pood\/toode\/tekstiilmults-agritex-50g-16-x-20m-must-mini-rull\/#breadcrumb\",\"itemListElement\":[{\"@type\":\"ListItem\",\"position\":1,\"name\":\"Home\",\"item\":\"https:\/\/horticom.ee\/e-pood\/\"},{\"@type\":\"ListItem\",\"position\":2,\"name\":\"Pood\",\"item\":\"https:\/\/horticom.ee\/e-pood\/pood\/\"},{\"@type\":\"ListItem\",\"position\":3,\"name\":\"Tekstiilmult\u0161 Horticom 50g 1,6 x 20m 32m2 must mini rull\"}]},{\"@type\":\"WebSite\",\"@id\":\"https:\/\/horticom.ee\/e-pood\/#website\",\"url\":\"https:\/\/horticom.ee\/e-pood\/\",\"name\":\"Horticom.ee\",\"description\":\"Aianduskaubad ja kodukaubad nii harrastajatele kui professionaalidele\",\"potentialAction\":[{\"@type\":\"SearchAction\",\"target\":{\"@type\":\"EntryPoint\",\"urlTemplate\":\"https:\/\/horticom.ee\/e-pood\/?s={search_term_string}\"},\"query-input\":{\"@type\":\"PropertyValueSpecification\",\"valueRequired\":true,\"valueName\":\"search_term_string\"}}],\"inLanguage\":\"et\"}]}<\/script>\n<!-- \/ Yoast SEO plugin. -->","yoast_head_json":{"title":"Tekstiilmult\u009a Agritex 50g 1;6 x 20m must mini rull-Aednik24.ee","description":"Tekstiilmult\u009a Agritex on UV kindel; vett ja \u00f5hku l\u00e4bi laskev; kerge pinnakattekangas. Sobib kasutamiseks k\u00f6\u00f6givilja- ja maasikapeenardes; istutusalades jms kohtades. Tekstiilmult\u009ai kasutamine takistab umbrohtude ja taimehaiguste levikut; aitab hoida pinnast niiskena ja t\u00f5sta pinnase temperatuuri ning istutusalades eraldada mult\u009ai kihti.","robots":{"index":"index","follow":"follow","max-snippet":"max-snippet:-1","max-image-preview":"max-image-preview:large","max-video-preview":"max-video-preview:-1"},"canonical":"https:\/\/horticom.ee\/e-pood\/toode\/tekstiilmults-agritex-50g-16-x-20m-must-mini-rull\/","og_locale":"et_EE","og_type":"article","og_title":"Tekstiilmult\u009a Agritex 50g 1;6 x 20m must mini rull-Aednik24.ee","og_description":"Tekstiilmult\u009a Agritex on UV kindel; vett ja \u00f5hku l\u00e4bi laskev; kerge pinnakattekangas. Sobib kasutamiseks k\u00f6\u00f6givilja- ja maasikapeenardes; istutusalades jms kohtades. Tekstiilmult\u009ai kasutamine takistab umbrohtude ja taimehaiguste levikut; aitab hoida pinnast niiskena ja t\u00f5sta pinnase temperatuuri ning istutusalades eraldada mult\u009ai kihti.","og_url":"https:\/\/horticom.ee\/e-pood\/toode\/tekstiilmults-agritex-50g-16-x-20m-must-mini-rull\/","og_site_name":"Horticom.ee","article_publisher":"https:\/\/www.facebook.com\/horticom.ee\/e-pood","article_modified_time":"2026-04-24T08:01:29+00:00","og_image":[{"width":405,"height":2560,"url":"https:\/\/horticom.ee\/e-pood\/wp-content\/uploads\/importedmedia\/product-41964_0-8044584252-scaled.jpg","type":"image\/jpeg"}],"twitter_card":"summary_large_image","schema":{"@context":"https:\/\/schema.org","@graph":[{"@type":"WebPage","@id":"https:\/\/horticom.ee\/e-pood\/toode\/tekstiilmults-agritex-50g-16-x-20m-must-mini-rull\/","url":"https:\/\/horticom.ee\/e-pood\/toode\/tekstiilmults-agritex-50g-16-x-20m-must-mini-rull\/","name":"Tekstiilmult\u009a Agritex 50g 1;6 x 20m must mini rull-Aednik24.ee","isPartOf":{"@id":"https:\/\/horticom.ee\/e-pood\/#website"},"primaryImageOfPage":{"@id":"https:\/\/horticom.ee\/e-pood\/toode\/tekstiilmults-agritex-50g-16-x-20m-must-mini-rull\/#primaryimage"},"image":{"@id":"https:\/\/horticom.ee\/e-pood\/toode\/tekstiilmults-agritex-50g-16-x-20m-must-mini-rull\/#primaryimage"},"thumbnailUrl":"https:\/\/horticom.ee\/e-pood\/wp-content\/uploads\/importedmedia\/product-41964_0-8044584252-scaled.jpg","datePublished":"2018-07-20T09:06:12+00:00","dateModified":"2026-04-24T08:01:29+00:00","description":"Tekstiilmult\u009a Agritex on UV kindel; vett ja \u00f5hku l\u00e4bi laskev; kerge pinnakattekangas. Sobib kasutamiseks k\u00f6\u00f6givilja- ja maasikapeenardes; istutusalades jms kohtades. Tekstiilmult\u009ai kasutamine takistab umbrohtude ja taimehaiguste levikut; aitab hoida pinnast niiskena ja t\u00f5sta pinnase temperatuuri ning istutusalades eraldada mult\u009ai kihti.","breadcrumb":{"@id":"https:\/\/horticom.ee\/e-pood\/toode\/tekstiilmults-agritex-50g-16-x-20m-must-mini-rull\/#breadcrumb"},"inLanguage":"et","potentialAction":[{"@type":"ReadAction","target":["https:\/\/horticom.ee\/e-pood\/toode\/tekstiilmults-agritex-50g-16-x-20m-must-mini-rull\/"]}]},{"@type":"ImageObject","inLanguage":"et","@id":"https:\/\/horticom.ee\/e-pood\/toode\/tekstiilmults-agritex-50g-16-x-20m-must-mini-rull\/#primaryimage","url":"https:\/\/horticom.ee\/e-pood\/wp-content\/uploads\/importedmedia\/product-41964_0-8044584252-scaled.jpg","contentUrl":"https:\/\/horticom.ee\/e-pood\/wp-content\/uploads\/importedmedia\/product-41964_0-8044584252-scaled.jpg","width":405,"height":2560,"caption":"Tekstiilmult\u009a Agritex 50g 1;6 x 20m must mini rull"},{"@type":"BreadcrumbList","@id":"https:\/\/horticom.ee\/e-pood\/toode\/tekstiilmults-agritex-50g-16-x-20m-must-mini-rull\/#breadcrumb","itemListElement":[{"@type":"ListItem","position":1,"name":"Home","item":"https:\/\/horticom.ee\/e-pood\/"},{"@type":"ListItem","position":2,"name":"Pood","item":"https:\/\/horticom.ee\/e-pood\/pood\/"},{"@type":"ListItem","position":3,"name":"Tekstiilmult\u0161 Horticom 50g 1,6 x 20m 32m2 must mini rull"}]},{"@type":"WebSite","@id":"https:\/\/horticom.ee\/e-pood\/#website","url":"https:\/\/horticom.ee\/e-pood\/","name":"Horticom.ee","description":"Aianduskaubad ja kodukaubad nii harrastajatele kui professionaalidele","potentialAction":[{"@type":"SearchAction","target":{"@type":"EntryPoint","urlTemplate":"https:\/\/horticom.ee\/e-pood\/?s={search_term_string}"},"query-input":{"@type":"PropertyValueSpecification","valueRequired":true,"valueName":"search_term_string"}}],"inLanguage":"et"}]}},"_links":{"self":[{"href":"https:\/\/horticom.ee\/e-pood\/wp-json\/wp\/v2\/product\/41964","targetHints":{"allow":["GET"]}}],"collection":[{"href":"https:\/\/horticom.ee\/e-pood\/wp-json\/wp\/v2\/product"}],"about":[{"href":"https:\/\/horticom.ee\/e-pood\/wp-json\/wp\/v2\/types\/product"}],"replies":[{"embeddable":true,"href":"https:\/\/horticom.ee\/e-pood\/wp-json\/wp\/v2\/comments?post=41964"}],"wp:featuredmedia":[{"embeddable":true,"href":"https:\/\/horticom.ee\/e-pood\/wp-json\/wp\/v2\/media\/53680"}],"wp:attachment":[{"href":"https:\/\/horticom.ee\/e-pood\/wp-json\/wp\/v2\/media?parent=41964"}],"wp:term":[{"taxonomy":"product_cat","embeddable":true,"href":"https:\/\/horticom.ee\/e-pood\/wp-json\/wp\/v2\/product_cat?post=41964"},{"taxonomy":"product_tag","embeddable":true,"href":"https:\/\/horticom.ee\/e-pood\/wp-json\/wp\/v2\/product_tag?post=41964"}],"curies":[{"name":"wp","href":"https:\/\/api.w.org\/{rel}","templated":true}]}}