{"id":42141,"date":"2018-07-20T12:07:02","date_gmt":"2018-07-20T09:07:02","guid":{"rendered":"https:\/\/aednik24.ee\/toode\/koriander-3g\/"},"modified":"2026-04-20T03:10:27","modified_gmt":"2026-04-20T00:10:27","slug":"koriander-3g","status":"publish","type":"product","link":"https:\/\/horticom.ee\/e-pood\/toode\/koriander-3g\/","title":{"rendered":"Koriander 1g A"},"content":{"rendered":"<p>Koriander &#8211; maitseainena kasutatakse noori lehti ja kuivatatud seemneid. K\u00fclv: Mais kasvukohale.<\/p>\n","protected":false},"excerpt":{"rendered":"<p>Koriander &#8211; maitseainena kasutatakse noori lehti ja kuivatatud seemneid. K\u00fclv: Mais kasvukohale.<\/p>\n","protected":false},"featured_media":53493,"comment_status":"open","ping_status":"closed","template":"","meta":{"_themeisle_gutenberg_block_has_review":false},"product_cat":[13490],"product_tag":[],"class_list":{"0":"post-42141","1":"product","2":"type-product","3":"status-publish","4":"has-post-thumbnail","6":"product_cat-maitsetaimede-seemned","8":"first","9":"outofstock","10":"shipping-taxable","11":"purchasable","12":"product-type-simple"},"yoast_head":"<!-- This site is optimized with the Yoast SEO plugin v24.0 - https:\/\/yoast.com\/wordpress\/plugins\/seo\/ -->\n<title>Koriander 3g-Aednik24.ee<\/title>\n<meta name=\"description\" content=\"Koriander on v\u00e4\u00e4rtuslik maitse- ja ravimtaim. Maitseainena kasutatakse noori lehti ja kuivatatud seemneid. K\u00fclv: Mais kasvukohale.\" \/>\n<meta name=\"robots\" content=\"index, follow, max-snippet:-1, max-image-preview:large, max-video-preview:-1\" \/>\n<link rel=\"canonical\" href=\"https:\/\/horticom.ee\/e-pood\/toode\/koriander-3g\/\" \/>\n<meta property=\"og:locale\" content=\"et_EE\" \/>\n<meta property=\"og:type\" content=\"article\" \/>\n<meta property=\"og:title\" content=\"Koriander 3g-Aednik24.ee\" \/>\n<meta property=\"og:description\" content=\"Koriander on v\u00e4\u00e4rtuslik maitse- ja ravimtaim. Maitseainena kasutatakse noori lehti ja kuivatatud seemneid. K\u00fclv: Mais kasvukohale.\" \/>\n<meta property=\"og:url\" content=\"https:\/\/horticom.ee\/e-pood\/toode\/koriander-3g\/\" \/>\n<meta property=\"og:site_name\" content=\"Horticom.ee\" \/>\n<meta property=\"article:publisher\" content=\"https:\/\/www.facebook.com\/horticom.ee\/e-pood\" \/>\n<meta property=\"article:modified_time\" content=\"2026-04-20T00:10:27+00:00\" \/>\n<meta property=\"og:image\" content=\"https:\/\/horticom.ee\/e-pood\/wp-content\/uploads\/importedmedia\/product-42141_0-1401120.jpg\" \/>\n\t<meta property=\"og:image:width\" content=\"1000\" \/>\n\t<meta property=\"og:image:height\" content=\"1501\" \/>\n\t<meta property=\"og:image:type\" content=\"image\/jpeg\" \/>\n<meta name=\"twitter:card\" content=\"summary_large_image\" \/>\n<script type=\"application\/ld+json\" class=\"yoast-schema-graph\">{\"@context\":\"https:\/\/schema.org\",\"@graph\":[{\"@type\":\"WebPage\",\"@id\":\"https:\/\/horticom.ee\/e-pood\/toode\/koriander-3g\/\",\"url\":\"https:\/\/horticom.ee\/e-pood\/toode\/koriander-3g\/\",\"name\":\"Koriander 3g-Aednik24.ee\",\"isPartOf\":{\"@id\":\"https:\/\/horticom.ee\/e-pood\/#website\"},\"primaryImageOfPage\":{\"@id\":\"https:\/\/horticom.ee\/e-pood\/toode\/koriander-3g\/#primaryimage\"},\"image\":{\"@id\":\"https:\/\/horticom.ee\/e-pood\/toode\/koriander-3g\/#primaryimage\"},\"thumbnailUrl\":\"https:\/\/horticom.ee\/e-pood\/wp-content\/uploads\/importedmedia\/product-42141_0-1401120.jpg\",\"datePublished\":\"2018-07-20T09:07:02+00:00\",\"dateModified\":\"2026-04-20T00:10:27+00:00\",\"description\":\"Koriander on v\u00e4\u00e4rtuslik maitse- ja ravimtaim. Maitseainena kasutatakse noori lehti ja kuivatatud seemneid. K\u00fclv: Mais kasvukohale.\",\"breadcrumb\":{\"@id\":\"https:\/\/horticom.ee\/e-pood\/toode\/koriander-3g\/#breadcrumb\"},\"inLanguage\":\"et\",\"potentialAction\":[{\"@type\":\"ReadAction\",\"target\":[\"https:\/\/horticom.ee\/e-pood\/toode\/koriander-3g\/\"]}]},{\"@type\":\"ImageObject\",\"inLanguage\":\"et\",\"@id\":\"https:\/\/horticom.ee\/e-pood\/toode\/koriander-3g\/#primaryimage\",\"url\":\"https:\/\/horticom.ee\/e-pood\/wp-content\/uploads\/importedmedia\/product-42141_0-1401120.jpg\",\"contentUrl\":\"https:\/\/horticom.ee\/e-pood\/wp-content\/uploads\/importedmedia\/product-42141_0-1401120.jpg\",\"width\":1000,\"height\":1501,\"caption\":\"Koriander 3g\"},{\"@type\":\"BreadcrumbList\",\"@id\":\"https:\/\/horticom.ee\/e-pood\/toode\/koriander-3g\/#breadcrumb\",\"itemListElement\":[{\"@type\":\"ListItem\",\"position\":1,\"name\":\"Home\",\"item\":\"https:\/\/horticom.ee\/e-pood\/\"},{\"@type\":\"ListItem\",\"position\":2,\"name\":\"Pood\",\"item\":\"https:\/\/horticom.ee\/e-pood\/pood\/\"},{\"@type\":\"ListItem\",\"position\":3,\"name\":\"Koriander 1g A\"}]},{\"@type\":\"WebSite\",\"@id\":\"https:\/\/horticom.ee\/e-pood\/#website\",\"url\":\"https:\/\/horticom.ee\/e-pood\/\",\"name\":\"Horticom.ee\",\"description\":\"Aianduskaubad ja kodukaubad nii harrastajatele kui professionaalidele\",\"potentialAction\":[{\"@type\":\"SearchAction\",\"target\":{\"@type\":\"EntryPoint\",\"urlTemplate\":\"https:\/\/horticom.ee\/e-pood\/?s={search_term_string}\"},\"query-input\":{\"@type\":\"PropertyValueSpecification\",\"valueRequired\":true,\"valueName\":\"search_term_string\"}}],\"inLanguage\":\"et\"}]}<\/script>\n<!-- \/ Yoast SEO plugin. -->","yoast_head_json":{"title":"Koriander 3g-Aednik24.ee","description":"Koriander on v\u00e4\u00e4rtuslik maitse- ja ravimtaim. Maitseainena kasutatakse noori lehti ja kuivatatud seemneid. K\u00fclv: Mais kasvukohale.","robots":{"index":"index","follow":"follow","max-snippet":"max-snippet:-1","max-image-preview":"max-image-preview:large","max-video-preview":"max-video-preview:-1"},"canonical":"https:\/\/horticom.ee\/e-pood\/toode\/koriander-3g\/","og_locale":"et_EE","og_type":"article","og_title":"Koriander 3g-Aednik24.ee","og_description":"Koriander on v\u00e4\u00e4rtuslik maitse- ja ravimtaim. Maitseainena kasutatakse noori lehti ja kuivatatud seemneid. K\u00fclv: Mais kasvukohale.","og_url":"https:\/\/horticom.ee\/e-pood\/toode\/koriander-3g\/","og_site_name":"Horticom.ee","article_publisher":"https:\/\/www.facebook.com\/horticom.ee\/e-pood","article_modified_time":"2026-04-20T00:10:27+00:00","og_image":[{"width":1000,"height":1501,"url":"https:\/\/horticom.ee\/e-pood\/wp-content\/uploads\/importedmedia\/product-42141_0-1401120.jpg","type":"image\/jpeg"}],"twitter_card":"summary_large_image","schema":{"@context":"https:\/\/schema.org","@graph":[{"@type":"WebPage","@id":"https:\/\/horticom.ee\/e-pood\/toode\/koriander-3g\/","url":"https:\/\/horticom.ee\/e-pood\/toode\/koriander-3g\/","name":"Koriander 3g-Aednik24.ee","isPartOf":{"@id":"https:\/\/horticom.ee\/e-pood\/#website"},"primaryImageOfPage":{"@id":"https:\/\/horticom.ee\/e-pood\/toode\/koriander-3g\/#primaryimage"},"image":{"@id":"https:\/\/horticom.ee\/e-pood\/toode\/koriander-3g\/#primaryimage"},"thumbnailUrl":"https:\/\/horticom.ee\/e-pood\/wp-content\/uploads\/importedmedia\/product-42141_0-1401120.jpg","datePublished":"2018-07-20T09:07:02+00:00","dateModified":"2026-04-20T00:10:27+00:00","description":"Koriander on v\u00e4\u00e4rtuslik maitse- ja ravimtaim. Maitseainena kasutatakse noori lehti ja kuivatatud seemneid. K\u00fclv: Mais kasvukohale.","breadcrumb":{"@id":"https:\/\/horticom.ee\/e-pood\/toode\/koriander-3g\/#breadcrumb"},"inLanguage":"et","potentialAction":[{"@type":"ReadAction","target":["https:\/\/horticom.ee\/e-pood\/toode\/koriander-3g\/"]}]},{"@type":"ImageObject","inLanguage":"et","@id":"https:\/\/horticom.ee\/e-pood\/toode\/koriander-3g\/#primaryimage","url":"https:\/\/horticom.ee\/e-pood\/wp-content\/uploads\/importedmedia\/product-42141_0-1401120.jpg","contentUrl":"https:\/\/horticom.ee\/e-pood\/wp-content\/uploads\/importedmedia\/product-42141_0-1401120.jpg","width":1000,"height":1501,"caption":"Koriander 3g"},{"@type":"BreadcrumbList","@id":"https:\/\/horticom.ee\/e-pood\/toode\/koriander-3g\/#breadcrumb","itemListElement":[{"@type":"ListItem","position":1,"name":"Home","item":"https:\/\/horticom.ee\/e-pood\/"},{"@type":"ListItem","position":2,"name":"Pood","item":"https:\/\/horticom.ee\/e-pood\/pood\/"},{"@type":"ListItem","position":3,"name":"Koriander 1g A"}]},{"@type":"WebSite","@id":"https:\/\/horticom.ee\/e-pood\/#website","url":"https:\/\/horticom.ee\/e-pood\/","name":"Horticom.ee","description":"Aianduskaubad ja kodukaubad nii harrastajatele kui professionaalidele","potentialAction":[{"@type":"SearchAction","target":{"@type":"EntryPoint","urlTemplate":"https:\/\/horticom.ee\/e-pood\/?s={search_term_string}"},"query-input":{"@type":"PropertyValueSpecification","valueRequired":true,"valueName":"search_term_string"}}],"inLanguage":"et"}]}},"_links":{"self":[{"href":"https:\/\/horticom.ee\/e-pood\/wp-json\/wp\/v2\/product\/42141","targetHints":{"allow":["GET"]}}],"collection":[{"href":"https:\/\/horticom.ee\/e-pood\/wp-json\/wp\/v2\/product"}],"about":[{"href":"https:\/\/horticom.ee\/e-pood\/wp-json\/wp\/v2\/types\/product"}],"replies":[{"embeddable":true,"href":"https:\/\/horticom.ee\/e-pood\/wp-json\/wp\/v2\/comments?post=42141"}],"wp:featuredmedia":[{"embeddable":true,"href":"https:\/\/horticom.ee\/e-pood\/wp-json\/wp\/v2\/media\/53493"}],"wp:attachment":[{"href":"https:\/\/horticom.ee\/e-pood\/wp-json\/wp\/v2\/media?parent=42141"}],"wp:term":[{"taxonomy":"product_cat","embeddable":true,"href":"https:\/\/horticom.ee\/e-pood\/wp-json\/wp\/v2\/product_cat?post=42141"},{"taxonomy":"product_tag","embeddable":true,"href":"https:\/\/horticom.ee\/e-pood\/wp-json\/wp\/v2\/product_tag?post=42141"}],"curies":[{"name":"wp","href":"https:\/\/api.w.org\/{rel}","templated":true}]}}