{"id":42221,"date":"2018-07-20T12:07:24","date_gmt":"2018-07-20T09:07:24","guid":{"rendered":"https:\/\/aednik24.ee\/toode\/tomat-red-cherry-03g\/"},"modified":"2026-04-24T03:06:55","modified_gmt":"2026-04-24T00:06:55","slug":"tomat-red-cherry-03g","status":"publish","type":"product","link":"https:\/\/horticom.ee\/e-pood\/toode\/tomat-red-cherry-03g\/","title":{"rendered":"Tomat Red Cherry 0,25g A"},"content":{"rendered":"<p>Tomat Red Cherry on kirsstomat. K\u00fclv: M\u00e4rtsis k\u00fclvikasti. Ettekasvatusaeg 60p. Kasvuaeg 60-70p. Taim on k\u00f5rge kasvuga.<\/p>\n","protected":false},"excerpt":{"rendered":"<p>Tomat Red Cherry on kirsstomat. K\u00fclv: M\u00e4rtsis k\u00fclvikasti. Ettekasvatusaeg 60p. Kasvuaeg 60-70p. Taim on k\u00f5rge kasvuga.<\/p>\n","protected":false},"featured_media":53414,"comment_status":"open","ping_status":"closed","template":"","meta":{"_themeisle_gutenberg_block_has_review":false},"product_cat":[13481],"product_tag":[],"class_list":{"0":"post-42221","1":"product","2":"type-product","3":"status-publish","4":"has-post-thumbnail","6":"product_cat-tomat","8":"first","9":"outofstock","10":"shipping-taxable","11":"purchasable","12":"product-type-simple"},"yoast_head":"<!-- This site is optimized with the Yoast SEO plugin v24.0 - https:\/\/yoast.com\/wordpress\/plugins\/seo\/ -->\n<title>Tomat Red Cherry 0;3g-Aednik24.ee<\/title>\n<meta name=\"description\" content=\"Tomat Red Cherry on kirsstomat. K\u00fclv: M\u00e4rtsis k\u00fclvikasti. Ettekasvatusaeg 60 p. Kasvuaeg 60-70 p. Taim on k\u00f5rge kasvuga.\" \/>\n<meta name=\"robots\" content=\"index, follow, max-snippet:-1, max-image-preview:large, max-video-preview:-1\" \/>\n<link rel=\"canonical\" href=\"https:\/\/horticom.ee\/e-pood\/toode\/tomat-red-cherry-03g\/\" \/>\n<meta property=\"og:locale\" content=\"et_EE\" \/>\n<meta property=\"og:type\" content=\"article\" \/>\n<meta property=\"og:title\" content=\"Tomat Red Cherry 0;3g-Aednik24.ee\" \/>\n<meta property=\"og:description\" content=\"Tomat Red Cherry on kirsstomat. K\u00fclv: M\u00e4rtsis k\u00fclvikasti. Ettekasvatusaeg 60 p. Kasvuaeg 60-70 p. Taim on k\u00f5rge kasvuga.\" \/>\n<meta property=\"og:url\" content=\"https:\/\/horticom.ee\/e-pood\/toode\/tomat-red-cherry-03g\/\" \/>\n<meta property=\"og:site_name\" content=\"Horticom.ee\" \/>\n<meta property=\"article:publisher\" content=\"https:\/\/www.facebook.com\/horticom.ee\/e-pood\" \/>\n<meta property=\"article:modified_time\" content=\"2026-04-24T00:06:55+00:00\" \/>\n<meta property=\"og:image\" content=\"https:\/\/horticom.ee\/e-pood\/wp-content\/uploads\/importedmedia\/product-42221_0-1402826.jpg\" \/>\n\t<meta property=\"og:image:width\" content=\"1000\" \/>\n\t<meta property=\"og:image:height\" content=\"1577\" \/>\n\t<meta property=\"og:image:type\" content=\"image\/jpeg\" \/>\n<meta name=\"twitter:card\" content=\"summary_large_image\" \/>\n<script type=\"application\/ld+json\" class=\"yoast-schema-graph\">{\"@context\":\"https:\/\/schema.org\",\"@graph\":[{\"@type\":\"WebPage\",\"@id\":\"https:\/\/horticom.ee\/e-pood\/toode\/tomat-red-cherry-03g\/\",\"url\":\"https:\/\/horticom.ee\/e-pood\/toode\/tomat-red-cherry-03g\/\",\"name\":\"Tomat Red Cherry 0;3g-Aednik24.ee\",\"isPartOf\":{\"@id\":\"https:\/\/horticom.ee\/e-pood\/#website\"},\"primaryImageOfPage\":{\"@id\":\"https:\/\/horticom.ee\/e-pood\/toode\/tomat-red-cherry-03g\/#primaryimage\"},\"image\":{\"@id\":\"https:\/\/horticom.ee\/e-pood\/toode\/tomat-red-cherry-03g\/#primaryimage\"},\"thumbnailUrl\":\"https:\/\/horticom.ee\/e-pood\/wp-content\/uploads\/importedmedia\/product-42221_0-1402826.jpg\",\"datePublished\":\"2018-07-20T09:07:24+00:00\",\"dateModified\":\"2026-04-24T00:06:55+00:00\",\"description\":\"Tomat Red Cherry on kirsstomat. K\u00fclv: M\u00e4rtsis k\u00fclvikasti. Ettekasvatusaeg 60 p. Kasvuaeg 60-70 p. Taim on k\u00f5rge kasvuga.\",\"breadcrumb\":{\"@id\":\"https:\/\/horticom.ee\/e-pood\/toode\/tomat-red-cherry-03g\/#breadcrumb\"},\"inLanguage\":\"et\",\"potentialAction\":[{\"@type\":\"ReadAction\",\"target\":[\"https:\/\/horticom.ee\/e-pood\/toode\/tomat-red-cherry-03g\/\"]}]},{\"@type\":\"ImageObject\",\"inLanguage\":\"et\",\"@id\":\"https:\/\/horticom.ee\/e-pood\/toode\/tomat-red-cherry-03g\/#primaryimage\",\"url\":\"https:\/\/horticom.ee\/e-pood\/wp-content\/uploads\/importedmedia\/product-42221_0-1402826.jpg\",\"contentUrl\":\"https:\/\/horticom.ee\/e-pood\/wp-content\/uploads\/importedmedia\/product-42221_0-1402826.jpg\",\"width\":1000,\"height\":1577,\"caption\":\"Tomat Red Cherry 0;3g\"},{\"@type\":\"BreadcrumbList\",\"@id\":\"https:\/\/horticom.ee\/e-pood\/toode\/tomat-red-cherry-03g\/#breadcrumb\",\"itemListElement\":[{\"@type\":\"ListItem\",\"position\":1,\"name\":\"Home\",\"item\":\"https:\/\/horticom.ee\/e-pood\/\"},{\"@type\":\"ListItem\",\"position\":2,\"name\":\"Pood\",\"item\":\"https:\/\/horticom.ee\/e-pood\/pood\/\"},{\"@type\":\"ListItem\",\"position\":3,\"name\":\"Tomat Red Cherry 0,25g A\"}]},{\"@type\":\"WebSite\",\"@id\":\"https:\/\/horticom.ee\/e-pood\/#website\",\"url\":\"https:\/\/horticom.ee\/e-pood\/\",\"name\":\"Horticom.ee\",\"description\":\"Aianduskaubad ja kodukaubad nii harrastajatele kui professionaalidele\",\"potentialAction\":[{\"@type\":\"SearchAction\",\"target\":{\"@type\":\"EntryPoint\",\"urlTemplate\":\"https:\/\/horticom.ee\/e-pood\/?s={search_term_string}\"},\"query-input\":{\"@type\":\"PropertyValueSpecification\",\"valueRequired\":true,\"valueName\":\"search_term_string\"}}],\"inLanguage\":\"et\"}]}<\/script>\n<!-- \/ Yoast SEO plugin. -->","yoast_head_json":{"title":"Tomat Red Cherry 0;3g-Aednik24.ee","description":"Tomat Red Cherry on kirsstomat. K\u00fclv: M\u00e4rtsis k\u00fclvikasti. Ettekasvatusaeg 60 p. Kasvuaeg 60-70 p. Taim on k\u00f5rge kasvuga.","robots":{"index":"index","follow":"follow","max-snippet":"max-snippet:-1","max-image-preview":"max-image-preview:large","max-video-preview":"max-video-preview:-1"},"canonical":"https:\/\/horticom.ee\/e-pood\/toode\/tomat-red-cherry-03g\/","og_locale":"et_EE","og_type":"article","og_title":"Tomat Red Cherry 0;3g-Aednik24.ee","og_description":"Tomat Red Cherry on kirsstomat. K\u00fclv: M\u00e4rtsis k\u00fclvikasti. Ettekasvatusaeg 60 p. Kasvuaeg 60-70 p. Taim on k\u00f5rge kasvuga.","og_url":"https:\/\/horticom.ee\/e-pood\/toode\/tomat-red-cherry-03g\/","og_site_name":"Horticom.ee","article_publisher":"https:\/\/www.facebook.com\/horticom.ee\/e-pood","article_modified_time":"2026-04-24T00:06:55+00:00","og_image":[{"width":1000,"height":1577,"url":"https:\/\/horticom.ee\/e-pood\/wp-content\/uploads\/importedmedia\/product-42221_0-1402826.jpg","type":"image\/jpeg"}],"twitter_card":"summary_large_image","schema":{"@context":"https:\/\/schema.org","@graph":[{"@type":"WebPage","@id":"https:\/\/horticom.ee\/e-pood\/toode\/tomat-red-cherry-03g\/","url":"https:\/\/horticom.ee\/e-pood\/toode\/tomat-red-cherry-03g\/","name":"Tomat Red Cherry 0;3g-Aednik24.ee","isPartOf":{"@id":"https:\/\/horticom.ee\/e-pood\/#website"},"primaryImageOfPage":{"@id":"https:\/\/horticom.ee\/e-pood\/toode\/tomat-red-cherry-03g\/#primaryimage"},"image":{"@id":"https:\/\/horticom.ee\/e-pood\/toode\/tomat-red-cherry-03g\/#primaryimage"},"thumbnailUrl":"https:\/\/horticom.ee\/e-pood\/wp-content\/uploads\/importedmedia\/product-42221_0-1402826.jpg","datePublished":"2018-07-20T09:07:24+00:00","dateModified":"2026-04-24T00:06:55+00:00","description":"Tomat Red Cherry on kirsstomat. K\u00fclv: M\u00e4rtsis k\u00fclvikasti. Ettekasvatusaeg 60 p. Kasvuaeg 60-70 p. Taim on k\u00f5rge kasvuga.","breadcrumb":{"@id":"https:\/\/horticom.ee\/e-pood\/toode\/tomat-red-cherry-03g\/#breadcrumb"},"inLanguage":"et","potentialAction":[{"@type":"ReadAction","target":["https:\/\/horticom.ee\/e-pood\/toode\/tomat-red-cherry-03g\/"]}]},{"@type":"ImageObject","inLanguage":"et","@id":"https:\/\/horticom.ee\/e-pood\/toode\/tomat-red-cherry-03g\/#primaryimage","url":"https:\/\/horticom.ee\/e-pood\/wp-content\/uploads\/importedmedia\/product-42221_0-1402826.jpg","contentUrl":"https:\/\/horticom.ee\/e-pood\/wp-content\/uploads\/importedmedia\/product-42221_0-1402826.jpg","width":1000,"height":1577,"caption":"Tomat Red Cherry 0;3g"},{"@type":"BreadcrumbList","@id":"https:\/\/horticom.ee\/e-pood\/toode\/tomat-red-cherry-03g\/#breadcrumb","itemListElement":[{"@type":"ListItem","position":1,"name":"Home","item":"https:\/\/horticom.ee\/e-pood\/"},{"@type":"ListItem","position":2,"name":"Pood","item":"https:\/\/horticom.ee\/e-pood\/pood\/"},{"@type":"ListItem","position":3,"name":"Tomat Red Cherry 0,25g A"}]},{"@type":"WebSite","@id":"https:\/\/horticom.ee\/e-pood\/#website","url":"https:\/\/horticom.ee\/e-pood\/","name":"Horticom.ee","description":"Aianduskaubad ja kodukaubad nii harrastajatele kui professionaalidele","potentialAction":[{"@type":"SearchAction","target":{"@type":"EntryPoint","urlTemplate":"https:\/\/horticom.ee\/e-pood\/?s={search_term_string}"},"query-input":{"@type":"PropertyValueSpecification","valueRequired":true,"valueName":"search_term_string"}}],"inLanguage":"et"}]}},"_links":{"self":[{"href":"https:\/\/horticom.ee\/e-pood\/wp-json\/wp\/v2\/product\/42221","targetHints":{"allow":["GET"]}}],"collection":[{"href":"https:\/\/horticom.ee\/e-pood\/wp-json\/wp\/v2\/product"}],"about":[{"href":"https:\/\/horticom.ee\/e-pood\/wp-json\/wp\/v2\/types\/product"}],"replies":[{"embeddable":true,"href":"https:\/\/horticom.ee\/e-pood\/wp-json\/wp\/v2\/comments?post=42221"}],"wp:featuredmedia":[{"embeddable":true,"href":"https:\/\/horticom.ee\/e-pood\/wp-json\/wp\/v2\/media\/53414"}],"wp:attachment":[{"href":"https:\/\/horticom.ee\/e-pood\/wp-json\/wp\/v2\/media?parent=42221"}],"wp:term":[{"taxonomy":"product_cat","embeddable":true,"href":"https:\/\/horticom.ee\/e-pood\/wp-json\/wp\/v2\/product_cat?post=42221"},{"taxonomy":"product_tag","embeddable":true,"href":"https:\/\/horticom.ee\/e-pood\/wp-json\/wp\/v2\/product_tag?post=42221"}],"curies":[{"name":"wp","href":"https:\/\/api.w.org\/{rel}","templated":true}]}}