{"id":429725,"date":"2022-03-01T18:09:10","date_gmt":"2022-03-01T16:09:10","guid":{"rendered":"https:\/\/aednik24.ee\/toode\/tomat-black-prince-solanum-lycopersicum-l-d\/"},"modified":"2026-05-01T03:11:16","modified_gmt":"2026-05-01T00:11:16","slug":"tomat-black-prince-solanum-lycopersicum-l-d","status":"publish","type":"product","link":"https:\/\/horticom.ee\/e-pood\/toode\/tomat-black-prince-solanum-lycopersicum-l-d\/","title":{"rendered":"Tomat Black Prince &#8211; Solanum lycopersicum L."},"content":{"rendered":"<p>Tomat Black Prince on k\u00f5rgekasvuline, keskvarajane iidne sort. Viljad on \u00fcsna suured, \u00f5hukese koorega, mahlased, maitsvad. Sisaldab palju karotenoidi l\u00fckopeeni, mis on \u00fcks tugevamaid looduslikke antioks\u00fcdante. Kasvab h\u00e4sti ka jahedamal suvel, kuna on aretatud Venemaal Siberi regioonis. 12-18kg saaki hooajal. S\u00fc\u00fcakse v\u00e4rskelt, konserveeritult, kasutatakse kastmete valmistamisel.<\/p>\n","protected":false},"excerpt":{"rendered":"<p>Tomat Black Prince on k\u00f5rgekasvuline, keskvarajane iidne sort. Viljad on \u00fcsna suured, \u00f5hukese koorega, mahlased, maitsvad. Sisaldab palju karotenoidi l\u00fckopeeni, mis on \u00fcks tugevamaid looduslikke antioks\u00fcdante. Kasvab h\u00e4sti ka jahedamal suvel, kuna on aretatud Venemaal Siberi regioonis. 12-18kg saaki hooajal. S\u00fc\u00fcakse v\u00e4rskelt, konserveeritult, kasutatakse kastmete valmistamisel.<\/p>\n","protected":false},"featured_media":429727,"comment_status":"closed","ping_status":"closed","template":"","meta":{"_themeisle_gutenberg_block_has_review":false},"product_cat":[13481],"product_tag":[],"class_list":{"0":"post-429725","1":"product","2":"type-product","3":"status-publish","4":"has-post-thumbnail","6":"product_cat-tomat","8":"first","9":"outofstock","10":"shipping-taxable","11":"purchasable","12":"product-type-simple"},"yoast_head":"<!-- This site is optimized with the Yoast SEO plugin v24.0 - https:\/\/yoast.com\/wordpress\/plugins\/seo\/ -->\n<title>Tomat Black Prince - Solanum lycopersicum L. - Horticom<\/title>\n<meta name=\"description\" content=\"Tomat Black Prince on keskvarajane sort, suured mahlased viljad, sobib h\u00e4sti ka jahedamasse kliimasse.\" \/>\n<meta name=\"robots\" content=\"index, follow, max-snippet:-1, max-image-preview:large, max-video-preview:-1\" \/>\n<link rel=\"canonical\" href=\"https:\/\/horticom.ee\/e-pood\/toode\/tomat-black-prince-solanum-lycopersicum-l-d\/\" \/>\n<meta property=\"og:locale\" content=\"et_EE\" \/>\n<meta property=\"og:type\" content=\"article\" \/>\n<meta property=\"og:title\" content=\"Tomat Black Prince - Solanum lycopersicum L. - Horticom\" \/>\n<meta property=\"og:description\" content=\"Tomat Black Prince on keskvarajane sort, suured mahlased viljad, sobib h\u00e4sti ka jahedamasse kliimasse.\" \/>\n<meta property=\"og:url\" content=\"https:\/\/horticom.ee\/e-pood\/toode\/tomat-black-prince-solanum-lycopersicum-l-d\/\" \/>\n<meta property=\"og:site_name\" content=\"Horticom.ee\" \/>\n<meta property=\"article:publisher\" content=\"https:\/\/www.facebook.com\/horticom.ee\/e-pood\" \/>\n<meta property=\"article:modified_time\" content=\"2026-05-01T00:11:16+00:00\" \/>\n<meta property=\"og:image\" content=\"https:\/\/horticom.ee\/e-pood\/wp-content\/uploads\/importedmedia\/product-429725_0-L34370.jpg\" \/>\n\t<meta property=\"og:image:width\" content=\"1000\" \/>\n\t<meta property=\"og:image:height\" content=\"1601\" \/>\n\t<meta property=\"og:image:type\" content=\"image\/jpeg\" \/>\n<meta name=\"twitter:card\" content=\"summary_large_image\" \/>\n<script type=\"application\/ld+json\" class=\"yoast-schema-graph\">{\"@context\":\"https:\/\/schema.org\",\"@graph\":[{\"@type\":\"WebPage\",\"@id\":\"https:\/\/horticom.ee\/e-pood\/toode\/tomat-black-prince-solanum-lycopersicum-l-d\/\",\"url\":\"https:\/\/horticom.ee\/e-pood\/toode\/tomat-black-prince-solanum-lycopersicum-l-d\/\",\"name\":\"Tomat Black Prince - Solanum lycopersicum L. - Horticom\",\"isPartOf\":{\"@id\":\"https:\/\/horticom.ee\/e-pood\/#website\"},\"primaryImageOfPage\":{\"@id\":\"https:\/\/horticom.ee\/e-pood\/toode\/tomat-black-prince-solanum-lycopersicum-l-d\/#primaryimage\"},\"image\":{\"@id\":\"https:\/\/horticom.ee\/e-pood\/toode\/tomat-black-prince-solanum-lycopersicum-l-d\/#primaryimage\"},\"thumbnailUrl\":\"https:\/\/horticom.ee\/e-pood\/wp-content\/uploads\/importedmedia\/product-429725_0-L34370.jpg\",\"datePublished\":\"2022-03-01T16:09:10+00:00\",\"dateModified\":\"2026-05-01T00:11:16+00:00\",\"description\":\"Tomat Black Prince on keskvarajane sort, suured mahlased viljad, sobib h\u00e4sti ka jahedamasse kliimasse.\",\"breadcrumb\":{\"@id\":\"https:\/\/horticom.ee\/e-pood\/toode\/tomat-black-prince-solanum-lycopersicum-l-d\/#breadcrumb\"},\"inLanguage\":\"et\",\"potentialAction\":[{\"@type\":\"ReadAction\",\"target\":[\"https:\/\/horticom.ee\/e-pood\/toode\/tomat-black-prince-solanum-lycopersicum-l-d\/\"]}]},{\"@type\":\"ImageObject\",\"inLanguage\":\"et\",\"@id\":\"https:\/\/horticom.ee\/e-pood\/toode\/tomat-black-prince-solanum-lycopersicum-l-d\/#primaryimage\",\"url\":\"https:\/\/horticom.ee\/e-pood\/wp-content\/uploads\/importedmedia\/product-429725_0-L34370.jpg\",\"contentUrl\":\"https:\/\/horticom.ee\/e-pood\/wp-content\/uploads\/importedmedia\/product-429725_0-L34370.jpg\",\"width\":1000,\"height\":1601,\"caption\":\"Tomat Black Prince - Solanum lycopersicum L.\"},{\"@type\":\"BreadcrumbList\",\"@id\":\"https:\/\/horticom.ee\/e-pood\/toode\/tomat-black-prince-solanum-lycopersicum-l-d\/#breadcrumb\",\"itemListElement\":[{\"@type\":\"ListItem\",\"position\":1,\"name\":\"Home\",\"item\":\"https:\/\/horticom.ee\/e-pood\/\"},{\"@type\":\"ListItem\",\"position\":2,\"name\":\"Pood\",\"item\":\"https:\/\/horticom.ee\/e-pood\/pood\/\"},{\"@type\":\"ListItem\",\"position\":3,\"name\":\"Tomat Black Prince &#8211; Solanum lycopersicum L.\"}]},{\"@type\":\"WebSite\",\"@id\":\"https:\/\/horticom.ee\/e-pood\/#website\",\"url\":\"https:\/\/horticom.ee\/e-pood\/\",\"name\":\"Horticom.ee\",\"description\":\"Aianduskaubad ja kodukaubad nii harrastajatele kui professionaalidele\",\"potentialAction\":[{\"@type\":\"SearchAction\",\"target\":{\"@type\":\"EntryPoint\",\"urlTemplate\":\"https:\/\/horticom.ee\/e-pood\/?s={search_term_string}\"},\"query-input\":{\"@type\":\"PropertyValueSpecification\",\"valueRequired\":true,\"valueName\":\"search_term_string\"}}],\"inLanguage\":\"et\"}]}<\/script>\n<!-- \/ Yoast SEO plugin. -->","yoast_head_json":{"title":"Tomat Black Prince - Solanum lycopersicum L. - Horticom","description":"Tomat Black Prince on keskvarajane sort, suured mahlased viljad, sobib h\u00e4sti ka jahedamasse kliimasse.","robots":{"index":"index","follow":"follow","max-snippet":"max-snippet:-1","max-image-preview":"max-image-preview:large","max-video-preview":"max-video-preview:-1"},"canonical":"https:\/\/horticom.ee\/e-pood\/toode\/tomat-black-prince-solanum-lycopersicum-l-d\/","og_locale":"et_EE","og_type":"article","og_title":"Tomat Black Prince - Solanum lycopersicum L. - Horticom","og_description":"Tomat Black Prince on keskvarajane sort, suured mahlased viljad, sobib h\u00e4sti ka jahedamasse kliimasse.","og_url":"https:\/\/horticom.ee\/e-pood\/toode\/tomat-black-prince-solanum-lycopersicum-l-d\/","og_site_name":"Horticom.ee","article_publisher":"https:\/\/www.facebook.com\/horticom.ee\/e-pood","article_modified_time":"2026-05-01T00:11:16+00:00","og_image":[{"width":1000,"height":1601,"url":"https:\/\/horticom.ee\/e-pood\/wp-content\/uploads\/importedmedia\/product-429725_0-L34370.jpg","type":"image\/jpeg"}],"twitter_card":"summary_large_image","schema":{"@context":"https:\/\/schema.org","@graph":[{"@type":"WebPage","@id":"https:\/\/horticom.ee\/e-pood\/toode\/tomat-black-prince-solanum-lycopersicum-l-d\/","url":"https:\/\/horticom.ee\/e-pood\/toode\/tomat-black-prince-solanum-lycopersicum-l-d\/","name":"Tomat Black Prince - Solanum lycopersicum L. - Horticom","isPartOf":{"@id":"https:\/\/horticom.ee\/e-pood\/#website"},"primaryImageOfPage":{"@id":"https:\/\/horticom.ee\/e-pood\/toode\/tomat-black-prince-solanum-lycopersicum-l-d\/#primaryimage"},"image":{"@id":"https:\/\/horticom.ee\/e-pood\/toode\/tomat-black-prince-solanum-lycopersicum-l-d\/#primaryimage"},"thumbnailUrl":"https:\/\/horticom.ee\/e-pood\/wp-content\/uploads\/importedmedia\/product-429725_0-L34370.jpg","datePublished":"2022-03-01T16:09:10+00:00","dateModified":"2026-05-01T00:11:16+00:00","description":"Tomat Black Prince on keskvarajane sort, suured mahlased viljad, sobib h\u00e4sti ka jahedamasse kliimasse.","breadcrumb":{"@id":"https:\/\/horticom.ee\/e-pood\/toode\/tomat-black-prince-solanum-lycopersicum-l-d\/#breadcrumb"},"inLanguage":"et","potentialAction":[{"@type":"ReadAction","target":["https:\/\/horticom.ee\/e-pood\/toode\/tomat-black-prince-solanum-lycopersicum-l-d\/"]}]},{"@type":"ImageObject","inLanguage":"et","@id":"https:\/\/horticom.ee\/e-pood\/toode\/tomat-black-prince-solanum-lycopersicum-l-d\/#primaryimage","url":"https:\/\/horticom.ee\/e-pood\/wp-content\/uploads\/importedmedia\/product-429725_0-L34370.jpg","contentUrl":"https:\/\/horticom.ee\/e-pood\/wp-content\/uploads\/importedmedia\/product-429725_0-L34370.jpg","width":1000,"height":1601,"caption":"Tomat Black Prince - Solanum lycopersicum L."},{"@type":"BreadcrumbList","@id":"https:\/\/horticom.ee\/e-pood\/toode\/tomat-black-prince-solanum-lycopersicum-l-d\/#breadcrumb","itemListElement":[{"@type":"ListItem","position":1,"name":"Home","item":"https:\/\/horticom.ee\/e-pood\/"},{"@type":"ListItem","position":2,"name":"Pood","item":"https:\/\/horticom.ee\/e-pood\/pood\/"},{"@type":"ListItem","position":3,"name":"Tomat Black Prince &#8211; Solanum lycopersicum L."}]},{"@type":"WebSite","@id":"https:\/\/horticom.ee\/e-pood\/#website","url":"https:\/\/horticom.ee\/e-pood\/","name":"Horticom.ee","description":"Aianduskaubad ja kodukaubad nii harrastajatele kui professionaalidele","potentialAction":[{"@type":"SearchAction","target":{"@type":"EntryPoint","urlTemplate":"https:\/\/horticom.ee\/e-pood\/?s={search_term_string}"},"query-input":{"@type":"PropertyValueSpecification","valueRequired":true,"valueName":"search_term_string"}}],"inLanguage":"et"}]}},"_links":{"self":[{"href":"https:\/\/horticom.ee\/e-pood\/wp-json\/wp\/v2\/product\/429725","targetHints":{"allow":["GET"]}}],"collection":[{"href":"https:\/\/horticom.ee\/e-pood\/wp-json\/wp\/v2\/product"}],"about":[{"href":"https:\/\/horticom.ee\/e-pood\/wp-json\/wp\/v2\/types\/product"}],"replies":[{"embeddable":true,"href":"https:\/\/horticom.ee\/e-pood\/wp-json\/wp\/v2\/comments?post=429725"}],"wp:featuredmedia":[{"embeddable":true,"href":"https:\/\/horticom.ee\/e-pood\/wp-json\/wp\/v2\/media\/429727"}],"wp:attachment":[{"href":"https:\/\/horticom.ee\/e-pood\/wp-json\/wp\/v2\/media?parent=429725"}],"wp:term":[{"taxonomy":"product_cat","embeddable":true,"href":"https:\/\/horticom.ee\/e-pood\/wp-json\/wp\/v2\/product_cat?post=429725"},{"taxonomy":"product_tag","embeddable":true,"href":"https:\/\/horticom.ee\/e-pood\/wp-json\/wp\/v2\/product_tag?post=429725"}],"curies":[{"name":"wp","href":"https:\/\/api.w.org\/{rel}","templated":true}]}}