{"id":577115,"date":"2022-04-06T14:00:42","date_gmt":"2022-04-06T11:00:42","guid":{"rendered":"https:\/\/aednik24.ee\/toode\/roniv-asariin-twining-snapdragon-violet-asarina-scandens-c\/"},"modified":"2026-04-12T03:12:46","modified_gmt":"2026-04-12T00:12:46","slug":"roniv-asariin-twining-snapdragon-violet-asarina-scandens-c","status":"publish","type":"product","link":"https:\/\/horticom.ee\/e-pood\/toode\/roniv-asariin-twining-snapdragon-violet-asarina-scandens-c\/","title":{"rendered":"Roniv asariin Twining Snapdragon Violet Violet- Asarina Scandens"},"content":{"rendered":"<p>Roniv asariin Twining Snapdragon Violet on mitmeaastane ronitaim, k\u00fclma\u00f5rn, mille t\u00f5ttu sobib \u00f5ues v\u00f5i r\u00f5dul kasvatamiseks ka \u00fcheaastase ilutaimena. Talve \u00fcleelamiseks tuleb taim t\u00f5sta tuppa. Kasvab kuni 3m pikkuseks. \u00d5ied on l\u00e4bim\u00f5\u00f5duga 4 -5cm, kellukijulised, \u00f5itseb rikkalikult. Kasvab ja \u00f5itseb k\u00f5ige paremini p\u00e4iksesepaistelises kohas. Istutatakse r\u00f5dudele, lillepottidesse ning aia \u00e4\u00e4rde. H\u00e4sti kasvab poolvarjus v\u00f5i p\u00e4ikese k\u00e4es, kuid ainult siis, kui muld on piisavalt niiske. Kasvud\/roniv\u00e4\u00e4did on v\u00e4ga nakkuvad, keerduvad kergesti iga toe \u00fcmber. Kasvatamiseks on soovitatav valida tuule eest kaitstud koht.<\/p>\n","protected":false},"excerpt":{"rendered":"<p>Roniv asariin Twining Snapdragon Violet on mitmeaastane ronitaim, k\u00fclma\u00f5rn, mille t\u00f5ttu sobib \u00f5ues v\u00f5i r\u00f5dul kasvatamiseks ka \u00fcheaastase ilutaimena. Talve \u00fcleelamiseks tuleb taim t\u00f5sta tuppa. Kasvab kuni 3m pikkuseks. \u00d5ied on l\u00e4bim\u00f5\u00f5duga 4 -5cm, kellukijulised, \u00f5itseb rikkalikult. Kasvab ja \u00f5itseb k\u00f5ige paremini p\u00e4iksesepaistelises kohas. Istutatakse r\u00f5dudele, lillepottidesse ning aia \u00e4\u00e4rde. H\u00e4sti kasvab poolvarjus v\u00f5i p\u00e4ikese [&hellip;]<\/p>\n","protected":false},"featured_media":2400549,"comment_status":"closed","ping_status":"closed","template":"","meta":{"_themeisle_gutenberg_block_has_review":false},"product_cat":[13504],"product_tag":[],"class_list":{"0":"post-577115","1":"product","2":"type-product","3":"status-publish","4":"has-post-thumbnail","6":"product_cat-ronilill","8":"first","9":"instock","10":"shipping-taxable","11":"purchasable","12":"product-type-simple"},"yoast_head":"<!-- This site is optimized with the Yoast SEO plugin v24.0 - https:\/\/yoast.com\/wordpress\/plugins\/seo\/ -->\n<title>Roniv asariin Twining Snapdragon Violet Violet<\/title>\n<meta name=\"description\" content=\"Roniv asariin Twining Snapdragon Violet: K\u00fclma\u00f5rn mitmeaastane ronitaim, ideaalne r\u00f5dule. Kasvab 3m, kellukakujulised \u00f5ied.\" \/>\n<meta name=\"robots\" content=\"index, follow, max-snippet:-1, max-image-preview:large, max-video-preview:-1\" \/>\n<link rel=\"canonical\" href=\"https:\/\/horticom.ee\/e-pood\/toode\/roniv-asariin-twining-snapdragon-violet-asarina-scandens-c\/\" \/>\n<meta property=\"og:locale\" content=\"et_EE\" \/>\n<meta property=\"og:type\" content=\"article\" \/>\n<meta property=\"og:title\" content=\"Roniv asariin Twining Snapdragon Violet Violet\" \/>\n<meta property=\"og:description\" content=\"Roniv asariin Twining Snapdragon Violet: K\u00fclma\u00f5rn mitmeaastane ronitaim, ideaalne r\u00f5dule. Kasvab 3m, kellukakujulised \u00f5ied.\" \/>\n<meta property=\"og:url\" content=\"https:\/\/horticom.ee\/e-pood\/toode\/roniv-asariin-twining-snapdragon-violet-asarina-scandens-c\/\" \/>\n<meta property=\"og:site_name\" content=\"Horticom.ee\" \/>\n<meta property=\"article:publisher\" content=\"https:\/\/www.facebook.com\/horticom.ee\/e-pood\" \/>\n<meta property=\"article:modified_time\" content=\"2026-04-12T00:12:46+00:00\" \/>\n<meta property=\"og:image\" content=\"https:\/\/horticom.ee\/e-pood\/wp-content\/uploads\/2022\/04\/4770168913929.jpg\" \/>\n\t<meta property=\"og:image:width\" content=\"398\" \/>\n\t<meta property=\"og:image:height\" content=\"425\" \/>\n\t<meta property=\"og:image:type\" content=\"image\/jpeg\" \/>\n<meta name=\"twitter:card\" content=\"summary_large_image\" \/>\n<meta name=\"twitter:label1\" content=\"Est. reading time\" \/>\n\t<meta name=\"twitter:data1\" content=\"1 minut\" \/>\n<script type=\"application\/ld+json\" class=\"yoast-schema-graph\">{\"@context\":\"https:\/\/schema.org\",\"@graph\":[{\"@type\":\"WebPage\",\"@id\":\"https:\/\/horticom.ee\/e-pood\/toode\/roniv-asariin-twining-snapdragon-violet-asarina-scandens-c\/\",\"url\":\"https:\/\/horticom.ee\/e-pood\/toode\/roniv-asariin-twining-snapdragon-violet-asarina-scandens-c\/\",\"name\":\"Roniv asariin Twining Snapdragon Violet Violet\",\"isPartOf\":{\"@id\":\"https:\/\/horticom.ee\/e-pood\/#website\"},\"primaryImageOfPage\":{\"@id\":\"https:\/\/horticom.ee\/e-pood\/toode\/roniv-asariin-twining-snapdragon-violet-asarina-scandens-c\/#primaryimage\"},\"image\":{\"@id\":\"https:\/\/horticom.ee\/e-pood\/toode\/roniv-asariin-twining-snapdragon-violet-asarina-scandens-c\/#primaryimage\"},\"thumbnailUrl\":\"https:\/\/horticom.ee\/e-pood\/wp-content\/uploads\/2022\/04\/4770168913929.jpg\",\"datePublished\":\"2022-04-06T11:00:42+00:00\",\"dateModified\":\"2026-04-12T00:12:46+00:00\",\"description\":\"Roniv asariin Twining Snapdragon Violet: K\u00fclma\u00f5rn mitmeaastane ronitaim, ideaalne r\u00f5dule. Kasvab 3m, kellukakujulised \u00f5ied.\",\"breadcrumb\":{\"@id\":\"https:\/\/horticom.ee\/e-pood\/toode\/roniv-asariin-twining-snapdragon-violet-asarina-scandens-c\/#breadcrumb\"},\"inLanguage\":\"et\",\"potentialAction\":[{\"@type\":\"ReadAction\",\"target\":[\"https:\/\/horticom.ee\/e-pood\/toode\/roniv-asariin-twining-snapdragon-violet-asarina-scandens-c\/\"]}]},{\"@type\":\"ImageObject\",\"inLanguage\":\"et\",\"@id\":\"https:\/\/horticom.ee\/e-pood\/toode\/roniv-asariin-twining-snapdragon-violet-asarina-scandens-c\/#primaryimage\",\"url\":\"https:\/\/horticom.ee\/e-pood\/wp-content\/uploads\/2022\/04\/4770168913929.jpg\",\"contentUrl\":\"https:\/\/horticom.ee\/e-pood\/wp-content\/uploads\/2022\/04\/4770168913929.jpg\",\"width\":398,\"height\":425},{\"@type\":\"BreadcrumbList\",\"@id\":\"https:\/\/horticom.ee\/e-pood\/toode\/roniv-asariin-twining-snapdragon-violet-asarina-scandens-c\/#breadcrumb\",\"itemListElement\":[{\"@type\":\"ListItem\",\"position\":1,\"name\":\"Home\",\"item\":\"https:\/\/horticom.ee\/e-pood\/\"},{\"@type\":\"ListItem\",\"position\":2,\"name\":\"Pood\",\"item\":\"https:\/\/horticom.ee\/e-pood\/pood\/\"},{\"@type\":\"ListItem\",\"position\":3,\"name\":\"Roniv asariin Twining Snapdragon Violet Violet- Asarina Scandens\"}]},{\"@type\":\"WebSite\",\"@id\":\"https:\/\/horticom.ee\/e-pood\/#website\",\"url\":\"https:\/\/horticom.ee\/e-pood\/\",\"name\":\"Horticom.ee\",\"description\":\"Aianduskaubad ja kodukaubad nii harrastajatele kui professionaalidele\",\"potentialAction\":[{\"@type\":\"SearchAction\",\"target\":{\"@type\":\"EntryPoint\",\"urlTemplate\":\"https:\/\/horticom.ee\/e-pood\/?s={search_term_string}\"},\"query-input\":{\"@type\":\"PropertyValueSpecification\",\"valueRequired\":true,\"valueName\":\"search_term_string\"}}],\"inLanguage\":\"et\"}]}<\/script>\n<!-- \/ Yoast SEO plugin. -->","yoast_head_json":{"title":"Roniv asariin Twining Snapdragon Violet Violet","description":"Roniv asariin Twining Snapdragon Violet: K\u00fclma\u00f5rn mitmeaastane ronitaim, ideaalne r\u00f5dule. Kasvab 3m, kellukakujulised \u00f5ied.","robots":{"index":"index","follow":"follow","max-snippet":"max-snippet:-1","max-image-preview":"max-image-preview:large","max-video-preview":"max-video-preview:-1"},"canonical":"https:\/\/horticom.ee\/e-pood\/toode\/roniv-asariin-twining-snapdragon-violet-asarina-scandens-c\/","og_locale":"et_EE","og_type":"article","og_title":"Roniv asariin Twining Snapdragon Violet Violet","og_description":"Roniv asariin Twining Snapdragon Violet: K\u00fclma\u00f5rn mitmeaastane ronitaim, ideaalne r\u00f5dule. Kasvab 3m, kellukakujulised \u00f5ied.","og_url":"https:\/\/horticom.ee\/e-pood\/toode\/roniv-asariin-twining-snapdragon-violet-asarina-scandens-c\/","og_site_name":"Horticom.ee","article_publisher":"https:\/\/www.facebook.com\/horticom.ee\/e-pood","article_modified_time":"2026-04-12T00:12:46+00:00","og_image":[{"width":398,"height":425,"url":"https:\/\/horticom.ee\/e-pood\/wp-content\/uploads\/2022\/04\/4770168913929.jpg","type":"image\/jpeg"}],"twitter_card":"summary_large_image","twitter_misc":{"Est. reading time":"1 minut"},"schema":{"@context":"https:\/\/schema.org","@graph":[{"@type":"WebPage","@id":"https:\/\/horticom.ee\/e-pood\/toode\/roniv-asariin-twining-snapdragon-violet-asarina-scandens-c\/","url":"https:\/\/horticom.ee\/e-pood\/toode\/roniv-asariin-twining-snapdragon-violet-asarina-scandens-c\/","name":"Roniv asariin Twining Snapdragon Violet Violet","isPartOf":{"@id":"https:\/\/horticom.ee\/e-pood\/#website"},"primaryImageOfPage":{"@id":"https:\/\/horticom.ee\/e-pood\/toode\/roniv-asariin-twining-snapdragon-violet-asarina-scandens-c\/#primaryimage"},"image":{"@id":"https:\/\/horticom.ee\/e-pood\/toode\/roniv-asariin-twining-snapdragon-violet-asarina-scandens-c\/#primaryimage"},"thumbnailUrl":"https:\/\/horticom.ee\/e-pood\/wp-content\/uploads\/2022\/04\/4770168913929.jpg","datePublished":"2022-04-06T11:00:42+00:00","dateModified":"2026-04-12T00:12:46+00:00","description":"Roniv asariin Twining Snapdragon Violet: K\u00fclma\u00f5rn mitmeaastane ronitaim, ideaalne r\u00f5dule. Kasvab 3m, kellukakujulised \u00f5ied.","breadcrumb":{"@id":"https:\/\/horticom.ee\/e-pood\/toode\/roniv-asariin-twining-snapdragon-violet-asarina-scandens-c\/#breadcrumb"},"inLanguage":"et","potentialAction":[{"@type":"ReadAction","target":["https:\/\/horticom.ee\/e-pood\/toode\/roniv-asariin-twining-snapdragon-violet-asarina-scandens-c\/"]}]},{"@type":"ImageObject","inLanguage":"et","@id":"https:\/\/horticom.ee\/e-pood\/toode\/roniv-asariin-twining-snapdragon-violet-asarina-scandens-c\/#primaryimage","url":"https:\/\/horticom.ee\/e-pood\/wp-content\/uploads\/2022\/04\/4770168913929.jpg","contentUrl":"https:\/\/horticom.ee\/e-pood\/wp-content\/uploads\/2022\/04\/4770168913929.jpg","width":398,"height":425},{"@type":"BreadcrumbList","@id":"https:\/\/horticom.ee\/e-pood\/toode\/roniv-asariin-twining-snapdragon-violet-asarina-scandens-c\/#breadcrumb","itemListElement":[{"@type":"ListItem","position":1,"name":"Home","item":"https:\/\/horticom.ee\/e-pood\/"},{"@type":"ListItem","position":2,"name":"Pood","item":"https:\/\/horticom.ee\/e-pood\/pood\/"},{"@type":"ListItem","position":3,"name":"Roniv asariin Twining Snapdragon Violet Violet- Asarina Scandens"}]},{"@type":"WebSite","@id":"https:\/\/horticom.ee\/e-pood\/#website","url":"https:\/\/horticom.ee\/e-pood\/","name":"Horticom.ee","description":"Aianduskaubad ja kodukaubad nii harrastajatele kui professionaalidele","potentialAction":[{"@type":"SearchAction","target":{"@type":"EntryPoint","urlTemplate":"https:\/\/horticom.ee\/e-pood\/?s={search_term_string}"},"query-input":{"@type":"PropertyValueSpecification","valueRequired":true,"valueName":"search_term_string"}}],"inLanguage":"et"}]}},"_links":{"self":[{"href":"https:\/\/horticom.ee\/e-pood\/wp-json\/wp\/v2\/product\/577115","targetHints":{"allow":["GET"]}}],"collection":[{"href":"https:\/\/horticom.ee\/e-pood\/wp-json\/wp\/v2\/product"}],"about":[{"href":"https:\/\/horticom.ee\/e-pood\/wp-json\/wp\/v2\/types\/product"}],"replies":[{"embeddable":true,"href":"https:\/\/horticom.ee\/e-pood\/wp-json\/wp\/v2\/comments?post=577115"}],"wp:featuredmedia":[{"embeddable":true,"href":"https:\/\/horticom.ee\/e-pood\/wp-json\/wp\/v2\/media\/2400549"}],"wp:attachment":[{"href":"https:\/\/horticom.ee\/e-pood\/wp-json\/wp\/v2\/media?parent=577115"}],"wp:term":[{"taxonomy":"product_cat","embeddable":true,"href":"https:\/\/horticom.ee\/e-pood\/wp-json\/wp\/v2\/product_cat?post=577115"},{"taxonomy":"product_tag","embeddable":true,"href":"https:\/\/horticom.ee\/e-pood\/wp-json\/wp\/v2\/product_tag?post=577115"}],"curies":[{"name":"wp","href":"https:\/\/api.w.org\/{rel}","templated":true}]}}