{"id":577838,"date":"2022-04-06T17:02:22","date_gmt":"2022-04-06T14:02:22","guid":{"rendered":"https:\/\/aednik24.ee\/toode\/mehhiko-vanikkuljus-cathedral-bells-mix-cobaea-scandens-cav-e\/"},"modified":"2026-05-02T03:10:55","modified_gmt":"2026-05-02T00:10:55","slug":"mehhiko-vanikkuljus-cathedral-bells-mix-cobaea-scandens-cav-e","status":"publish","type":"product","link":"https:\/\/horticom.ee\/e-pood\/toode\/mehhiko-vanikkuljus-cathedral-bells-mix-cobaea-scandens-cav-e\/","title":{"rendered":"Mehhiko vanikkuljus Cathedral Bells Mix &#8211; Cobaea scandens Cav."},"content":{"rendered":"<p>Mehhiko vanikkuljus Cathedral Bells Mix on mitmeaastane taim, mida kasvatatakse meie tingimustes ka \u00fcheaastase ronitaimena. \u00d5ied on kellakujulised, suured, taimed kasvavad kuni 4m k\u00f5rgusteks. Istutatakse r\u00f5dudelel, piirdeaedade \u00e4\u00e4rde, sobivad lehtlate haljastuseks. H\u00e4sti kasvab ja \u00f5itseb p\u00e4ikselises, soojas kohas, viljakas mullas. Seemned idanevad temperatuuril v\u00e4hemalt +18C, umbes 14-20 p\u00e4evaga. Taimed istutatakse peenrale p\u00e4rast kevadisi k\u00fclmi.<\/p>\n","protected":false},"excerpt":{"rendered":"<p>Mehhiko vanikkuljus Cathedral Bells Mix on mitmeaastane taim, mida kasvatatakse meie tingimustes ka \u00fcheaastase ronitaimena. \u00d5ied on kellakujulised, suured, taimed kasvavad kuni 4m k\u00f5rgusteks. Istutatakse r\u00f5dudelel, piirdeaedade \u00e4\u00e4rde, sobivad lehtlate haljastuseks. H\u00e4sti kasvab ja \u00f5itseb p\u00e4ikselises, soojas kohas, viljakas mullas. Seemned idanevad temperatuuril v\u00e4hemalt +18C, umbes 14-20 p\u00e4evaga. Taimed istutatakse peenrale p\u00e4rast kevadisi k\u00fclmi.<\/p>\n","protected":false},"featured_media":2400206,"comment_status":"closed","ping_status":"closed","template":"","meta":{"_themeisle_gutenberg_block_has_review":false},"product_cat":[13504],"product_tag":[],"class_list":{"0":"post-577838","1":"product","2":"type-product","3":"status-publish","4":"has-post-thumbnail","6":"product_cat-ronilill","8":"first","9":"outofstock","10":"shipping-taxable","11":"purchasable","12":"product-type-simple"},"yoast_head":"<!-- This site is optimized with the Yoast SEO plugin v24.0 - https:\/\/yoast.com\/wordpress\/plugins\/seo\/ -->\n<title>Mehhiko vanikkuljus Cathedral Bells Mix<\/title>\n<meta name=\"description\" content=\"Mehhiko vanikkuljus Cathedral Bells Mix \u2013 Mitmeaastane ronitaim, kasvab kuni 4m. Sobib r\u00f5dude ja lehtlate haljastamiseks, eelistab p\u00e4ikeselist kasvukohta.\" \/>\n<meta name=\"robots\" content=\"index, follow, max-snippet:-1, max-image-preview:large, max-video-preview:-1\" \/>\n<link rel=\"canonical\" href=\"https:\/\/horticom.ee\/e-pood\/toode\/mehhiko-vanikkuljus-cathedral-bells-mix-cobaea-scandens-cav-e\/\" \/>\n<meta property=\"og:locale\" content=\"et_EE\" \/>\n<meta property=\"og:type\" content=\"article\" \/>\n<meta property=\"og:title\" content=\"Mehhiko vanikkuljus Cathedral Bells Mix\" \/>\n<meta property=\"og:description\" content=\"Mehhiko vanikkuljus Cathedral Bells Mix \u2013 Mitmeaastane ronitaim, kasvab kuni 4m. Sobib r\u00f5dude ja lehtlate haljastamiseks, eelistab p\u00e4ikeselist kasvukohta.\" \/>\n<meta property=\"og:url\" content=\"https:\/\/horticom.ee\/e-pood\/toode\/mehhiko-vanikkuljus-cathedral-bells-mix-cobaea-scandens-cav-e\/\" \/>\n<meta property=\"og:site_name\" content=\"Horticom.ee\" \/>\n<meta property=\"article:publisher\" content=\"https:\/\/www.facebook.com\/horticom.ee\/e-pood\" \/>\n<meta property=\"article:modified_time\" content=\"2026-05-02T00:10:55+00:00\" \/>\n<meta property=\"og:image\" content=\"https:\/\/horticom.ee\/e-pood\/wp-content\/uploads\/2022\/04\/4770168914094.jpg\" \/>\n\t<meta property=\"og:image:width\" content=\"398\" \/>\n\t<meta property=\"og:image:height\" content=\"425\" \/>\n\t<meta property=\"og:image:type\" content=\"image\/jpeg\" \/>\n<meta name=\"twitter:card\" content=\"summary_large_image\" \/>\n<meta name=\"twitter:label1\" content=\"Est. reading time\" \/>\n\t<meta name=\"twitter:data1\" content=\"1 minut\" \/>\n<script type=\"application\/ld+json\" class=\"yoast-schema-graph\">{\"@context\":\"https:\/\/schema.org\",\"@graph\":[{\"@type\":\"WebPage\",\"@id\":\"https:\/\/horticom.ee\/e-pood\/toode\/mehhiko-vanikkuljus-cathedral-bells-mix-cobaea-scandens-cav-e\/\",\"url\":\"https:\/\/horticom.ee\/e-pood\/toode\/mehhiko-vanikkuljus-cathedral-bells-mix-cobaea-scandens-cav-e\/\",\"name\":\"Mehhiko vanikkuljus Cathedral Bells Mix\",\"isPartOf\":{\"@id\":\"https:\/\/horticom.ee\/e-pood\/#website\"},\"primaryImageOfPage\":{\"@id\":\"https:\/\/horticom.ee\/e-pood\/toode\/mehhiko-vanikkuljus-cathedral-bells-mix-cobaea-scandens-cav-e\/#primaryimage\"},\"image\":{\"@id\":\"https:\/\/horticom.ee\/e-pood\/toode\/mehhiko-vanikkuljus-cathedral-bells-mix-cobaea-scandens-cav-e\/#primaryimage\"},\"thumbnailUrl\":\"https:\/\/horticom.ee\/e-pood\/wp-content\/uploads\/2022\/04\/4770168914094.jpg\",\"datePublished\":\"2022-04-06T14:02:22+00:00\",\"dateModified\":\"2026-05-02T00:10:55+00:00\",\"description\":\"Mehhiko vanikkuljus Cathedral Bells Mix \u2013 Mitmeaastane ronitaim, kasvab kuni 4m. Sobib r\u00f5dude ja lehtlate haljastamiseks, eelistab p\u00e4ikeselist kasvukohta.\",\"breadcrumb\":{\"@id\":\"https:\/\/horticom.ee\/e-pood\/toode\/mehhiko-vanikkuljus-cathedral-bells-mix-cobaea-scandens-cav-e\/#breadcrumb\"},\"inLanguage\":\"et\",\"potentialAction\":[{\"@type\":\"ReadAction\",\"target\":[\"https:\/\/horticom.ee\/e-pood\/toode\/mehhiko-vanikkuljus-cathedral-bells-mix-cobaea-scandens-cav-e\/\"]}]},{\"@type\":\"ImageObject\",\"inLanguage\":\"et\",\"@id\":\"https:\/\/horticom.ee\/e-pood\/toode\/mehhiko-vanikkuljus-cathedral-bells-mix-cobaea-scandens-cav-e\/#primaryimage\",\"url\":\"https:\/\/horticom.ee\/e-pood\/wp-content\/uploads\/2022\/04\/4770168914094.jpg\",\"contentUrl\":\"https:\/\/horticom.ee\/e-pood\/wp-content\/uploads\/2022\/04\/4770168914094.jpg\",\"width\":398,\"height\":425},{\"@type\":\"BreadcrumbList\",\"@id\":\"https:\/\/horticom.ee\/e-pood\/toode\/mehhiko-vanikkuljus-cathedral-bells-mix-cobaea-scandens-cav-e\/#breadcrumb\",\"itemListElement\":[{\"@type\":\"ListItem\",\"position\":1,\"name\":\"Home\",\"item\":\"https:\/\/horticom.ee\/e-pood\/\"},{\"@type\":\"ListItem\",\"position\":2,\"name\":\"Pood\",\"item\":\"https:\/\/horticom.ee\/e-pood\/pood\/\"},{\"@type\":\"ListItem\",\"position\":3,\"name\":\"Mehhiko vanikkuljus Cathedral Bells Mix &#8211; Cobaea scandens Cav.\"}]},{\"@type\":\"WebSite\",\"@id\":\"https:\/\/horticom.ee\/e-pood\/#website\",\"url\":\"https:\/\/horticom.ee\/e-pood\/\",\"name\":\"Horticom.ee\",\"description\":\"Aianduskaubad ja kodukaubad nii harrastajatele kui professionaalidele\",\"potentialAction\":[{\"@type\":\"SearchAction\",\"target\":{\"@type\":\"EntryPoint\",\"urlTemplate\":\"https:\/\/horticom.ee\/e-pood\/?s={search_term_string}\"},\"query-input\":{\"@type\":\"PropertyValueSpecification\",\"valueRequired\":true,\"valueName\":\"search_term_string\"}}],\"inLanguage\":\"et\"}]}<\/script>\n<!-- \/ Yoast SEO plugin. -->","yoast_head_json":{"title":"Mehhiko vanikkuljus Cathedral Bells Mix","description":"Mehhiko vanikkuljus Cathedral Bells Mix \u2013 Mitmeaastane ronitaim, kasvab kuni 4m. Sobib r\u00f5dude ja lehtlate haljastamiseks, eelistab p\u00e4ikeselist kasvukohta.","robots":{"index":"index","follow":"follow","max-snippet":"max-snippet:-1","max-image-preview":"max-image-preview:large","max-video-preview":"max-video-preview:-1"},"canonical":"https:\/\/horticom.ee\/e-pood\/toode\/mehhiko-vanikkuljus-cathedral-bells-mix-cobaea-scandens-cav-e\/","og_locale":"et_EE","og_type":"article","og_title":"Mehhiko vanikkuljus Cathedral Bells Mix","og_description":"Mehhiko vanikkuljus Cathedral Bells Mix \u2013 Mitmeaastane ronitaim, kasvab kuni 4m. Sobib r\u00f5dude ja lehtlate haljastamiseks, eelistab p\u00e4ikeselist kasvukohta.","og_url":"https:\/\/horticom.ee\/e-pood\/toode\/mehhiko-vanikkuljus-cathedral-bells-mix-cobaea-scandens-cav-e\/","og_site_name":"Horticom.ee","article_publisher":"https:\/\/www.facebook.com\/horticom.ee\/e-pood","article_modified_time":"2026-05-02T00:10:55+00:00","og_image":[{"width":398,"height":425,"url":"https:\/\/horticom.ee\/e-pood\/wp-content\/uploads\/2022\/04\/4770168914094.jpg","type":"image\/jpeg"}],"twitter_card":"summary_large_image","twitter_misc":{"Est. reading time":"1 minut"},"schema":{"@context":"https:\/\/schema.org","@graph":[{"@type":"WebPage","@id":"https:\/\/horticom.ee\/e-pood\/toode\/mehhiko-vanikkuljus-cathedral-bells-mix-cobaea-scandens-cav-e\/","url":"https:\/\/horticom.ee\/e-pood\/toode\/mehhiko-vanikkuljus-cathedral-bells-mix-cobaea-scandens-cav-e\/","name":"Mehhiko vanikkuljus Cathedral Bells Mix","isPartOf":{"@id":"https:\/\/horticom.ee\/e-pood\/#website"},"primaryImageOfPage":{"@id":"https:\/\/horticom.ee\/e-pood\/toode\/mehhiko-vanikkuljus-cathedral-bells-mix-cobaea-scandens-cav-e\/#primaryimage"},"image":{"@id":"https:\/\/horticom.ee\/e-pood\/toode\/mehhiko-vanikkuljus-cathedral-bells-mix-cobaea-scandens-cav-e\/#primaryimage"},"thumbnailUrl":"https:\/\/horticom.ee\/e-pood\/wp-content\/uploads\/2022\/04\/4770168914094.jpg","datePublished":"2022-04-06T14:02:22+00:00","dateModified":"2026-05-02T00:10:55+00:00","description":"Mehhiko vanikkuljus Cathedral Bells Mix \u2013 Mitmeaastane ronitaim, kasvab kuni 4m. Sobib r\u00f5dude ja lehtlate haljastamiseks, eelistab p\u00e4ikeselist kasvukohta.","breadcrumb":{"@id":"https:\/\/horticom.ee\/e-pood\/toode\/mehhiko-vanikkuljus-cathedral-bells-mix-cobaea-scandens-cav-e\/#breadcrumb"},"inLanguage":"et","potentialAction":[{"@type":"ReadAction","target":["https:\/\/horticom.ee\/e-pood\/toode\/mehhiko-vanikkuljus-cathedral-bells-mix-cobaea-scandens-cav-e\/"]}]},{"@type":"ImageObject","inLanguage":"et","@id":"https:\/\/horticom.ee\/e-pood\/toode\/mehhiko-vanikkuljus-cathedral-bells-mix-cobaea-scandens-cav-e\/#primaryimage","url":"https:\/\/horticom.ee\/e-pood\/wp-content\/uploads\/2022\/04\/4770168914094.jpg","contentUrl":"https:\/\/horticom.ee\/e-pood\/wp-content\/uploads\/2022\/04\/4770168914094.jpg","width":398,"height":425},{"@type":"BreadcrumbList","@id":"https:\/\/horticom.ee\/e-pood\/toode\/mehhiko-vanikkuljus-cathedral-bells-mix-cobaea-scandens-cav-e\/#breadcrumb","itemListElement":[{"@type":"ListItem","position":1,"name":"Home","item":"https:\/\/horticom.ee\/e-pood\/"},{"@type":"ListItem","position":2,"name":"Pood","item":"https:\/\/horticom.ee\/e-pood\/pood\/"},{"@type":"ListItem","position":3,"name":"Mehhiko vanikkuljus Cathedral Bells Mix &#8211; Cobaea scandens Cav."}]},{"@type":"WebSite","@id":"https:\/\/horticom.ee\/e-pood\/#website","url":"https:\/\/horticom.ee\/e-pood\/","name":"Horticom.ee","description":"Aianduskaubad ja kodukaubad nii harrastajatele kui professionaalidele","potentialAction":[{"@type":"SearchAction","target":{"@type":"EntryPoint","urlTemplate":"https:\/\/horticom.ee\/e-pood\/?s={search_term_string}"},"query-input":{"@type":"PropertyValueSpecification","valueRequired":true,"valueName":"search_term_string"}}],"inLanguage":"et"}]}},"_links":{"self":[{"href":"https:\/\/horticom.ee\/e-pood\/wp-json\/wp\/v2\/product\/577838","targetHints":{"allow":["GET"]}}],"collection":[{"href":"https:\/\/horticom.ee\/e-pood\/wp-json\/wp\/v2\/product"}],"about":[{"href":"https:\/\/horticom.ee\/e-pood\/wp-json\/wp\/v2\/types\/product"}],"replies":[{"embeddable":true,"href":"https:\/\/horticom.ee\/e-pood\/wp-json\/wp\/v2\/comments?post=577838"}],"wp:featuredmedia":[{"embeddable":true,"href":"https:\/\/horticom.ee\/e-pood\/wp-json\/wp\/v2\/media\/2400206"}],"wp:attachment":[{"href":"https:\/\/horticom.ee\/e-pood\/wp-json\/wp\/v2\/media?parent=577838"}],"wp:term":[{"taxonomy":"product_cat","embeddable":true,"href":"https:\/\/horticom.ee\/e-pood\/wp-json\/wp\/v2\/product_cat?post=577838"},{"taxonomy":"product_tag","embeddable":true,"href":"https:\/\/horticom.ee\/e-pood\/wp-json\/wp\/v2\/product_tag?post=577838"}],"curies":[{"name":"wp","href":"https:\/\/api.w.org\/{rel}","templated":true}]}}