{"id":58331,"date":"2018-08-30T12:57:15","date_gmt":"2018-08-30T09:57:15","guid":{"rendered":"https:\/\/aednik24.ee\/toode\/katteloor-210-x-100m-19g\/"},"modified":"2026-04-20T03:08:57","modified_gmt":"2026-04-20T00:08:57","slug":"katteloor-210-x-100m-19g","status":"publish","type":"product","link":"https:\/\/horticom.ee\/e-pood\/toode\/katteloor-210-x-100m-19g\/","title":{"rendered":"Katteloor 2,10 x 100m 19g"},"content":{"rendered":"<p>Aianduses kasutatav kerge ja UV-kindel kangas, mille abil saavutatakse ideaalsed tingimused taimede kasvuks. Katteloori tihedus on 19 g\/m\u00b2. Pikaajalise t\u00f6\u00f6 tulemusena t\u00e4idab see k\u00f5iki kvaliteedin\u00f5udeid, mis on vajalikud korraliku saagi saamiseks. Loori all on \u00fchtlane temperatuur, sobiv \u00f5hutsirkulatsioon, piisavalt valgust ja niiskust. Just see katteloor on suurep\u00e4rase veel\u00e4bilaskev\u00f5imega ja ideaalse valgusl\u00e4bilaskev\u00f5imega. T\u00e4nu tugevatele ja \u00fchtlaselt jaotatud kiududele on loori kasutusaeg pikk.<\/p>\n","protected":false},"excerpt":{"rendered":"<p>Aianduses kasutatav kerge ja UV-kindel kangas, mille abil saavutatakse ideaalsed tingimused taimede kasvuks. Katteloori tihedus on 19 g\/m\u00b2. Pikaajalise t\u00f6\u00f6 tulemusena t\u00e4idab see k\u00f5iki kvaliteedin\u00f5udeid, mis on vajalikud korraliku saagi saamiseks. Loori all on \u00fchtlane temperatuur, sobiv \u00f5hutsirkulatsioon, piisavalt valgust ja niiskust. Just see katteloor on suurep\u00e4rase veel\u00e4bilaskev\u00f5imega ja ideaalse valgusl\u00e4bilaskev\u00f5imega. T\u00e4nu tugevatele ja \u00fchtlaselt [&hellip;]<\/p>\n","protected":false},"featured_media":67894,"comment_status":"open","ping_status":"closed","template":"","meta":{"_themeisle_gutenberg_block_has_review":false},"product_cat":[13384,13636],"product_tag":[],"class_list":{"0":"post-58331","1":"product","2":"type-product","3":"status-publish","4":"has-post-thumbnail","6":"product_cat-katteloorid","7":"product_cat-katteloorid-tootjale","9":"first","10":"instock","11":"shipping-taxable","12":"purchasable","13":"product-type-simple"},"yoast_head":"<!-- This site is optimized with the Yoast SEO plugin v24.0 - https:\/\/yoast.com\/wordpress\/plugins\/seo\/ -->\n<title>Katteloor 2,10 x 100m 19g - Horticom.ee\/e-pood<\/title>\n<meta name=\"description\" content=\"Aianduses kasutatav kerge ja UV-kindel kangas, mille abil saavutatakse ideaalsed tingimused taimede kasvuks. Katteloori tihedus on 19 g\/m\u00b2.\" \/>\n<meta name=\"robots\" content=\"index, follow, max-snippet:-1, max-image-preview:large, max-video-preview:-1\" \/>\n<link rel=\"canonical\" href=\"https:\/\/horticom.ee\/e-pood\/toode\/katteloor-210-x-100m-19g\/\" \/>\n<meta property=\"og:locale\" content=\"et_EE\" \/>\n<meta property=\"og:type\" content=\"article\" \/>\n<meta property=\"og:title\" content=\"Katteloor 2,10 x 100m 19g - Horticom.ee\/e-pood\" \/>\n<meta property=\"og:description\" content=\"Aianduses kasutatav kerge ja UV-kindel kangas, mille abil saavutatakse ideaalsed tingimused taimede kasvuks. Katteloori tihedus on 19 g\/m\u00b2.\" \/>\n<meta property=\"og:url\" content=\"https:\/\/horticom.ee\/e-pood\/toode\/katteloor-210-x-100m-19g\/\" \/>\n<meta property=\"og:site_name\" content=\"Horticom.ee\" \/>\n<meta property=\"article:publisher\" content=\"https:\/\/www.facebook.com\/horticom.ee\/e-pood\" \/>\n<meta property=\"article:modified_time\" content=\"2026-04-20T00:08:57+00:00\" \/>\n<meta property=\"og:image\" content=\"https:\/\/horticom.ee\/e-pood\/wp-content\/uploads\/importedmedia\/product-58331_0-86AL16.jpg\" \/>\n\t<meta property=\"og:image:width\" content=\"999\" \/>\n\t<meta property=\"og:image:height\" content=\"667\" \/>\n\t<meta property=\"og:image:type\" content=\"image\/jpeg\" \/>\n<meta name=\"twitter:card\" content=\"summary_large_image\" \/>\n<script type=\"application\/ld+json\" class=\"yoast-schema-graph\">{\"@context\":\"https:\/\/schema.org\",\"@graph\":[{\"@type\":\"WebPage\",\"@id\":\"https:\/\/horticom.ee\/e-pood\/toode\/katteloor-210-x-100m-19g\/\",\"url\":\"https:\/\/horticom.ee\/e-pood\/toode\/katteloor-210-x-100m-19g\/\",\"name\":\"Katteloor 2,10 x 100m 19g - Horticom.ee\/e-pood\",\"isPartOf\":{\"@id\":\"https:\/\/horticom.ee\/e-pood\/#website\"},\"primaryImageOfPage\":{\"@id\":\"https:\/\/horticom.ee\/e-pood\/toode\/katteloor-210-x-100m-19g\/#primaryimage\"},\"image\":{\"@id\":\"https:\/\/horticom.ee\/e-pood\/toode\/katteloor-210-x-100m-19g\/#primaryimage\"},\"thumbnailUrl\":\"https:\/\/horticom.ee\/e-pood\/wp-content\/uploads\/importedmedia\/product-58331_0-86AL16.jpg\",\"datePublished\":\"2018-08-30T09:57:15+00:00\",\"dateModified\":\"2026-04-20T00:08:57+00:00\",\"description\":\"Aianduses kasutatav kerge ja UV-kindel kangas, mille abil saavutatakse ideaalsed tingimused taimede kasvuks. Katteloori tihedus on 19 g\/m\u00b2.\",\"breadcrumb\":{\"@id\":\"https:\/\/horticom.ee\/e-pood\/toode\/katteloor-210-x-100m-19g\/#breadcrumb\"},\"inLanguage\":\"et\",\"potentialAction\":[{\"@type\":\"ReadAction\",\"target\":[\"https:\/\/horticom.ee\/e-pood\/toode\/katteloor-210-x-100m-19g\/\"]}]},{\"@type\":\"ImageObject\",\"inLanguage\":\"et\",\"@id\":\"https:\/\/horticom.ee\/e-pood\/toode\/katteloor-210-x-100m-19g\/#primaryimage\",\"url\":\"https:\/\/horticom.ee\/e-pood\/wp-content\/uploads\/importedmedia\/product-58331_0-86AL16.jpg\",\"contentUrl\":\"https:\/\/horticom.ee\/e-pood\/wp-content\/uploads\/importedmedia\/product-58331_0-86AL16.jpg\",\"width\":999,\"height\":667,\"caption\":\"Katteloor 2,10 x 100m 19g\"},{\"@type\":\"BreadcrumbList\",\"@id\":\"https:\/\/horticom.ee\/e-pood\/toode\/katteloor-210-x-100m-19g\/#breadcrumb\",\"itemListElement\":[{\"@type\":\"ListItem\",\"position\":1,\"name\":\"Home\",\"item\":\"https:\/\/horticom.ee\/e-pood\/\"},{\"@type\":\"ListItem\",\"position\":2,\"name\":\"Pood\",\"item\":\"https:\/\/horticom.ee\/e-pood\/pood\/\"},{\"@type\":\"ListItem\",\"position\":3,\"name\":\"Katteloor 2,10 x 100m 19g\"}]},{\"@type\":\"WebSite\",\"@id\":\"https:\/\/horticom.ee\/e-pood\/#website\",\"url\":\"https:\/\/horticom.ee\/e-pood\/\",\"name\":\"Horticom.ee\",\"description\":\"Aianduskaubad ja kodukaubad nii harrastajatele kui professionaalidele\",\"potentialAction\":[{\"@type\":\"SearchAction\",\"target\":{\"@type\":\"EntryPoint\",\"urlTemplate\":\"https:\/\/horticom.ee\/e-pood\/?s={search_term_string}\"},\"query-input\":{\"@type\":\"PropertyValueSpecification\",\"valueRequired\":true,\"valueName\":\"search_term_string\"}}],\"inLanguage\":\"et\"}]}<\/script>\n<!-- \/ Yoast SEO plugin. -->","yoast_head_json":{"title":"Katteloor 2,10 x 100m 19g - Horticom.ee\/e-pood","description":"Aianduses kasutatav kerge ja UV-kindel kangas, mille abil saavutatakse ideaalsed tingimused taimede kasvuks. Katteloori tihedus on 19 g\/m\u00b2.","robots":{"index":"index","follow":"follow","max-snippet":"max-snippet:-1","max-image-preview":"max-image-preview:large","max-video-preview":"max-video-preview:-1"},"canonical":"https:\/\/horticom.ee\/e-pood\/toode\/katteloor-210-x-100m-19g\/","og_locale":"et_EE","og_type":"article","og_title":"Katteloor 2,10 x 100m 19g - Horticom.ee\/e-pood","og_description":"Aianduses kasutatav kerge ja UV-kindel kangas, mille abil saavutatakse ideaalsed tingimused taimede kasvuks. Katteloori tihedus on 19 g\/m\u00b2.","og_url":"https:\/\/horticom.ee\/e-pood\/toode\/katteloor-210-x-100m-19g\/","og_site_name":"Horticom.ee","article_publisher":"https:\/\/www.facebook.com\/horticom.ee\/e-pood","article_modified_time":"2026-04-20T00:08:57+00:00","og_image":[{"width":999,"height":667,"url":"https:\/\/horticom.ee\/e-pood\/wp-content\/uploads\/importedmedia\/product-58331_0-86AL16.jpg","type":"image\/jpeg"}],"twitter_card":"summary_large_image","schema":{"@context":"https:\/\/schema.org","@graph":[{"@type":"WebPage","@id":"https:\/\/horticom.ee\/e-pood\/toode\/katteloor-210-x-100m-19g\/","url":"https:\/\/horticom.ee\/e-pood\/toode\/katteloor-210-x-100m-19g\/","name":"Katteloor 2,10 x 100m 19g - Horticom.ee\/e-pood","isPartOf":{"@id":"https:\/\/horticom.ee\/e-pood\/#website"},"primaryImageOfPage":{"@id":"https:\/\/horticom.ee\/e-pood\/toode\/katteloor-210-x-100m-19g\/#primaryimage"},"image":{"@id":"https:\/\/horticom.ee\/e-pood\/toode\/katteloor-210-x-100m-19g\/#primaryimage"},"thumbnailUrl":"https:\/\/horticom.ee\/e-pood\/wp-content\/uploads\/importedmedia\/product-58331_0-86AL16.jpg","datePublished":"2018-08-30T09:57:15+00:00","dateModified":"2026-04-20T00:08:57+00:00","description":"Aianduses kasutatav kerge ja UV-kindel kangas, mille abil saavutatakse ideaalsed tingimused taimede kasvuks. Katteloori tihedus on 19 g\/m\u00b2.","breadcrumb":{"@id":"https:\/\/horticom.ee\/e-pood\/toode\/katteloor-210-x-100m-19g\/#breadcrumb"},"inLanguage":"et","potentialAction":[{"@type":"ReadAction","target":["https:\/\/horticom.ee\/e-pood\/toode\/katteloor-210-x-100m-19g\/"]}]},{"@type":"ImageObject","inLanguage":"et","@id":"https:\/\/horticom.ee\/e-pood\/toode\/katteloor-210-x-100m-19g\/#primaryimage","url":"https:\/\/horticom.ee\/e-pood\/wp-content\/uploads\/importedmedia\/product-58331_0-86AL16.jpg","contentUrl":"https:\/\/horticom.ee\/e-pood\/wp-content\/uploads\/importedmedia\/product-58331_0-86AL16.jpg","width":999,"height":667,"caption":"Katteloor 2,10 x 100m 19g"},{"@type":"BreadcrumbList","@id":"https:\/\/horticom.ee\/e-pood\/toode\/katteloor-210-x-100m-19g\/#breadcrumb","itemListElement":[{"@type":"ListItem","position":1,"name":"Home","item":"https:\/\/horticom.ee\/e-pood\/"},{"@type":"ListItem","position":2,"name":"Pood","item":"https:\/\/horticom.ee\/e-pood\/pood\/"},{"@type":"ListItem","position":3,"name":"Katteloor 2,10 x 100m 19g"}]},{"@type":"WebSite","@id":"https:\/\/horticom.ee\/e-pood\/#website","url":"https:\/\/horticom.ee\/e-pood\/","name":"Horticom.ee","description":"Aianduskaubad ja kodukaubad nii harrastajatele kui professionaalidele","potentialAction":[{"@type":"SearchAction","target":{"@type":"EntryPoint","urlTemplate":"https:\/\/horticom.ee\/e-pood\/?s={search_term_string}"},"query-input":{"@type":"PropertyValueSpecification","valueRequired":true,"valueName":"search_term_string"}}],"inLanguage":"et"}]}},"_links":{"self":[{"href":"https:\/\/horticom.ee\/e-pood\/wp-json\/wp\/v2\/product\/58331","targetHints":{"allow":["GET"]}}],"collection":[{"href":"https:\/\/horticom.ee\/e-pood\/wp-json\/wp\/v2\/product"}],"about":[{"href":"https:\/\/horticom.ee\/e-pood\/wp-json\/wp\/v2\/types\/product"}],"replies":[{"embeddable":true,"href":"https:\/\/horticom.ee\/e-pood\/wp-json\/wp\/v2\/comments?post=58331"}],"wp:featuredmedia":[{"embeddable":true,"href":"https:\/\/horticom.ee\/e-pood\/wp-json\/wp\/v2\/media\/67894"}],"wp:attachment":[{"href":"https:\/\/horticom.ee\/e-pood\/wp-json\/wp\/v2\/media?parent=58331"}],"wp:term":[{"taxonomy":"product_cat","embeddable":true,"href":"https:\/\/horticom.ee\/e-pood\/wp-json\/wp\/v2\/product_cat?post=58331"},{"taxonomy":"product_tag","embeddable":true,"href":"https:\/\/horticom.ee\/e-pood\/wp-json\/wp\/v2\/product_tag?post=58331"}],"curies":[{"name":"wp","href":"https:\/\/api.w.org\/{rel}","templated":true}]}}