{"id":82635,"date":"2020-02-05T00:00:33","date_gmt":"2020-02-04T22:00:33","guid":{"rendered":"https:\/\/updated.aednik24.ee\/toode\/dekoratiivkivi-kosele-keskmine-73-x-53cm-lk\/"},"modified":"2026-03-31T03:09:02","modified_gmt":"2026-03-31T00:09:02","slug":"dekoratiivkivi-kosele-keskmine-73-x-53cm-lk","status":"publish","type":"product","link":"https:\/\/horticom.ee\/e-pood\/toode\/dekoratiivkivi-kosele-keskmine-73-x-53cm-lk\/","title":{"rendered":"Dekoratiivkivi kosele 73 x 53cm keskmine"},"content":{"rendered":"<p>Dekoratiivkivi kosele on valmistatud kvaliteetsest plastikust, UV &#8211; kindel. Sobib nii aiatiikide kui ojade kujundamiseks. Vooliku\u00fchendus on eelmonteeritud 3\/4&#8243; l\u00e4bim\u00f5\u00f5du jaoks. Pikkus 73cm, laius 53cm ja k\u00f5rgus 7cm.<\/p>\n","protected":false},"excerpt":{"rendered":"<p>Dekoratiivkivi kosele on valmistatud kvaliteetsest plastikust, UV &#8211; kindel. Sobib nii aiatiikide kui ojade kujundamiseks. Vooliku\u00fchendus on eelmonteeritud 3\/4&#8243; l\u00e4bim\u00f5\u00f5du jaoks. Pikkus 73cm, laius 53cm ja k\u00f5rgus 7cm.<\/p>\n","protected":false},"featured_media":2391693,"comment_status":"open","ping_status":"closed","template":"","meta":{"_themeisle_gutenberg_block_has_review":false},"product_cat":[18563,13358],"product_tag":[],"class_list":{"0":"post-82635","1":"product","2":"type-product","3":"status-publish","4":"has-post-thumbnail","6":"product_cat-lopumuugitooted","7":"product_cat-tiigid","9":"first","10":"outofstock","11":"sale","12":"shipping-taxable","13":"purchasable","14":"product-type-simple"},"yoast_head":"<!-- This site is optimized with the Yoast SEO plugin v24.0 - https:\/\/yoast.com\/wordpress\/plugins\/seo\/ -->\n<title>Dekoratiivkivi kosele keskmine 73 x 53cm-Aednik24.ee<\/title>\n<meta name=\"description\" content=\"Dekoratiivkivi kosele on valmistatud kvaliteetsest plastikust, UV - kindel. Sobib nii aiatiikide kui ojade kujundamiseks. Vooliku\u00fchendus on eelmonteeritud 3\/4&quot; l\u00e4bim\u00f5\u00f5du jaoks. Pikkus 73cm, laius 53cm ja k\u00f5rgus 7cm.\" \/>\n<meta name=\"robots\" content=\"index, follow, max-snippet:-1, max-image-preview:large, max-video-preview:-1\" \/>\n<link rel=\"canonical\" href=\"https:\/\/horticom.ee\/e-pood\/toode\/dekoratiivkivi-kosele-keskmine-73-x-53cm-lk\/\" \/>\n<meta property=\"og:locale\" content=\"et_EE\" \/>\n<meta property=\"og:type\" content=\"article\" \/>\n<meta property=\"og:title\" content=\"Dekoratiivkivi kosele keskmine 73 x 53cm-Aednik24.ee\" \/>\n<meta property=\"og:description\" content=\"Dekoratiivkivi kosele on valmistatud kvaliteetsest plastikust, UV - kindel. Sobib nii aiatiikide kui ojade kujundamiseks. Vooliku\u00fchendus on eelmonteeritud 3\/4&quot; l\u00e4bim\u00f5\u00f5du jaoks. Pikkus 73cm, laius 53cm ja k\u00f5rgus 7cm.\" \/>\n<meta property=\"og:url\" content=\"https:\/\/horticom.ee\/e-pood\/toode\/dekoratiivkivi-kosele-keskmine-73-x-53cm-lk\/\" \/>\n<meta property=\"og:site_name\" content=\"Horticom.ee\" \/>\n<meta property=\"article:publisher\" content=\"https:\/\/www.facebook.com\/horticom.ee\/e-pood\" \/>\n<meta property=\"article:modified_time\" content=\"2026-03-31T00:09:02+00:00\" \/>\n<meta property=\"og:image\" content=\"https:\/\/horticom.ee\/e-pood\/wp-content\/uploads\/2020\/02\/4006873275466.jpg\" \/>\n\t<meta property=\"og:image:width\" content=\"600\" \/>\n\t<meta property=\"og:image:height\" content=\"600\" \/>\n\t<meta property=\"og:image:type\" content=\"image\/jpeg\" \/>\n<meta name=\"twitter:card\" content=\"summary_large_image\" \/>\n<meta name=\"twitter:label1\" content=\"Est. reading time\" \/>\n\t<meta name=\"twitter:data1\" content=\"1 minut\" \/>\n<script type=\"application\/ld+json\" class=\"yoast-schema-graph\">{\"@context\":\"https:\/\/schema.org\",\"@graph\":[{\"@type\":\"WebPage\",\"@id\":\"https:\/\/horticom.ee\/e-pood\/toode\/dekoratiivkivi-kosele-keskmine-73-x-53cm-lk\/\",\"url\":\"https:\/\/horticom.ee\/e-pood\/toode\/dekoratiivkivi-kosele-keskmine-73-x-53cm-lk\/\",\"name\":\"Dekoratiivkivi kosele keskmine 73 x 53cm-Aednik24.ee\",\"isPartOf\":{\"@id\":\"https:\/\/horticom.ee\/e-pood\/#website\"},\"primaryImageOfPage\":{\"@id\":\"https:\/\/horticom.ee\/e-pood\/toode\/dekoratiivkivi-kosele-keskmine-73-x-53cm-lk\/#primaryimage\"},\"image\":{\"@id\":\"https:\/\/horticom.ee\/e-pood\/toode\/dekoratiivkivi-kosele-keskmine-73-x-53cm-lk\/#primaryimage\"},\"thumbnailUrl\":\"https:\/\/horticom.ee\/e-pood\/wp-content\/uploads\/2020\/02\/4006873275466.jpg\",\"datePublished\":\"2020-02-04T22:00:33+00:00\",\"dateModified\":\"2026-03-31T00:09:02+00:00\",\"description\":\"Dekoratiivkivi kosele on valmistatud kvaliteetsest plastikust, UV - kindel. Sobib nii aiatiikide kui ojade kujundamiseks. Vooliku\u00fchendus on eelmonteeritud 3\/4\\\" l\u00e4bim\u00f5\u00f5du jaoks. Pikkus 73cm, laius 53cm ja k\u00f5rgus 7cm.\",\"breadcrumb\":{\"@id\":\"https:\/\/horticom.ee\/e-pood\/toode\/dekoratiivkivi-kosele-keskmine-73-x-53cm-lk\/#breadcrumb\"},\"inLanguage\":\"et\",\"potentialAction\":[{\"@type\":\"ReadAction\",\"target\":[\"https:\/\/horticom.ee\/e-pood\/toode\/dekoratiivkivi-kosele-keskmine-73-x-53cm-lk\/\"]}]},{\"@type\":\"ImageObject\",\"inLanguage\":\"et\",\"@id\":\"https:\/\/horticom.ee\/e-pood\/toode\/dekoratiivkivi-kosele-keskmine-73-x-53cm-lk\/#primaryimage\",\"url\":\"https:\/\/horticom.ee\/e-pood\/wp-content\/uploads\/2020\/02\/4006873275466.jpg\",\"contentUrl\":\"https:\/\/horticom.ee\/e-pood\/wp-content\/uploads\/2020\/02\/4006873275466.jpg\",\"width\":600,\"height\":600},{\"@type\":\"BreadcrumbList\",\"@id\":\"https:\/\/horticom.ee\/e-pood\/toode\/dekoratiivkivi-kosele-keskmine-73-x-53cm-lk\/#breadcrumb\",\"itemListElement\":[{\"@type\":\"ListItem\",\"position\":1,\"name\":\"Home\",\"item\":\"https:\/\/horticom.ee\/e-pood\/\"},{\"@type\":\"ListItem\",\"position\":2,\"name\":\"Pood\",\"item\":\"https:\/\/horticom.ee\/e-pood\/pood\/\"},{\"@type\":\"ListItem\",\"position\":3,\"name\":\"Dekoratiivkivi kosele 73 x 53cm keskmine\"}]},{\"@type\":\"WebSite\",\"@id\":\"https:\/\/horticom.ee\/e-pood\/#website\",\"url\":\"https:\/\/horticom.ee\/e-pood\/\",\"name\":\"Horticom.ee\",\"description\":\"Aianduskaubad ja kodukaubad nii harrastajatele kui professionaalidele\",\"potentialAction\":[{\"@type\":\"SearchAction\",\"target\":{\"@type\":\"EntryPoint\",\"urlTemplate\":\"https:\/\/horticom.ee\/e-pood\/?s={search_term_string}\"},\"query-input\":{\"@type\":\"PropertyValueSpecification\",\"valueRequired\":true,\"valueName\":\"search_term_string\"}}],\"inLanguage\":\"et\"}]}<\/script>\n<!-- \/ Yoast SEO plugin. -->","yoast_head_json":{"title":"Dekoratiivkivi kosele keskmine 73 x 53cm-Aednik24.ee","description":"Dekoratiivkivi kosele on valmistatud kvaliteetsest plastikust, UV - kindel. Sobib nii aiatiikide kui ojade kujundamiseks. Vooliku\u00fchendus on eelmonteeritud 3\/4\" l\u00e4bim\u00f5\u00f5du jaoks. Pikkus 73cm, laius 53cm ja k\u00f5rgus 7cm.","robots":{"index":"index","follow":"follow","max-snippet":"max-snippet:-1","max-image-preview":"max-image-preview:large","max-video-preview":"max-video-preview:-1"},"canonical":"https:\/\/horticom.ee\/e-pood\/toode\/dekoratiivkivi-kosele-keskmine-73-x-53cm-lk\/","og_locale":"et_EE","og_type":"article","og_title":"Dekoratiivkivi kosele keskmine 73 x 53cm-Aednik24.ee","og_description":"Dekoratiivkivi kosele on valmistatud kvaliteetsest plastikust, UV - kindel. Sobib nii aiatiikide kui ojade kujundamiseks. Vooliku\u00fchendus on eelmonteeritud 3\/4\" l\u00e4bim\u00f5\u00f5du jaoks. Pikkus 73cm, laius 53cm ja k\u00f5rgus 7cm.","og_url":"https:\/\/horticom.ee\/e-pood\/toode\/dekoratiivkivi-kosele-keskmine-73-x-53cm-lk\/","og_site_name":"Horticom.ee","article_publisher":"https:\/\/www.facebook.com\/horticom.ee\/e-pood","article_modified_time":"2026-03-31T00:09:02+00:00","og_image":[{"width":600,"height":600,"url":"https:\/\/horticom.ee\/e-pood\/wp-content\/uploads\/2020\/02\/4006873275466.jpg","type":"image\/jpeg"}],"twitter_card":"summary_large_image","twitter_misc":{"Est. reading time":"1 minut"},"schema":{"@context":"https:\/\/schema.org","@graph":[{"@type":"WebPage","@id":"https:\/\/horticom.ee\/e-pood\/toode\/dekoratiivkivi-kosele-keskmine-73-x-53cm-lk\/","url":"https:\/\/horticom.ee\/e-pood\/toode\/dekoratiivkivi-kosele-keskmine-73-x-53cm-lk\/","name":"Dekoratiivkivi kosele keskmine 73 x 53cm-Aednik24.ee","isPartOf":{"@id":"https:\/\/horticom.ee\/e-pood\/#website"},"primaryImageOfPage":{"@id":"https:\/\/horticom.ee\/e-pood\/toode\/dekoratiivkivi-kosele-keskmine-73-x-53cm-lk\/#primaryimage"},"image":{"@id":"https:\/\/horticom.ee\/e-pood\/toode\/dekoratiivkivi-kosele-keskmine-73-x-53cm-lk\/#primaryimage"},"thumbnailUrl":"https:\/\/horticom.ee\/e-pood\/wp-content\/uploads\/2020\/02\/4006873275466.jpg","datePublished":"2020-02-04T22:00:33+00:00","dateModified":"2026-03-31T00:09:02+00:00","description":"Dekoratiivkivi kosele on valmistatud kvaliteetsest plastikust, UV - kindel. Sobib nii aiatiikide kui ojade kujundamiseks. Vooliku\u00fchendus on eelmonteeritud 3\/4\" l\u00e4bim\u00f5\u00f5du jaoks. Pikkus 73cm, laius 53cm ja k\u00f5rgus 7cm.","breadcrumb":{"@id":"https:\/\/horticom.ee\/e-pood\/toode\/dekoratiivkivi-kosele-keskmine-73-x-53cm-lk\/#breadcrumb"},"inLanguage":"et","potentialAction":[{"@type":"ReadAction","target":["https:\/\/horticom.ee\/e-pood\/toode\/dekoratiivkivi-kosele-keskmine-73-x-53cm-lk\/"]}]},{"@type":"ImageObject","inLanguage":"et","@id":"https:\/\/horticom.ee\/e-pood\/toode\/dekoratiivkivi-kosele-keskmine-73-x-53cm-lk\/#primaryimage","url":"https:\/\/horticom.ee\/e-pood\/wp-content\/uploads\/2020\/02\/4006873275466.jpg","contentUrl":"https:\/\/horticom.ee\/e-pood\/wp-content\/uploads\/2020\/02\/4006873275466.jpg","width":600,"height":600},{"@type":"BreadcrumbList","@id":"https:\/\/horticom.ee\/e-pood\/toode\/dekoratiivkivi-kosele-keskmine-73-x-53cm-lk\/#breadcrumb","itemListElement":[{"@type":"ListItem","position":1,"name":"Home","item":"https:\/\/horticom.ee\/e-pood\/"},{"@type":"ListItem","position":2,"name":"Pood","item":"https:\/\/horticom.ee\/e-pood\/pood\/"},{"@type":"ListItem","position":3,"name":"Dekoratiivkivi kosele 73 x 53cm keskmine"}]},{"@type":"WebSite","@id":"https:\/\/horticom.ee\/e-pood\/#website","url":"https:\/\/horticom.ee\/e-pood\/","name":"Horticom.ee","description":"Aianduskaubad ja kodukaubad nii harrastajatele kui professionaalidele","potentialAction":[{"@type":"SearchAction","target":{"@type":"EntryPoint","urlTemplate":"https:\/\/horticom.ee\/e-pood\/?s={search_term_string}"},"query-input":{"@type":"PropertyValueSpecification","valueRequired":true,"valueName":"search_term_string"}}],"inLanguage":"et"}]}},"_links":{"self":[{"href":"https:\/\/horticom.ee\/e-pood\/wp-json\/wp\/v2\/product\/82635","targetHints":{"allow":["GET"]}}],"collection":[{"href":"https:\/\/horticom.ee\/e-pood\/wp-json\/wp\/v2\/product"}],"about":[{"href":"https:\/\/horticom.ee\/e-pood\/wp-json\/wp\/v2\/types\/product"}],"replies":[{"embeddable":true,"href":"https:\/\/horticom.ee\/e-pood\/wp-json\/wp\/v2\/comments?post=82635"}],"wp:featuredmedia":[{"embeddable":true,"href":"https:\/\/horticom.ee\/e-pood\/wp-json\/wp\/v2\/media\/2391693"}],"wp:attachment":[{"href":"https:\/\/horticom.ee\/e-pood\/wp-json\/wp\/v2\/media?parent=82635"}],"wp:term":[{"taxonomy":"product_cat","embeddable":true,"href":"https:\/\/horticom.ee\/e-pood\/wp-json\/wp\/v2\/product_cat?post=82635"},{"taxonomy":"product_tag","embeddable":true,"href":"https:\/\/horticom.ee\/e-pood\/wp-json\/wp\/v2\/product_tag?post=82635"}],"curies":[{"name":"wp","href":"https:\/\/api.w.org\/{rel}","templated":true}]}}