{"id":94611,"date":"2020-05-22T00:00:27","date_gmt":"2020-05-21T21:00:27","guid":{"rendered":"https:\/\/aednik24.ee\/toode\/talveloor-16-x-100m-horticom-50g\/"},"modified":"2026-05-03T03:11:10","modified_gmt":"2026-05-03T00:11:10","slug":"talveloor-16-x-100m-horticom-50g","status":"publish","type":"product","link":"https:\/\/horticom.ee\/e-pood\/toode\/talveloor-16-x-100m-horticom-50g\/","title":{"rendered":"Talveloor 1,6 x 100m Horticom 50g"},"content":{"rendered":"<p>Tugevam ja tihedam kui katteloor ning kaitseb k\u00fclma eest paremini. Laseb h\u00e4sti l\u00e4bi valgust, \u00f5hku ning pinnale langenud vett. Kuna loorile ei teki seisvat vett, siis see ei j\u00e4\u00e4tu ning taimed ei j\u00e4\u00e4 \u00f5hupuudusesse. Loor kaitseb k\u00fclma tuule eest. Sobib k\u00fclmakartlike p\u00f5\u00f5saste ja ronitaimede kaitsmiseks, ka maasikate katmiseks, kui lund ei ole ja temperatuur langeb alla \u201310\u00b0C. Kevadel on v\u00f5imalik talveloori all hakata varakult kasvatama salatit, maitserohelist, varajast kartulit jms. Tomatitaimed v\u00f5ib juba mai esimesel poolel kasvuhoonesse istutada ja \u00fcmbritseda talvelooriga. Tihedus 50 g\/m\u00b2.<\/p>\n","protected":false},"excerpt":{"rendered":"<p>Tugevam ja tihedam kui katteloor ning kaitseb k\u00fclma eest paremini. Laseb h\u00e4sti l\u00e4bi valgust, \u00f5hku ning pinnale langenud vett. Kuna loorile ei teki seisvat vett, siis see ei j\u00e4\u00e4tu ning taimed ei j\u00e4\u00e4 \u00f5hupuudusesse. Loor kaitseb k\u00fclma tuule eest. Sobib k\u00fclmakartlike p\u00f5\u00f5saste ja ronitaimede kaitsmiseks, ka maasikate katmiseks, kui lund ei ole ja temperatuur langeb [&hellip;]<\/p>\n","protected":false},"featured_media":391386,"comment_status":"open","ping_status":"closed","template":"","meta":{"_themeisle_gutenberg_block_has_review":false},"product_cat":[13381,13639],"product_tag":[],"class_list":{"0":"post-94611","1":"product","2":"type-product","3":"status-publish","4":"has-post-thumbnail","6":"product_cat-talvekangad","7":"product_cat-talvekangad-tootjale","9":"first","10":"instock","11":"shipping-taxable","12":"purchasable","13":"product-type-simple"},"yoast_head":"<!-- This site is optimized with the Yoast SEO plugin v24.0 - https:\/\/yoast.com\/wordpress\/plugins\/seo\/ -->\n<title>Talveloor 1,6 x 100m Horticom 50g - Horticom.ee\/e-pood<\/title>\n<meta name=\"description\" content=\"Talveloor kaitseb k\u00fclmakartlikke taimi. L\u00e4bib valgust ja \u00f5hku, hoiab taimi k\u00fclma tuule ja j\u00e4\u00e4tumise eest. Tihedam kui katteloor.\" \/>\n<meta name=\"robots\" content=\"index, follow, max-snippet:-1, max-image-preview:large, max-video-preview:-1\" \/>\n<link rel=\"canonical\" href=\"https:\/\/horticom.ee\/e-pood\/toode\/talveloor-16-x-100m-horticom-50g\/\" \/>\n<meta property=\"og:locale\" content=\"et_EE\" \/>\n<meta property=\"og:type\" content=\"article\" \/>\n<meta property=\"og:title\" content=\"Talveloor 1,6 x 100m Horticom 50g - Horticom.ee\/e-pood\" \/>\n<meta property=\"og:description\" content=\"Talveloor kaitseb k\u00fclmakartlikke taimi. L\u00e4bib valgust ja \u00f5hku, hoiab taimi k\u00fclma tuule ja j\u00e4\u00e4tumise eest. Tihedam kui katteloor.\" \/>\n<meta property=\"og:url\" content=\"https:\/\/horticom.ee\/e-pood\/toode\/talveloor-16-x-100m-horticom-50g\/\" \/>\n<meta property=\"og:site_name\" content=\"Horticom.ee\" \/>\n<meta property=\"article:publisher\" content=\"https:\/\/www.facebook.com\/horticom.ee\/e-pood\" \/>\n<meta property=\"article:modified_time\" content=\"2026-05-03T00:11:10+00:00\" \/>\n<meta property=\"og:image\" content=\"https:\/\/horticom.ee\/e-pood\/wp-content\/uploads\/importedmedia\/product-94611_0-86AL91.jpg\" \/>\n\t<meta property=\"og:image:width\" content=\"999\" \/>\n\t<meta property=\"og:image:height\" content=\"666\" \/>\n\t<meta property=\"og:image:type\" content=\"image\/jpeg\" \/>\n<meta name=\"twitter:card\" content=\"summary_large_image\" \/>\n<script type=\"application\/ld+json\" class=\"yoast-schema-graph\">{\"@context\":\"https:\/\/schema.org\",\"@graph\":[{\"@type\":\"WebPage\",\"@id\":\"https:\/\/horticom.ee\/e-pood\/toode\/talveloor-16-x-100m-horticom-50g\/\",\"url\":\"https:\/\/horticom.ee\/e-pood\/toode\/talveloor-16-x-100m-horticom-50g\/\",\"name\":\"Talveloor 1,6 x 100m Horticom 50g - Horticom.ee\/e-pood\",\"isPartOf\":{\"@id\":\"https:\/\/horticom.ee\/e-pood\/#website\"},\"primaryImageOfPage\":{\"@id\":\"https:\/\/horticom.ee\/e-pood\/toode\/talveloor-16-x-100m-horticom-50g\/#primaryimage\"},\"image\":{\"@id\":\"https:\/\/horticom.ee\/e-pood\/toode\/talveloor-16-x-100m-horticom-50g\/#primaryimage\"},\"thumbnailUrl\":\"https:\/\/horticom.ee\/e-pood\/wp-content\/uploads\/importedmedia\/product-94611_0-86AL91.jpg\",\"datePublished\":\"2020-05-21T21:00:27+00:00\",\"dateModified\":\"2026-05-03T00:11:10+00:00\",\"description\":\"Talveloor kaitseb k\u00fclmakartlikke taimi. L\u00e4bib valgust ja \u00f5hku, hoiab taimi k\u00fclma tuule ja j\u00e4\u00e4tumise eest. Tihedam kui katteloor.\",\"breadcrumb\":{\"@id\":\"https:\/\/horticom.ee\/e-pood\/toode\/talveloor-16-x-100m-horticom-50g\/#breadcrumb\"},\"inLanguage\":\"et\",\"potentialAction\":[{\"@type\":\"ReadAction\",\"target\":[\"https:\/\/horticom.ee\/e-pood\/toode\/talveloor-16-x-100m-horticom-50g\/\"]}]},{\"@type\":\"ImageObject\",\"inLanguage\":\"et\",\"@id\":\"https:\/\/horticom.ee\/e-pood\/toode\/talveloor-16-x-100m-horticom-50g\/#primaryimage\",\"url\":\"https:\/\/horticom.ee\/e-pood\/wp-content\/uploads\/importedmedia\/product-94611_0-86AL91.jpg\",\"contentUrl\":\"https:\/\/horticom.ee\/e-pood\/wp-content\/uploads\/importedmedia\/product-94611_0-86AL91.jpg\",\"width\":999,\"height\":666,\"caption\":\"Talveloor 1,6 x 100m Horticom 50g\"},{\"@type\":\"BreadcrumbList\",\"@id\":\"https:\/\/horticom.ee\/e-pood\/toode\/talveloor-16-x-100m-horticom-50g\/#breadcrumb\",\"itemListElement\":[{\"@type\":\"ListItem\",\"position\":1,\"name\":\"Home\",\"item\":\"https:\/\/horticom.ee\/e-pood\/\"},{\"@type\":\"ListItem\",\"position\":2,\"name\":\"Pood\",\"item\":\"https:\/\/horticom.ee\/e-pood\/pood\/\"},{\"@type\":\"ListItem\",\"position\":3,\"name\":\"Talveloor 1,6 x 100m Horticom 50g\"}]},{\"@type\":\"WebSite\",\"@id\":\"https:\/\/horticom.ee\/e-pood\/#website\",\"url\":\"https:\/\/horticom.ee\/e-pood\/\",\"name\":\"Horticom.ee\",\"description\":\"Aianduskaubad ja kodukaubad nii harrastajatele kui professionaalidele\",\"potentialAction\":[{\"@type\":\"SearchAction\",\"target\":{\"@type\":\"EntryPoint\",\"urlTemplate\":\"https:\/\/horticom.ee\/e-pood\/?s={search_term_string}\"},\"query-input\":{\"@type\":\"PropertyValueSpecification\",\"valueRequired\":true,\"valueName\":\"search_term_string\"}}],\"inLanguage\":\"et\"}]}<\/script>\n<!-- \/ Yoast SEO plugin. -->","yoast_head_json":{"title":"Talveloor 1,6 x 100m Horticom 50g - Horticom.ee\/e-pood","description":"Talveloor kaitseb k\u00fclmakartlikke taimi. L\u00e4bib valgust ja \u00f5hku, hoiab taimi k\u00fclma tuule ja j\u00e4\u00e4tumise eest. Tihedam kui katteloor.","robots":{"index":"index","follow":"follow","max-snippet":"max-snippet:-1","max-image-preview":"max-image-preview:large","max-video-preview":"max-video-preview:-1"},"canonical":"https:\/\/horticom.ee\/e-pood\/toode\/talveloor-16-x-100m-horticom-50g\/","og_locale":"et_EE","og_type":"article","og_title":"Talveloor 1,6 x 100m Horticom 50g - Horticom.ee\/e-pood","og_description":"Talveloor kaitseb k\u00fclmakartlikke taimi. L\u00e4bib valgust ja \u00f5hku, hoiab taimi k\u00fclma tuule ja j\u00e4\u00e4tumise eest. Tihedam kui katteloor.","og_url":"https:\/\/horticom.ee\/e-pood\/toode\/talveloor-16-x-100m-horticom-50g\/","og_site_name":"Horticom.ee","article_publisher":"https:\/\/www.facebook.com\/horticom.ee\/e-pood","article_modified_time":"2026-05-03T00:11:10+00:00","og_image":[{"width":999,"height":666,"url":"https:\/\/horticom.ee\/e-pood\/wp-content\/uploads\/importedmedia\/product-94611_0-86AL91.jpg","type":"image\/jpeg"}],"twitter_card":"summary_large_image","schema":{"@context":"https:\/\/schema.org","@graph":[{"@type":"WebPage","@id":"https:\/\/horticom.ee\/e-pood\/toode\/talveloor-16-x-100m-horticom-50g\/","url":"https:\/\/horticom.ee\/e-pood\/toode\/talveloor-16-x-100m-horticom-50g\/","name":"Talveloor 1,6 x 100m Horticom 50g - Horticom.ee\/e-pood","isPartOf":{"@id":"https:\/\/horticom.ee\/e-pood\/#website"},"primaryImageOfPage":{"@id":"https:\/\/horticom.ee\/e-pood\/toode\/talveloor-16-x-100m-horticom-50g\/#primaryimage"},"image":{"@id":"https:\/\/horticom.ee\/e-pood\/toode\/talveloor-16-x-100m-horticom-50g\/#primaryimage"},"thumbnailUrl":"https:\/\/horticom.ee\/e-pood\/wp-content\/uploads\/importedmedia\/product-94611_0-86AL91.jpg","datePublished":"2020-05-21T21:00:27+00:00","dateModified":"2026-05-03T00:11:10+00:00","description":"Talveloor kaitseb k\u00fclmakartlikke taimi. L\u00e4bib valgust ja \u00f5hku, hoiab taimi k\u00fclma tuule ja j\u00e4\u00e4tumise eest. Tihedam kui katteloor.","breadcrumb":{"@id":"https:\/\/horticom.ee\/e-pood\/toode\/talveloor-16-x-100m-horticom-50g\/#breadcrumb"},"inLanguage":"et","potentialAction":[{"@type":"ReadAction","target":["https:\/\/horticom.ee\/e-pood\/toode\/talveloor-16-x-100m-horticom-50g\/"]}]},{"@type":"ImageObject","inLanguage":"et","@id":"https:\/\/horticom.ee\/e-pood\/toode\/talveloor-16-x-100m-horticom-50g\/#primaryimage","url":"https:\/\/horticom.ee\/e-pood\/wp-content\/uploads\/importedmedia\/product-94611_0-86AL91.jpg","contentUrl":"https:\/\/horticom.ee\/e-pood\/wp-content\/uploads\/importedmedia\/product-94611_0-86AL91.jpg","width":999,"height":666,"caption":"Talveloor 1,6 x 100m Horticom 50g"},{"@type":"BreadcrumbList","@id":"https:\/\/horticom.ee\/e-pood\/toode\/talveloor-16-x-100m-horticom-50g\/#breadcrumb","itemListElement":[{"@type":"ListItem","position":1,"name":"Home","item":"https:\/\/horticom.ee\/e-pood\/"},{"@type":"ListItem","position":2,"name":"Pood","item":"https:\/\/horticom.ee\/e-pood\/pood\/"},{"@type":"ListItem","position":3,"name":"Talveloor 1,6 x 100m Horticom 50g"}]},{"@type":"WebSite","@id":"https:\/\/horticom.ee\/e-pood\/#website","url":"https:\/\/horticom.ee\/e-pood\/","name":"Horticom.ee","description":"Aianduskaubad ja kodukaubad nii harrastajatele kui professionaalidele","potentialAction":[{"@type":"SearchAction","target":{"@type":"EntryPoint","urlTemplate":"https:\/\/horticom.ee\/e-pood\/?s={search_term_string}"},"query-input":{"@type":"PropertyValueSpecification","valueRequired":true,"valueName":"search_term_string"}}],"inLanguage":"et"}]}},"_links":{"self":[{"href":"https:\/\/horticom.ee\/e-pood\/wp-json\/wp\/v2\/product\/94611","targetHints":{"allow":["GET"]}}],"collection":[{"href":"https:\/\/horticom.ee\/e-pood\/wp-json\/wp\/v2\/product"}],"about":[{"href":"https:\/\/horticom.ee\/e-pood\/wp-json\/wp\/v2\/types\/product"}],"replies":[{"embeddable":true,"href":"https:\/\/horticom.ee\/e-pood\/wp-json\/wp\/v2\/comments?post=94611"}],"wp:featuredmedia":[{"embeddable":true,"href":"https:\/\/horticom.ee\/e-pood\/wp-json\/wp\/v2\/media\/391386"}],"wp:attachment":[{"href":"https:\/\/horticom.ee\/e-pood\/wp-json\/wp\/v2\/media?parent=94611"}],"wp:term":[{"taxonomy":"product_cat","embeddable":true,"href":"https:\/\/horticom.ee\/e-pood\/wp-json\/wp\/v2\/product_cat?post=94611"},{"taxonomy":"product_tag","embeddable":true,"href":"https:\/\/horticom.ee\/e-pood\/wp-json\/wp\/v2\/product_tag?post=94611"}],"curies":[{"name":"wp","href":"https:\/\/api.w.org\/{rel}","templated":true}]}}