{"id":99414,"date":"2020-09-15T00:00:25","date_gmt":"2020-09-14T21:00:25","guid":{"rendered":"https:\/\/aednik24.ee\/toode\/tekstiilmults-32-x-100m-50g\/"},"modified":"2026-04-19T03:11:38","modified_gmt":"2026-04-19T00:11:38","slug":"tekstiilmults-32-x-100m-50g","status":"publish","type":"product","link":"https:\/\/horticom.ee\/e-pood\/toode\/tekstiilmults-32-x-100m-50g\/","title":{"rendered":"Tekstiilmult\u0161 3,2 x 100m 50g\/m2"},"content":{"rendered":"<p>UV-kindel, vett ja \u00f5hku l\u00e4bilaskev, kerge pinnakattekangas, mida sobib kasutada k\u00f6\u00f6givilja- ja maasikapeenardes, istutusalades ning teistes sobivates kohtades.<\/p>\n","protected":false},"excerpt":{"rendered":"<p>UV-kindel, vett ja \u00f5hku l\u00e4bilaskev, kerge pinnakattekangas, mida sobib kasutada k\u00f6\u00f6givilja- ja maasikapeenardes, istutusalades ning teistes sobivates kohtades.<\/p>\n","protected":false},"featured_media":2377220,"comment_status":"open","ping_status":"closed","template":"","meta":{"_themeisle_gutenberg_block_has_review":false},"product_cat":[13382,13641],"product_tag":[],"class_list":{"0":"post-99414","1":"product","2":"type-product","3":"status-publish","4":"has-post-thumbnail","6":"product_cat-multskangad","7":"product_cat-multskangad-tootjale","9":"first","10":"instock","11":"shipping-taxable","12":"purchasable","13":"product-type-simple"},"yoast_head":"<!-- This site is optimized with the Yoast SEO plugin v24.0 - https:\/\/yoast.com\/wordpress\/plugins\/seo\/ -->\n<title>S\u00fcgisv\u00e4etis murule Greenmaster ProLite Autumn Mg 6-5-11 +3MgO 25kg-Aednik24.ee<\/title>\n<meta name=\"description\" content=\"S\u00fcgisv\u00e4etis murule Greenmaster ProLite Autumn on kvaliteetse koostisega ning kontrollitud toitainete vabanemisega v\u00e4etis, mille madal l\u00e4mmastiku- ja k\u00f5rge kaaliumisisaldus soodustavad murukamara teket. Mikrograanulite koostis\" \/>\n<meta name=\"robots\" content=\"index, follow, max-snippet:-1, max-image-preview:large, max-video-preview:-1\" \/>\n<link rel=\"canonical\" href=\"https:\/\/horticom.ee\/e-pood\/toode\/tekstiilmults-32-x-100m-50g\/\" \/>\n<meta property=\"og:locale\" content=\"et_EE\" \/>\n<meta property=\"og:type\" content=\"article\" \/>\n<meta property=\"og:title\" content=\"S\u00fcgisv\u00e4etis murule Greenmaster ProLite Autumn Mg 6-5-11 +3MgO 25kg-Aednik24.ee\" \/>\n<meta property=\"og:description\" content=\"S\u00fcgisv\u00e4etis murule Greenmaster ProLite Autumn on kvaliteetse koostisega ning kontrollitud toitainete vabanemisega v\u00e4etis, mille madal l\u00e4mmastiku- ja k\u00f5rge kaaliumisisaldus soodustavad murukamara teket. Mikrograanulite koostis\" \/>\n<meta property=\"og:url\" content=\"https:\/\/horticom.ee\/e-pood\/toode\/tekstiilmults-32-x-100m-50g\/\" \/>\n<meta property=\"og:site_name\" content=\"Horticom.ee\" \/>\n<meta property=\"article:publisher\" content=\"https:\/\/www.facebook.com\/horticom.ee\/e-pood\" \/>\n<meta property=\"article:modified_time\" content=\"2026-04-19T00:11:38+00:00\" \/>\n<meta property=\"og:image\" content=\"https:\/\/horticom.ee\/e-pood\/wp-content\/uploads\/importedmedia\/product-99414_0-271055.jpg\" \/>\n\t<meta property=\"og:image:width\" content=\"999\" \/>\n\t<meta property=\"og:image:height\" content=\"667\" \/>\n\t<meta property=\"og:image:type\" content=\"image\/jpeg\" \/>\n<meta name=\"twitter:card\" content=\"summary_large_image\" \/>\n<script type=\"application\/ld+json\" class=\"yoast-schema-graph\">{\"@context\":\"https:\/\/schema.org\",\"@graph\":[{\"@type\":\"WebPage\",\"@id\":\"https:\/\/horticom.ee\/e-pood\/toode\/tekstiilmults-32-x-100m-50g\/\",\"url\":\"https:\/\/horticom.ee\/e-pood\/toode\/tekstiilmults-32-x-100m-50g\/\",\"name\":\"S\u00fcgisv\u00e4etis murule Greenmaster ProLite Autumn Mg 6-5-11 +3MgO 25kg-Aednik24.ee\",\"isPartOf\":{\"@id\":\"https:\/\/horticom.ee\/e-pood\/#website\"},\"primaryImageOfPage\":{\"@id\":\"https:\/\/horticom.ee\/e-pood\/toode\/tekstiilmults-32-x-100m-50g\/#primaryimage\"},\"image\":{\"@id\":\"https:\/\/horticom.ee\/e-pood\/toode\/tekstiilmults-32-x-100m-50g\/#primaryimage\"},\"thumbnailUrl\":\"https:\/\/horticom.ee\/e-pood\/wp-content\/uploads\/importedmedia\/product-99414_0-271055.jpg\",\"datePublished\":\"2020-09-14T21:00:25+00:00\",\"dateModified\":\"2026-04-19T00:11:38+00:00\",\"description\":\"S\u00fcgisv\u00e4etis murule Greenmaster ProLite Autumn on kvaliteetse koostisega ning kontrollitud toitainete vabanemisega v\u00e4etis, mille madal l\u00e4mmastiku- ja k\u00f5rge kaaliumisisaldus soodustavad murukamara teket. Mikrograanulite koostis\",\"breadcrumb\":{\"@id\":\"https:\/\/horticom.ee\/e-pood\/toode\/tekstiilmults-32-x-100m-50g\/#breadcrumb\"},\"inLanguage\":\"et\",\"potentialAction\":[{\"@type\":\"ReadAction\",\"target\":[\"https:\/\/horticom.ee\/e-pood\/toode\/tekstiilmults-32-x-100m-50g\/\"]}]},{\"@type\":\"ImageObject\",\"inLanguage\":\"et\",\"@id\":\"https:\/\/horticom.ee\/e-pood\/toode\/tekstiilmults-32-x-100m-50g\/#primaryimage\",\"url\":\"https:\/\/horticom.ee\/e-pood\/wp-content\/uploads\/importedmedia\/product-99414_0-271055.jpg\",\"contentUrl\":\"https:\/\/horticom.ee\/e-pood\/wp-content\/uploads\/importedmedia\/product-99414_0-271055.jpg\",\"width\":999,\"height\":667},{\"@type\":\"BreadcrumbList\",\"@id\":\"https:\/\/horticom.ee\/e-pood\/toode\/tekstiilmults-32-x-100m-50g\/#breadcrumb\",\"itemListElement\":[{\"@type\":\"ListItem\",\"position\":1,\"name\":\"Home\",\"item\":\"https:\/\/horticom.ee\/e-pood\/\"},{\"@type\":\"ListItem\",\"position\":2,\"name\":\"Pood\",\"item\":\"https:\/\/horticom.ee\/e-pood\/pood\/\"},{\"@type\":\"ListItem\",\"position\":3,\"name\":\"Tekstiilmult\u0161 3,2 x 100m 50g\/m2\"}]},{\"@type\":\"WebSite\",\"@id\":\"https:\/\/horticom.ee\/e-pood\/#website\",\"url\":\"https:\/\/horticom.ee\/e-pood\/\",\"name\":\"Horticom.ee\",\"description\":\"Aianduskaubad ja kodukaubad nii harrastajatele kui professionaalidele\",\"potentialAction\":[{\"@type\":\"SearchAction\",\"target\":{\"@type\":\"EntryPoint\",\"urlTemplate\":\"https:\/\/horticom.ee\/e-pood\/?s={search_term_string}\"},\"query-input\":{\"@type\":\"PropertyValueSpecification\",\"valueRequired\":true,\"valueName\":\"search_term_string\"}}],\"inLanguage\":\"et\"}]}<\/script>\n<!-- \/ Yoast SEO plugin. -->","yoast_head_json":{"title":"S\u00fcgisv\u00e4etis murule Greenmaster ProLite Autumn Mg 6-5-11 +3MgO 25kg-Aednik24.ee","description":"S\u00fcgisv\u00e4etis murule Greenmaster ProLite Autumn on kvaliteetse koostisega ning kontrollitud toitainete vabanemisega v\u00e4etis, mille madal l\u00e4mmastiku- ja k\u00f5rge kaaliumisisaldus soodustavad murukamara teket. Mikrograanulite koostis","robots":{"index":"index","follow":"follow","max-snippet":"max-snippet:-1","max-image-preview":"max-image-preview:large","max-video-preview":"max-video-preview:-1"},"canonical":"https:\/\/horticom.ee\/e-pood\/toode\/tekstiilmults-32-x-100m-50g\/","og_locale":"et_EE","og_type":"article","og_title":"S\u00fcgisv\u00e4etis murule Greenmaster ProLite Autumn Mg 6-5-11 +3MgO 25kg-Aednik24.ee","og_description":"S\u00fcgisv\u00e4etis murule Greenmaster ProLite Autumn on kvaliteetse koostisega ning kontrollitud toitainete vabanemisega v\u00e4etis, mille madal l\u00e4mmastiku- ja k\u00f5rge kaaliumisisaldus soodustavad murukamara teket. Mikrograanulite koostis","og_url":"https:\/\/horticom.ee\/e-pood\/toode\/tekstiilmults-32-x-100m-50g\/","og_site_name":"Horticom.ee","article_publisher":"https:\/\/www.facebook.com\/horticom.ee\/e-pood","article_modified_time":"2026-04-19T00:11:38+00:00","og_image":[{"width":999,"height":667,"url":"https:\/\/horticom.ee\/e-pood\/wp-content\/uploads\/importedmedia\/product-99414_0-271055.jpg","type":"image\/jpeg"}],"twitter_card":"summary_large_image","schema":{"@context":"https:\/\/schema.org","@graph":[{"@type":"WebPage","@id":"https:\/\/horticom.ee\/e-pood\/toode\/tekstiilmults-32-x-100m-50g\/","url":"https:\/\/horticom.ee\/e-pood\/toode\/tekstiilmults-32-x-100m-50g\/","name":"S\u00fcgisv\u00e4etis murule Greenmaster ProLite Autumn Mg 6-5-11 +3MgO 25kg-Aednik24.ee","isPartOf":{"@id":"https:\/\/horticom.ee\/e-pood\/#website"},"primaryImageOfPage":{"@id":"https:\/\/horticom.ee\/e-pood\/toode\/tekstiilmults-32-x-100m-50g\/#primaryimage"},"image":{"@id":"https:\/\/horticom.ee\/e-pood\/toode\/tekstiilmults-32-x-100m-50g\/#primaryimage"},"thumbnailUrl":"https:\/\/horticom.ee\/e-pood\/wp-content\/uploads\/importedmedia\/product-99414_0-271055.jpg","datePublished":"2020-09-14T21:00:25+00:00","dateModified":"2026-04-19T00:11:38+00:00","description":"S\u00fcgisv\u00e4etis murule Greenmaster ProLite Autumn on kvaliteetse koostisega ning kontrollitud toitainete vabanemisega v\u00e4etis, mille madal l\u00e4mmastiku- ja k\u00f5rge kaaliumisisaldus soodustavad murukamara teket. Mikrograanulite koostis","breadcrumb":{"@id":"https:\/\/horticom.ee\/e-pood\/toode\/tekstiilmults-32-x-100m-50g\/#breadcrumb"},"inLanguage":"et","potentialAction":[{"@type":"ReadAction","target":["https:\/\/horticom.ee\/e-pood\/toode\/tekstiilmults-32-x-100m-50g\/"]}]},{"@type":"ImageObject","inLanguage":"et","@id":"https:\/\/horticom.ee\/e-pood\/toode\/tekstiilmults-32-x-100m-50g\/#primaryimage","url":"https:\/\/horticom.ee\/e-pood\/wp-content\/uploads\/importedmedia\/product-99414_0-271055.jpg","contentUrl":"https:\/\/horticom.ee\/e-pood\/wp-content\/uploads\/importedmedia\/product-99414_0-271055.jpg","width":999,"height":667},{"@type":"BreadcrumbList","@id":"https:\/\/horticom.ee\/e-pood\/toode\/tekstiilmults-32-x-100m-50g\/#breadcrumb","itemListElement":[{"@type":"ListItem","position":1,"name":"Home","item":"https:\/\/horticom.ee\/e-pood\/"},{"@type":"ListItem","position":2,"name":"Pood","item":"https:\/\/horticom.ee\/e-pood\/pood\/"},{"@type":"ListItem","position":3,"name":"Tekstiilmult\u0161 3,2 x 100m 50g\/m2"}]},{"@type":"WebSite","@id":"https:\/\/horticom.ee\/e-pood\/#website","url":"https:\/\/horticom.ee\/e-pood\/","name":"Horticom.ee","description":"Aianduskaubad ja kodukaubad nii harrastajatele kui professionaalidele","potentialAction":[{"@type":"SearchAction","target":{"@type":"EntryPoint","urlTemplate":"https:\/\/horticom.ee\/e-pood\/?s={search_term_string}"},"query-input":{"@type":"PropertyValueSpecification","valueRequired":true,"valueName":"search_term_string"}}],"inLanguage":"et"}]}},"_links":{"self":[{"href":"https:\/\/horticom.ee\/e-pood\/wp-json\/wp\/v2\/product\/99414","targetHints":{"allow":["GET"]}}],"collection":[{"href":"https:\/\/horticom.ee\/e-pood\/wp-json\/wp\/v2\/product"}],"about":[{"href":"https:\/\/horticom.ee\/e-pood\/wp-json\/wp\/v2\/types\/product"}],"replies":[{"embeddable":true,"href":"https:\/\/horticom.ee\/e-pood\/wp-json\/wp\/v2\/comments?post=99414"}],"wp:featuredmedia":[{"embeddable":true,"href":"https:\/\/horticom.ee\/e-pood\/wp-json\/wp\/v2\/media\/2377220"}],"wp:attachment":[{"href":"https:\/\/horticom.ee\/e-pood\/wp-json\/wp\/v2\/media?parent=99414"}],"wp:term":[{"taxonomy":"product_cat","embeddable":true,"href":"https:\/\/horticom.ee\/e-pood\/wp-json\/wp\/v2\/product_cat?post=99414"},{"taxonomy":"product_tag","embeddable":true,"href":"https:\/\/horticom.ee\/e-pood\/wp-json\/wp\/v2\/product_tag?post=99414"}],"curies":[{"name":"wp","href":"https:\/\/api.w.org\/{rel}","templated":true}]}}